{"id":727320,"date":"2025-08-27T20:20:18","date_gmt":"2025-08-27T17:20:18","guid":{"rendered":"https:\/\/roveyayinevi.com.tr\/index.php\/urun\/usta-cirak-sohbetleri-yeni-bir-sen\/"},"modified":"2026-04-16T02:35:15","modified_gmt":"2026-04-15T23:35:15","slug":"usta-cirak-sohbetleri-yeni-bir-sen","status":"publish","type":"product","link":"https:\/\/roveyayinevi.com.tr\/index.php\/urun\/usta-cirak-sohbetleri-yeni-bir-sen\/","title":{"rendered":"Usta \u00c7\u0131rak Sohbetleri &#8211; Yeni Bir Sen"},"content":{"rendered":"<p>Hayat senden bir \u015feyleri al\u0131rken, daha g\u00fczeline haz\u0131r olman i\u00e7in yapar bunu. \u0130stediklerin olmay\u0131nca sana yeterli zaman\u0131 ba\u011f\u0131\u015flar ve y\u0131llar \u00f6nce kaybettiklerini y\u0131llar sonra \u015f\u00fck\u00fcr sebebin yapar. T\u00fcm kar\u015f\u0131la\u015fmalar\u0131n bir amaca hizmet etti\u011fini okuyabilirsen, ya\u015fanan hi\u00e7bir \u015feyin tesad\u00fcf olmad\u0131\u011f\u0131n\u0131 a\u00e7\u0131klar. Hayat, sana fark\u0131ndal\u0131klar sunar. D\u00fc\u015f\u00fcnd\u00fc\u011f\u00fcn, inand\u0131\u011f\u0131n ve g\u00fcvenle bekledi\u011fin her \u015feyin ger\u00e7ek olmas\u0131n\u0131 sa\u011flar. D\u00fcr\u00fcstl\u00fc\u011f\u00fcn\u00fc de s\u0131nar. Aldatana aldat\u0131lma korkusunu, \u00e7alana yakalanma huzursuzlu\u011funu, yalan s\u00f6yleyene kimseye inanamama bo\u015flu\u011funu ba\u011f\u0131\u015flar. Ve hayat sana her zaman ba\u015fka kap\u0131lar a\u00e7ar. Bazen bir insan, bir mek\u00e2n hatta hava olay\u0131n\u0131 bile vesile k\u0131lar. <\/p>\n","protected":false},"excerpt":{"rendered":"<p>Hayat senden bir \u015feyleri al\u0131rken, daha g\u00fczeline haz\u0131r olman i\u00e7in yapar bunu. \u0130stediklerin olmay\u0131nca sana yeterli zaman\u0131 ba\u011f\u0131\u015flar ve y\u0131llar \u00f6nce kaybettiklerini y\u0131llar sonra \u015f\u00fck\u00fcr sebebin<span class=\"excerpt-hellip\"> [\u2026]<\/span><\/p>\n","protected":false},"featured_media":0,"template":"","meta":{"_monsterinsights_skip_tracking":false,"_monsterinsights_sitenote_active":false,"_monsterinsights_sitenote_note":"","_monsterinsights_sitenote_category":0},"product_brand":[],"product_cat":[12364,12376],"product_tag":[],"class_list":{"0":"post-727320","1":"product","2":"type-product","3":"status-publish","5":"product_cat-genel-konular","6":"product_cat-kisisel-gelisim","7":"pa_cilt-ciltsiz","8":"pa_tur-kitap","9":"pa_yayinevi-destek-yayinlari","10":"pa_yazar-destek-kolektif","12":"first","13":"instock","14":"sale","15":"shipping-taxable","16":"purchasable","17":"product-type-simple"},"_links":{"self":[{"href":"https:\/\/roveyayinevi.com.tr\/index.php\/wp-json\/wp\/v2\/product\/727320","targetHints":{"allow":["GET"]}}],"collection":[{"href":"https:\/\/roveyayinevi.com.tr\/index.php\/wp-json\/wp\/v2\/product"}],"about":[{"href":"https:\/\/roveyayinevi.com.tr\/index.php\/wp-json\/wp\/v2\/types\/product"}],"wp:attachment":[{"href":"https:\/\/roveyayinevi.com.tr\/index.php\/wp-json\/wp\/v2\/media?parent=727320"}],"wp:term":[{"taxonomy":"product_brand","embeddable":true,"href":"https:\/\/roveyayinevi.com.tr\/index.php\/wp-json\/wp\/v2\/product_brand?post=727320"},{"taxonomy":"product_cat","embeddable":true,"href":"https:\/\/roveyayinevi.com.tr\/index.php\/wp-json\/wp\/v2\/product_cat?post=727320"},{"taxonomy":"product_tag","embeddable":true,"href":"https:\/\/roveyayinevi.com.tr\/index.php\/wp-json\/wp\/v2\/product_tag?post=727320"}],"curies":[{"name":"wp","href":"https:\/\/api.w.org\/{rel}","templated":true}]}}