{"id":727319,"date":"2025-08-27T20:20:17","date_gmt":"2025-08-27T17:20:17","guid":{"rendered":"https:\/\/roveyayinevi.com.tr\/index.php\/urun\/mutsuz-olan-cennete-gidemez\/"},"modified":"2026-04-16T02:35:15","modified_gmt":"2026-04-15T23:35:15","slug":"mutsuz-olan-cennete-gidemez","status":"publish","type":"product","link":"https:\/\/roveyayinevi.com.tr\/index.php\/urun\/mutsuz-olan-cennete-gidemez\/","title":{"rendered":"Mutsuz Olan Cennete Gidemez"},"content":{"rendered":"<p>\u201cCennet, gidilecek bir yer de\u011fil, edinilebilecek bir bilin\u00e7 durumudur\u201d der Amerikal\u0131 yazar Stephen R. Covey. Cennete gitmek yerine, cenneti edinmeyi tercih etmek, insanl\u0131k a\u00e7\u0131s\u0131ndan daha de\u011ferli bir devrimdir bu y\u00fczden. Cennet bilincinin ne oldu\u011funu bilmek, cennet bilincini edinebilmek i\u00e7in \u00e7ok \u00f6nemli&#8230; Bu kitap, bir yere varmay\u0131 de\u011fil, bir hale sahip olmay\u0131 nas\u0131l ba\u015farabilece\u011fimizin yol haritas\u0131&#8230; Hatta bir hipnoz&#8230; Kitap boyunca ritmik tekrarlar \u00fczerine kurulu anlat\u0131m bi\u00e7imi, okura cennet bilincini edinmesi yolunda zihinsel bir destek de sa\u011fl\u0131yor. \u0130yi-k\u00f6t\u00fc, dost-d\u00fc\u015fman, kurban-fail, su\u00e7lu-su\u00e7suz ikileminden ar\u0131nmayan bir zihnin cennet bilincini edinmesi imk\u00e2ns\u0131z&#8230; Kuvvetli bir yarg\u0131lama becerisine sahip zihinlerin cenneti in\u015fa edebilmesinin tek yolu, d\u00fc\u015f\u00fcnce sisteminde k\u00f6kl\u00fc bir devrim yapabilmektir&#8230; Nas\u0131l m\u0131? Zaza Yurtsever\u2019in kaleme ald\u0131\u011f\u0131 MUTSUZ OLAN CENNETE G\u0130DEMEZ tam da bu sorunun cevab\u0131n\u0131 veriyor. Hipnotik etkili bu yol haritas\u0131, cennete kavu\u015fmay\u0131 dileyenler i\u00e7in de\u011fil, kendi cennetini in\u015fa etmeye haz\u0131r olanlar i\u00e7in kaleme al\u0131nd\u0131. <\/p>\n","protected":false},"excerpt":{"rendered":"<p>\u201cCennet, gidilecek bir yer de\u011fil, edinilebilecek bir bilin\u00e7 durumudur\u201d der Amerikal\u0131 yazar Stephen R. Covey. Cennete gitmek yerine, cenneti edinmeyi tercih etmek, insanl\u0131k a\u00e7\u0131s\u0131ndan daha de\u011ferli<span class=\"excerpt-hellip\"> [\u2026]<\/span><\/p>\n","protected":false},"featured_media":0,"template":"","meta":{"_monsterinsights_skip_tracking":false,"_monsterinsights_sitenote_active":false,"_monsterinsights_sitenote_note":"","_monsterinsights_sitenote_category":0},"product_brand":[],"product_cat":[12291,12711],"product_tag":[],"class_list":{"0":"post-727319","1":"product","2":"type-product","3":"status-publish","5":"product_cat-edebiyat","6":"product_cat-roman-oyku","7":"pa_cilt-ciltsiz","8":"pa_tur-kitap","9":"pa_yayinevi-destek-yayinlari","10":"pa_yazar-zaza-yurtsever","12":"first","13":"instock","14":"sale","15":"shipping-taxable","16":"purchasable","17":"product-type-simple"},"_links":{"self":[{"href":"https:\/\/roveyayinevi.com.tr\/index.php\/wp-json\/wp\/v2\/product\/727319","targetHints":{"allow":["GET"]}}],"collection":[{"href":"https:\/\/roveyayinevi.com.tr\/index.php\/wp-json\/wp\/v2\/product"}],"about":[{"href":"https:\/\/roveyayinevi.com.tr\/index.php\/wp-json\/wp\/v2\/types\/product"}],"wp:attachment":[{"href":"https:\/\/roveyayinevi.com.tr\/index.php\/wp-json\/wp\/v2\/media?parent=727319"}],"wp:term":[{"taxonomy":"product_brand","embeddable":true,"href":"https:\/\/roveyayinevi.com.tr\/index.php\/wp-json\/wp\/v2\/product_brand?post=727319"},{"taxonomy":"product_cat","embeddable":true,"href":"https:\/\/roveyayinevi.com.tr\/index.php\/wp-json\/wp\/v2\/product_cat?post=727319"},{"taxonomy":"product_tag","embeddable":true,"href":"https:\/\/roveyayinevi.com.tr\/index.php\/wp-json\/wp\/v2\/product_tag?post=727319"}],"curies":[{"name":"wp","href":"https:\/\/api.w.org\/{rel}","templated":true}]}}