{"id":727318,"date":"2025-08-27T20:20:17","date_gmt":"2025-08-27T17:20:17","guid":{"rendered":"https:\/\/roveyayinevi.com.tr\/index.php\/urun\/kurana-gore-arastirmalar-iii\/"},"modified":"2026-04-16T02:35:15","modified_gmt":"2026-04-15T23:35:15","slug":"kurana-gore-arastirmalar-iii","status":"publish","type":"product","link":"https:\/\/roveyayinevi.com.tr\/index.php\/urun\/kurana-gore-arastirmalar-iii\/","title":{"rendered":"Kur&#8217;an&#8217;a G\u00f6re Ara\u015ft\u0131rmalar III"},"content":{"rendered":"<p>Zihniyet Kur&#8217;an&#8217;a Hangi Y\u00f6ntemle, Nas\u0131l Yakla\u015f\u0131lmal\u0131? Kur&#8217;an&#8217;da \u0130nsan Problemi Din Mant\u0131\u011f\u0131 Kur&#8217;an&#8217;\u0131n Buyruklar\u0131 Kur&#8217;an&#8217;\u0131n Yasaklar\u0131 M\u00fcsl\u00fcmanlarda Mant\u0131kl\u0131l\u0131k ve Mant\u0131ks\u0131zl\u0131k M\u00fcsl\u00fcmanlar\u0131n Dini Mant\u0131ks\u0131zl\u0131klar\u0131na \u00d6rnekler M\u00fcsl\u00fcman \u015eahsiyet Olu\u015fumu Allah&#8217;a Secde En B\u00fcy\u00fck \u015e\u00fck\u00fcrd\u00fcr \u015eahsiyet Buhran\u0131n\u0131n Nedenleri Uhud Sava\u015f\u0131n\u0131 Kurtaran Zihniyet Y\u00fcksek Din \u00d6\u011fretimi Projesi Din H\u00fcrriyeti <\/p>\n","protected":false},"excerpt":{"rendered":"<p>Zihniyet Kur&#8217;an&#8217;a Hangi Y\u00f6ntemle, Nas\u0131l Yakla\u015f\u0131lmal\u0131? Kur&#8217;an&#8217;da \u0130nsan Problemi Din Mant\u0131\u011f\u0131 Kur&#8217;an&#8217;\u0131n Buyruklar\u0131 Kur&#8217;an&#8217;\u0131n Yasaklar\u0131 M\u00fcsl\u00fcmanlarda Mant\u0131kl\u0131l\u0131k ve Mant\u0131ks\u0131zl\u0131k M\u00fcsl\u00fcmanlar\u0131n Dini Mant\u0131ks\u0131zl\u0131klar\u0131na \u00d6rnekler M\u00fcsl\u00fcman \u015eahsiyet Olu\u015fumu<span class=\"excerpt-hellip\"> [\u2026]<\/span><\/p>\n","protected":false},"featured_media":0,"template":"","meta":{"_monsterinsights_skip_tracking":false,"_monsterinsights_sitenote_active":false,"_monsterinsights_sitenote_note":"","_monsterinsights_sitenote_category":0},"product_brand":[],"product_cat":[13036,12718,12719],"product_tag":[],"class_list":{"0":"post-727318","1":"product","2":"type-product","3":"status-publish","5":"product_cat-arastirma-inceleme-islam","6":"product_cat-din","7":"product_cat-islam","8":"pa_cilt-ciltsiz","9":"pa_tur-kitap","10":"pa_yayinevi-destek-yayinlari","11":"pa_yazar-huseyin-atay","13":"first","14":"instock","15":"sale","16":"shipping-taxable","17":"purchasable","18":"product-type-simple"},"_links":{"self":[{"href":"https:\/\/roveyayinevi.com.tr\/index.php\/wp-json\/wp\/v2\/product\/727318","targetHints":{"allow":["GET"]}}],"collection":[{"href":"https:\/\/roveyayinevi.com.tr\/index.php\/wp-json\/wp\/v2\/product"}],"about":[{"href":"https:\/\/roveyayinevi.com.tr\/index.php\/wp-json\/wp\/v2\/types\/product"}],"wp:attachment":[{"href":"https:\/\/roveyayinevi.com.tr\/index.php\/wp-json\/wp\/v2\/media?parent=727318"}],"wp:term":[{"taxonomy":"product_brand","embeddable":true,"href":"https:\/\/roveyayinevi.com.tr\/index.php\/wp-json\/wp\/v2\/product_brand?post=727318"},{"taxonomy":"product_cat","embeddable":true,"href":"https:\/\/roveyayinevi.com.tr\/index.php\/wp-json\/wp\/v2\/product_cat?post=727318"},{"taxonomy":"product_tag","embeddable":true,"href":"https:\/\/roveyayinevi.com.tr\/index.php\/wp-json\/wp\/v2\/product_tag?post=727318"}],"curies":[{"name":"wp","href":"https:\/\/api.w.org\/{rel}","templated":true}]}}