{"id":727317,"date":"2025-08-27T20:20:16","date_gmt":"2025-08-27T17:20:16","guid":{"rendered":"https:\/\/roveyayinevi.com.tr\/index.php\/urun\/kurana-gore-arastirmalar-ii\/"},"modified":"2026-04-16T02:35:15","modified_gmt":"2026-04-15T23:35:15","slug":"kurana-gore-arastirmalar-ii","status":"publish","type":"product","link":"https:\/\/roveyayinevi.com.tr\/index.php\/urun\/kurana-gore-arastirmalar-ii\/","title":{"rendered":"Kur&#8217;an&#8217;a G\u00f6re Ara\u015ft\u0131rmalar II"},"content":{"rendered":"<p>Kur&#8217;an&#8217;\u0131 Anlaman\u0131n \u0130lkeleri Kur&#8217;an Kur&#8217;an&#8217;\u0131 Anlat\u0131yor Kalk\u0131nmada Temel \u00d6\u011feler Felsefe Din H\u00fcrriyeti Dil ve Din D\u00fc\u015f\u00fcnce H\u00fcrriyeti Din \u00d6\u011fretimi Laik \u00d6\u011fretim \u0130slam-Demokrasi \u0130slam Dininin Kolayl\u0131k \u0130lkesi Hz. Muhammed\u2019in Dinin Kolayl\u0131\u011f\u0131 Hususunda S\u00f6yledi\u011fi S\u00f6zler ve Yapt\u0131\u011f\u0131 \u0130\u015fler \u0130ki Us\u00fbl Kaidesi Kaza Namaz\u0131 F\u0131k\u0131hta Kaza Namaz\u0131 Hacc\u0131n Bir Defa Olu\u015fu Din\u00ee Prensiplerin Durumunu Yeniden De\u011ferlendirme Yolculukta Namaz Cuma Namaz\u0131 Nafile Namaz Dinde Kolayl\u0131\u011f\u0131n Felsefesi <\/p>\n","protected":false},"excerpt":{"rendered":"<p>Kur&#8217;an&#8217;\u0131 Anlaman\u0131n \u0130lkeleri Kur&#8217;an Kur&#8217;an&#8217;\u0131 Anlat\u0131yor Kalk\u0131nmada Temel \u00d6\u011feler Felsefe Din H\u00fcrriyeti Dil ve Din D\u00fc\u015f\u00fcnce H\u00fcrriyeti Din \u00d6\u011fretimi Laik \u00d6\u011fretim \u0130slam-Demokrasi \u0130slam Dininin Kolayl\u0131k \u0130lkesi<span class=\"excerpt-hellip\"> [\u2026]<\/span><\/p>\n","protected":false},"featured_media":0,"template":"","meta":{"_monsterinsights_skip_tracking":false,"_monsterinsights_sitenote_active":false,"_monsterinsights_sitenote_note":"","_monsterinsights_sitenote_category":0},"product_brand":[],"product_cat":[13036,12718,12719],"product_tag":[],"class_list":{"0":"post-727317","1":"product","2":"type-product","3":"status-publish","5":"product_cat-arastirma-inceleme-islam","6":"product_cat-din","7":"product_cat-islam","8":"pa_cilt-ciltsiz","9":"pa_tur-kitap","10":"pa_yayinevi-destek-yayinlari","11":"pa_yazar-huseyin-atay","13":"first","14":"instock","15":"sale","16":"shipping-taxable","17":"purchasable","18":"product-type-simple"},"_links":{"self":[{"href":"https:\/\/roveyayinevi.com.tr\/index.php\/wp-json\/wp\/v2\/product\/727317","targetHints":{"allow":["GET"]}}],"collection":[{"href":"https:\/\/roveyayinevi.com.tr\/index.php\/wp-json\/wp\/v2\/product"}],"about":[{"href":"https:\/\/roveyayinevi.com.tr\/index.php\/wp-json\/wp\/v2\/types\/product"}],"wp:attachment":[{"href":"https:\/\/roveyayinevi.com.tr\/index.php\/wp-json\/wp\/v2\/media?parent=727317"}],"wp:term":[{"taxonomy":"product_brand","embeddable":true,"href":"https:\/\/roveyayinevi.com.tr\/index.php\/wp-json\/wp\/v2\/product_brand?post=727317"},{"taxonomy":"product_cat","embeddable":true,"href":"https:\/\/roveyayinevi.com.tr\/index.php\/wp-json\/wp\/v2\/product_cat?post=727317"},{"taxonomy":"product_tag","embeddable":true,"href":"https:\/\/roveyayinevi.com.tr\/index.php\/wp-json\/wp\/v2\/product_tag?post=727317"}],"curies":[{"name":"wp","href":"https:\/\/api.w.org\/{rel}","templated":true}]}}