{"id":727316,"date":"2025-08-27T20:20:15","date_gmt":"2025-08-27T17:20:15","guid":{"rendered":"https:\/\/roveyayinevi.com.tr\/index.php\/urun\/kurana-gore-arastirmalar-i\/"},"modified":"2026-02-03T02:51:09","modified_gmt":"2026-02-02T23:51:09","slug":"kurana-gore-arastirmalar-i","status":"publish","type":"product","link":"https:\/\/roveyayinevi.com.tr\/index.php\/urun\/kurana-gore-arastirmalar-i\/","title":{"rendered":"Kur&#8217;an&#8217;a G\u00f6re Ara\u015ft\u0131rmalar I"},"content":{"rendered":"<p>Do\u011frudan Kur\u2019an\u2019a Ba\u015fvurdu\u011fumuzda D\u00fczeltilebilecek H\u00fck\u00fcmler Kader Kad\u0131n\u0131n \u015eahitli\u011fi Hay\u0131zl\u0131 Kad\u0131n\u0131n Orucu Abdest Yaln\u0131z Namaz \u0130\u00e7indir Oru\u00e7ta Kefaret Yoktur Kur\u2019an Okumak \u0130\u00e7in Hi\u00e7bir \u015eart Yoktur Dinde Zorlama ve Zorlanmak Yok Mira\u00e7 Olay\u0131 Hz. \u0130sa \u00d6lm\u00fc\u015ft\u00fcr Bilim (\u0130lim) ve Amel (\u0130\u015f) M\u00fcsl\u00fcman Kad\u0131n\u0131n Yahudi veya Hristiyan Erkekle Evlenmesi Teyemm\u00fcm Yerine Abdest Alma Kur\u2019an\u2019da Nesih Yoktur Tehecc\u00fcd Gece Kur\u2019an Okumakt\u0131r Kad\u0131n\u0131n Sesi Haram De\u011fildir Kad\u0131nlar E\u011fe Kemi\u011finden Yarat\u0131lmam\u0131\u015ft\u0131r <\/p>\n","protected":false},"excerpt":{"rendered":"<p>Do\u011frudan Kur\u2019an\u2019a Ba\u015fvurdu\u011fumuzda D\u00fczeltilebilecek H\u00fck\u00fcmler Kader Kad\u0131n\u0131n \u015eahitli\u011fi Hay\u0131zl\u0131 Kad\u0131n\u0131n Orucu Abdest Yaln\u0131z Namaz \u0130\u00e7indir Oru\u00e7ta Kefaret Yoktur Kur\u2019an Okumak \u0130\u00e7in Hi\u00e7bir \u015eart Yoktur Dinde Zorlama<span class=\"excerpt-hellip\"> [\u2026]<\/span><\/p>\n","protected":false},"featured_media":0,"template":"","meta":{"_monsterinsights_skip_tracking":false,"_monsterinsights_sitenote_active":false,"_monsterinsights_sitenote_note":"","_monsterinsights_sitenote_category":0},"product_brand":[],"product_cat":[13036,12718,12719],"product_tag":[],"class_list":{"0":"post-727316","1":"product","2":"type-product","3":"status-publish","5":"product_cat-arastirma-inceleme-islam","6":"product_cat-din","7":"product_cat-islam","8":"pa_cilt-ciltsiz","9":"pa_tur-kitap","10":"pa_yayinevi-destek-yayinlari","11":"pa_yazar-huseyin-atay","13":"first","14":"instock","15":"sale","16":"shipping-taxable","17":"purchasable","18":"product-type-simple"},"_links":{"self":[{"href":"https:\/\/roveyayinevi.com.tr\/index.php\/wp-json\/wp\/v2\/product\/727316","targetHints":{"allow":["GET"]}}],"collection":[{"href":"https:\/\/roveyayinevi.com.tr\/index.php\/wp-json\/wp\/v2\/product"}],"about":[{"href":"https:\/\/roveyayinevi.com.tr\/index.php\/wp-json\/wp\/v2\/types\/product"}],"wp:attachment":[{"href":"https:\/\/roveyayinevi.com.tr\/index.php\/wp-json\/wp\/v2\/media?parent=727316"}],"wp:term":[{"taxonomy":"product_brand","embeddable":true,"href":"https:\/\/roveyayinevi.com.tr\/index.php\/wp-json\/wp\/v2\/product_brand?post=727316"},{"taxonomy":"product_cat","embeddable":true,"href":"https:\/\/roveyayinevi.com.tr\/index.php\/wp-json\/wp\/v2\/product_cat?post=727316"},{"taxonomy":"product_tag","embeddable":true,"href":"https:\/\/roveyayinevi.com.tr\/index.php\/wp-json\/wp\/v2\/product_tag?post=727316"}],"curies":[{"name":"wp","href":"https:\/\/api.w.org\/{rel}","templated":true}]}}