{"id":727315,"date":"2025-08-27T20:20:14","date_gmt":"2025-08-27T17:20:14","guid":{"rendered":"https:\/\/roveyayinevi.com.tr\/index.php\/urun\/kibirli-palmiye\/"},"modified":"2026-04-16T02:35:15","modified_gmt":"2026-04-15T23:35:15","slug":"kibirli-palmiye","status":"publish","type":"product","link":"https:\/\/roveyayinevi.com.tr\/index.php\/urun\/kibirli-palmiye\/","title":{"rendered":"Kibirli Palmiye"},"content":{"rendered":"<p>Herkes biraz k\u00f6t\u00fcd\u00fcr. \u015eeytan hepimizin i\u00e7inde. As\u0131l maharet varl\u0131\u011f\u0131n\u0131 kabul edip onu dizginleyebilmekte\u2026   Bir mezarl\u0131kta yollar\u0131 kesi\u015fen \u00fc\u00e7 ki\u015fi\u2026 Annesine verdi\u011fi helalli\u011fi geri almak i\u00e7in yollara d\u00fc\u015fen Ahu, ge\u00e7mi\u015fin atanamayan \u00f6\u011fretmeni, \u015fimdinin korsan taksicisi Osman ve amcas\u0131ndan ka\u00e7an on iki ya\u015f\u0131nda bir k\u0131z \u00e7ocu\u011fu: K\u00fc\u00e7\u00fck bir \u015feytan\u2026   \u00c7\u0131kt\u0131klar\u0131 tuhaf yolculukta ili\u015fkileri ilmek ilmek \u00f6r\u00fcl\u00fcrken g\u00f6lgeli ge\u00e7mi\u015flerinin d\u00fc\u011f\u00fcmleri de teker teker \u00e7\u00f6z\u00fclmeye ba\u015flar. \u015eimdi kafalar\u0131nda tek bir soru vard\u0131r. \u00dczerlerine iki beden b\u00fcy\u00fck gelen bu karanl\u0131k maceray\u0131 asl\u0131nda hangisi ba\u015flatm\u0131\u015ft\u0131r?   Aybike Ert\u00fcrk, hayat\u0131m\u0131z\u0131 sinsice zehirleyen aile ili\u015fkilerine dokunurken, kaybedenlerin, kaybettik\u00e7e zalimle\u015fenlerin, s\u0131\u011f\u0131nacak bir yer bulamay\u0131p yollara d\u00fc\u015fenlerin, ka\u00e7anlar\u0131n; en \u00e7ok da kendinden ka\u00e7anlar\u0131n d\u00fcnyas\u0131na g\u00f6t\u00fcr\u00fcyor bizleri.   K\u0130B\u0130RL\u0130 PALM\u0130YE, karanl\u0131k yan\u0131m\u0131z\u0131 sar\u0131p sarmalayan, bir \u00f6l\u00e7\u00fc trajedi, bir \u00e7imdik de komediyle harmanlanm\u0131\u015f kara bir yol hik\u00e2yesi   \u201cSahi kimdik biz? D\u0131\u015far\u0131dan bak\u0131ld\u0131\u011f\u0131nda \u00fc\u00e7 kurban, \u00f6z\u00fcm\u00fczde kuyruklar\u0131 birbirine dolanm\u0131\u015f \u00fc\u00e7 \u015feytan.\u201d <\/p>\n","protected":false},"excerpt":{"rendered":"<p>Herkes biraz k\u00f6t\u00fcd\u00fcr. \u015eeytan hepimizin i\u00e7inde. As\u0131l maharet varl\u0131\u011f\u0131n\u0131 kabul edip onu dizginleyebilmekte\u2026 Bir mezarl\u0131kta yollar\u0131 kesi\u015fen \u00fc\u00e7 ki\u015fi\u2026 Annesine verdi\u011fi helalli\u011fi geri almak i\u00e7in yollara<span class=\"excerpt-hellip\"> [\u2026]<\/span><\/p>\n","protected":false},"featured_media":0,"template":"","meta":{"_monsterinsights_skip_tracking":false,"_monsterinsights_sitenote_active":false,"_monsterinsights_sitenote_note":"","_monsterinsights_sitenote_category":0},"product_brand":[],"product_cat":[12291,12711],"product_tag":[],"class_list":{"0":"post-727315","1":"product","2":"type-product","3":"status-publish","5":"product_cat-edebiyat","6":"product_cat-roman-oyku","7":"pa_cilt-ciltsiz","8":"pa_tur-kitap","9":"pa_yayinevi-destek-yayinlari","10":"pa_yazar-aybike-erturk","12":"first","13":"instock","14":"sale","15":"shipping-taxable","16":"purchasable","17":"product-type-simple"},"_links":{"self":[{"href":"https:\/\/roveyayinevi.com.tr\/index.php\/wp-json\/wp\/v2\/product\/727315","targetHints":{"allow":["GET"]}}],"collection":[{"href":"https:\/\/roveyayinevi.com.tr\/index.php\/wp-json\/wp\/v2\/product"}],"about":[{"href":"https:\/\/roveyayinevi.com.tr\/index.php\/wp-json\/wp\/v2\/types\/product"}],"wp:attachment":[{"href":"https:\/\/roveyayinevi.com.tr\/index.php\/wp-json\/wp\/v2\/media?parent=727315"}],"wp:term":[{"taxonomy":"product_brand","embeddable":true,"href":"https:\/\/roveyayinevi.com.tr\/index.php\/wp-json\/wp\/v2\/product_brand?post=727315"},{"taxonomy":"product_cat","embeddable":true,"href":"https:\/\/roveyayinevi.com.tr\/index.php\/wp-json\/wp\/v2\/product_cat?post=727315"},{"taxonomy":"product_tag","embeddable":true,"href":"https:\/\/roveyayinevi.com.tr\/index.php\/wp-json\/wp\/v2\/product_tag?post=727315"}],"curies":[{"name":"wp","href":"https:\/\/api.w.org\/{rel}","templated":true}]}}