{"id":727314,"date":"2025-08-27T20:20:13","date_gmt":"2025-08-27T17:20:13","guid":{"rendered":"https:\/\/roveyayinevi.com.tr\/index.php\/urun\/cit-2\/"},"modified":"2025-11-19T18:25:24","modified_gmt":"2025-11-19T15:25:24","slug":"cit-2","status":"publish","type":"product","link":"https:\/\/roveyayinevi.com.tr\/index.php\/urun\/cit-2\/","title":{"rendered":"\u00c7it"},"content":{"rendered":"<p>\u201c\u015eiddet hem uygulayan\u0131, hem maruz kalan\u0131, hem de \u00fczerinde \u00e7al\u0131\u015fan\u0131 mahvediyor!\u201d diyor ya gazeteci Leyla Pervizat. Do\u011fruymu\u015f! Ben de mahvoldum. Bu kitapta kaleme ald\u0131\u011f\u0131m ger\u00e7ek bir vakay\u0131 romanla\u015ft\u0131rabilmek i\u00e7in y\u0131llarca kendi etimle beslendi\u011fim de do\u011fru maalesef&#8230; \u00c7ok a\u011flad\u0131m, \u00e7\u0131kar yol bulabilmek i\u00e7in \u00e7ok debelendim. \u015eu \u201cnamus\u201d dedikleri \u015fey nas\u0131l bir \u015feymi\u015f ki biri gelip \u00e7ald\u0131\u011f\u0131nda i\u015fin su\u00e7lusu namusu \u00e7alan de\u011fil de, namusu yitiren oluyor? Olay\u0131n kahramanlar\u0131n\u0131 yazabilmek i\u00e7in her birinin ruhuna girmek gerekiyormu\u015f ger\u00e7ekli\u011fi oldu\u011fu haliyle aktarabilmek i\u00e7in&#8230; Yazar\u0131n\u0131n tecav\u00fcze u\u011framas\u0131 gerekiyormu\u015f, \u00fc\u015f\u00fcmesi, yaralanmas\u0131, morga kald\u0131r\u0131lmas\u0131, ka\u00e7mas\u0131, karanl\u0131kta kalmas\u0131 ve katiliyle evlenmesi&#8230; Kitap bitti\u011finde e\u011fer sizin de kalbiniz s\u0131zl\u0131yorsa, i\u00e7inizden bir ses ak\u0131l hastal\u0131klar\u0131n\u0131n cezaland\u0131r\u0131lmas\u0131 konusunda uluslararas\u0131 hukuk kurallar\u0131n\u0131n bile art\u0131k de\u011fi\u015fmesi gerekti\u011fini ba\u011f\u0131r\u0131yorsa Esra ve Zeynep\u2019in hik\u00e2yesini \u00fczerime giyebilmi\u015fim demektir. \u201cAnnelerin kaderini k\u0131zlar\u0131 m\u0131 temize \u00e7eker?\u201d sorusunun cevab\u0131n\u0131 bu hik\u00e2yenin i\u00e7inde bulabilmenizi dilerim. G\u00f6receksiniz ki kimsesizlik insan i\u00e7in bir felaket! Terk edilmi\u015f ve k\u0131ymeti bilinmemi\u015f her \u015feye mutlaka bir le\u015fkargas\u0131 \u00fc\u015f\u00fc\u015f\u00fcyor. <\/p>\n","protected":false},"excerpt":{"rendered":"<p>\u201c\u015eiddet hem uygulayan\u0131, hem maruz kalan\u0131, hem de \u00fczerinde \u00e7al\u0131\u015fan\u0131 mahvediyor!\u201d diyor ya gazeteci Leyla Pervizat. Do\u011fruymu\u015f! Ben de mahvoldum. Bu kitapta kaleme ald\u0131\u011f\u0131m ger\u00e7ek bir<span class=\"excerpt-hellip\"> [\u2026]<\/span><\/p>\n","protected":false},"featured_media":0,"template":"","meta":{"_monsterinsights_skip_tracking":false,"_monsterinsights_sitenote_active":false,"_monsterinsights_sitenote_note":"","_monsterinsights_sitenote_category":0},"product_brand":[],"product_cat":[12291,12711],"product_tag":[],"class_list":{"0":"post-727314","1":"product","2":"type-product","3":"status-publish","5":"product_cat-edebiyat","6":"product_cat-roman-oyku","7":"pa_cilt-ciltsiz","8":"pa_tur-kitap","9":"pa_yayinevi-destek-yayinlari","10":"pa_yazar-aysenur-yazici","12":"first","13":"instock","14":"sale","15":"shipping-taxable","16":"purchasable","17":"product-type-simple"},"_links":{"self":[{"href":"https:\/\/roveyayinevi.com.tr\/index.php\/wp-json\/wp\/v2\/product\/727314","targetHints":{"allow":["GET"]}}],"collection":[{"href":"https:\/\/roveyayinevi.com.tr\/index.php\/wp-json\/wp\/v2\/product"}],"about":[{"href":"https:\/\/roveyayinevi.com.tr\/index.php\/wp-json\/wp\/v2\/types\/product"}],"wp:attachment":[{"href":"https:\/\/roveyayinevi.com.tr\/index.php\/wp-json\/wp\/v2\/media?parent=727314"}],"wp:term":[{"taxonomy":"product_brand","embeddable":true,"href":"https:\/\/roveyayinevi.com.tr\/index.php\/wp-json\/wp\/v2\/product_brand?post=727314"},{"taxonomy":"product_cat","embeddable":true,"href":"https:\/\/roveyayinevi.com.tr\/index.php\/wp-json\/wp\/v2\/product_cat?post=727314"},{"taxonomy":"product_tag","embeddable":true,"href":"https:\/\/roveyayinevi.com.tr\/index.php\/wp-json\/wp\/v2\/product_tag?post=727314"}],"curies":[{"name":"wp","href":"https:\/\/api.w.org\/{rel}","templated":true}]}}