{"id":727308,"date":"2025-08-27T20:20:07","date_gmt":"2025-08-27T17:20:07","guid":{"rendered":"https:\/\/roveyayinevi.com.tr\/index.php\/urun\/kacis-rampasi\/"},"modified":"2026-04-16T02:35:15","modified_gmt":"2026-04-15T23:35:15","slug":"kacis-rampasi","status":"publish","type":"product","link":"https:\/\/roveyayinevi.com.tr\/index.php\/urun\/kacis-rampasi\/","title":{"rendered":"Ka\u00e7\u0131\u015f Rampas\u0131"},"content":{"rendered":"<p>Ba\u015fkalar\u0131n\u0131n foto\u011fraflar\u0131nda kendi \u00f6yk\u00fcs\u00fcn\u00fc arayan ya\u015fl\u0131 adam, y\u0131llarca eliyle tuttu\u011fu bal\u0131klar\u0131n \u00e2h\u0131na u\u011frayan bal\u0131k\u00e7\u0131, ya\u015farken \u00f6l\u00fcm ilan\u0131n\u0131 veren yasl\u0131 baba. Garsonlar, berberler, taksi \u015fof\u00f6rleri, plazalarda ya da derme \u00e7atma batakhanelerde \u00f6m\u00fcr t\u00fcketenler&#8230; Halil Y\u00f6r\u00fcko\u011flu farkl\u0131 d\u00fcnyalardan se\u00e7ti\u011fi karakterleri bir t\u00fcy hafifli\u011finde a\u011f\u0131rl\u0131yor \u00f6yk\u00fclerinde. G\u00fcnl\u00fck ya\u015fam\u0131n g\u00f6r\u00fcnmez parmakl\u0131klar\u0131 aras\u0131na s\u0131k\u0131\u015fm\u0131\u015f olan insan\u0131, sesini hi\u00e7 y\u00fckseltmeden, bir o kadar da incelikli ve dokunakl\u0131 resmediyor. \u00c7\u00fcnk\u00fc yazar\u0131n dedi\u011fi gibi, ecel \u00e7ay\u0131 ak\u0131p giderken zaman ge\u00e7iyor ve k\u00e2inat bo\u015fluk kald\u0131rm\u0131yor.<\/p>\n","protected":false},"excerpt":{"rendered":"<p>Ba\u015fkalar\u0131n\u0131n foto\u011fraflar\u0131nda kendi \u00f6yk\u00fcs\u00fcn\u00fc arayan ya\u015fl\u0131 adam, y\u0131llarca eliyle tuttu\u011fu bal\u0131klar\u0131n \u00e2h\u0131na u\u011frayan bal\u0131k\u00e7\u0131, ya\u015farken \u00f6l\u00fcm ilan\u0131n\u0131 veren yasl\u0131 baba. Garsonlar, berberler, taksi \u015fof\u00f6rleri, plazalarda ya<span class=\"excerpt-hellip\"> [\u2026]<\/span><\/p>\n","protected":false},"featured_media":0,"template":"","meta":{"_monsterinsights_skip_tracking":false,"_monsterinsights_sitenote_active":false,"_monsterinsights_sitenote_note":"","_monsterinsights_sitenote_category":0},"product_brand":[],"product_cat":[12291,12711],"product_tag":[],"class_list":{"0":"post-727308","1":"product","2":"type-product","3":"status-publish","5":"product_cat-edebiyat","6":"product_cat-roman-oyku","7":"pa_cilt-ciltsiz","8":"pa_tur-kitap","9":"pa_yayinevi-sel-yayincilik","10":"pa_yazar-halil-yorukoglu","12":"first","13":"instock","14":"sale","15":"shipping-taxable","16":"purchasable","17":"product-type-simple"},"_links":{"self":[{"href":"https:\/\/roveyayinevi.com.tr\/index.php\/wp-json\/wp\/v2\/product\/727308","targetHints":{"allow":["GET"]}}],"collection":[{"href":"https:\/\/roveyayinevi.com.tr\/index.php\/wp-json\/wp\/v2\/product"}],"about":[{"href":"https:\/\/roveyayinevi.com.tr\/index.php\/wp-json\/wp\/v2\/types\/product"}],"wp:attachment":[{"href":"https:\/\/roveyayinevi.com.tr\/index.php\/wp-json\/wp\/v2\/media?parent=727308"}],"wp:term":[{"taxonomy":"product_brand","embeddable":true,"href":"https:\/\/roveyayinevi.com.tr\/index.php\/wp-json\/wp\/v2\/product_brand?post=727308"},{"taxonomy":"product_cat","embeddable":true,"href":"https:\/\/roveyayinevi.com.tr\/index.php\/wp-json\/wp\/v2\/product_cat?post=727308"},{"taxonomy":"product_tag","embeddable":true,"href":"https:\/\/roveyayinevi.com.tr\/index.php\/wp-json\/wp\/v2\/product_tag?post=727308"}],"curies":[{"name":"wp","href":"https:\/\/api.w.org\/{rel}","templated":true}]}}