{"id":727301,"date":"2025-08-27T20:20:00","date_gmt":"2025-08-27T17:20:00","guid":{"rendered":"https:\/\/roveyayinevi.com.tr\/index.php\/urun\/baronlar-savasi\/"},"modified":"2026-04-16T02:35:15","modified_gmt":"2026-04-15T23:35:15","slug":"baronlar-savasi","status":"publish","type":"product","link":"https:\/\/roveyayinevi.com.tr\/index.php\/urun\/baronlar-savasi\/","title":{"rendered":"Baronlar Sava\u015f\u0131"},"content":{"rendered":"<p>Bu kitap bir roman ya da kurtlar vadisinde ge\u00e7en bir dizi senaryosu de\u011fil. Her sayfas\u0131 resm\u00ee belgelerdeki iddialara dayan\u0131yor ve yeralt\u0131 d\u00fcnyas\u0131n\u0131n ger\u00e7eklerini ortaya koyuyor.\u2018Narcos T\u00fcrkiye\u2019 ile tan\u0131\u015f\u0131n:Uyu*\u015fturucu baronlar\u0131\u2026Devasa malikanelere s\u0131\u011fmayan servetler\u2026Milyarlarca dolarl\u0131k zehir piyasas\u0131\u2026Er*oin dolu gemiler\u2026Profesyonel tetik\u00e7iler\u2026Kanl\u0131 bir sava\u015f\u2026\u0130stanbul\u2019dan Dubai\u2019ye, \u0130ran\u2019dan Kanada\u2019ya uzanan suikastlar zinciri&#8230;Diplomat g\u00f6r\u00fcn\u00fcml\u00fc ajanlar\u2026Kirli polisler\u2026Siyasi ba\u011flant\u0131lar\u2026B\u00fcy\u00fck r\u00fc\u015fvetler\u2026Ve devlet i\u00e7inde derin batakl\u0131k\u2026Ve skandallar\u2026Hi\u00e7 duyulmam\u0131\u015f skandallar\u2026<\/p>\n","protected":false},"excerpt":{"rendered":"<p>Bu kitap bir roman ya da kurtlar vadisinde ge\u00e7en bir dizi senaryosu de\u011fil. Her sayfas\u0131 resm\u00ee belgelerdeki iddialara dayan\u0131yor ve yeralt\u0131 d\u00fcnyas\u0131n\u0131n ger\u00e7eklerini ortaya koyuyor.\u2018Narcos T\u00fcrkiye\u2019<span class=\"excerpt-hellip\"> [\u2026]<\/span><\/p>\n","protected":false},"featured_media":0,"template":"","meta":{"_monsterinsights_skip_tracking":false,"_monsterinsights_sitenote_active":false,"_monsterinsights_sitenote_note":"","_monsterinsights_sitenote_category":0},"product_brand":[],"product_cat":[13590,12337],"product_tag":[],"class_list":{"0":"post-727301","1":"product","2":"type-product","3":"status-publish","5":"product_cat-arastirma-inceleme-politika-siyaset","6":"product_cat-politika-siyaset","7":"pa_cilt-ciltsiz","8":"pa_tur-kitap","9":"pa_yayinevi-kirmizi-kedi-yayinevi","10":"pa_yazar-timur-soykan","12":"first","13":"instock","14":"sale","15":"shipping-taxable","16":"purchasable","17":"product-type-simple"},"_links":{"self":[{"href":"https:\/\/roveyayinevi.com.tr\/index.php\/wp-json\/wp\/v2\/product\/727301","targetHints":{"allow":["GET"]}}],"collection":[{"href":"https:\/\/roveyayinevi.com.tr\/index.php\/wp-json\/wp\/v2\/product"}],"about":[{"href":"https:\/\/roveyayinevi.com.tr\/index.php\/wp-json\/wp\/v2\/types\/product"}],"wp:attachment":[{"href":"https:\/\/roveyayinevi.com.tr\/index.php\/wp-json\/wp\/v2\/media?parent=727301"}],"wp:term":[{"taxonomy":"product_brand","embeddable":true,"href":"https:\/\/roveyayinevi.com.tr\/index.php\/wp-json\/wp\/v2\/product_brand?post=727301"},{"taxonomy":"product_cat","embeddable":true,"href":"https:\/\/roveyayinevi.com.tr\/index.php\/wp-json\/wp\/v2\/product_cat?post=727301"},{"taxonomy":"product_tag","embeddable":true,"href":"https:\/\/roveyayinevi.com.tr\/index.php\/wp-json\/wp\/v2\/product_tag?post=727301"}],"curies":[{"name":"wp","href":"https:\/\/api.w.org\/{rel}","templated":true}]}}