{"id":727297,"date":"2025-08-27T20:19:57","date_gmt":"2025-08-27T17:19:57","guid":{"rendered":"https:\/\/roveyayinevi.com.tr\/index.php\/urun\/buyuk-medeniyet-savasi-orta-dogunun-fethi-ciltli\/"},"modified":"2026-04-16T02:35:15","modified_gmt":"2026-04-15T23:35:15","slug":"buyuk-medeniyet-savasi-orta-dogunun-fethi-ciltli","status":"publish","type":"product","link":"https:\/\/roveyayinevi.com.tr\/index.php\/urun\/buyuk-medeniyet-savasi-orta-dogunun-fethi-ciltli\/","title":{"rendered":"B\u00fcy\u00fck Medeniyet Sava\u015f\u0131: Orta Do\u011fu\u2019nun Fethi (Ciltli)"},"content":{"rendered":"<p>\u0130lk elden gazetecilik ve tarihin, Robert Fisk\u2019in Ortado\u011fu\u2019da ya\u015fanan trajedi ve ihaneti anlatan destans\u0131 hik\u00e2yesinden daha g\u00fc\u00e7l\u00fc bir \u015fekilde birle\u015fti\u011fi ender g\u00f6r\u00fclm\u00fc\u015ft\u00fcr. Onun Irak, Afganistan, Cezayir, \u0130ran, \u0130srail, Filistin ve di\u011fer sava\u015f alanlar\u0131ndaki kan banyosu ve zulme, 11 Eyl\u00fcl 2001 katliam\u0131na ve Saddam H\u00fcseyin\u2019in ac\u0131mas\u0131z rejiminin devrilmesine dair anlatt\u0131\u011f\u0131 hik\u00e2yeler, yeni ve korkutucu anlamlar kazanarak g\u00f6zler \u00f6n\u00fcne seriliyor. Usame Bin Ladin ile \u00fc\u00e7 kez g\u00f6r\u00fc\u015fen Fisk, 1976 y\u0131l\u0131ndan bu yana Ortado\u011fu\u2019daki \u00e7at\u0131\u015fmalar\u0131n \u00f6n cephesinde yer al\u0131yor ve insanlar\u0131n \u00e7ekti\u011fi ac\u0131lar hakk\u0131nda yazd\u0131klar\u0131 bug\u00fcn d\u00fcnyan\u0131n d\u00f6rt bir k\u00f6\u015fesinde okunuyor. Modern sava\u015flar\u0131n deh\u015fetine dair, \u0130kinci D\u00fcnya Sava\u015f\u0131\u2019ndaki muhabirlerin gelene\u011fini takip eden tan\u0131kl\u0131klar\u0131 hem ku\u015fku hem \u00f6fke bar\u0131nd\u0131r\u0131yor. Bu, Ortado\u011fu tarihinin kronolojisi de\u011fil, son bir as\u0131rd\u0131r askerleri \u00f6l\u00fcme g\u00f6nderen ve \u2013M\u00fcsl\u00fcman, H\u0131ristiyan veya Yahudi\u2013 binlerce insan\u0131 \u00f6ld\u00fcren yalanlara ve aldatmalara kar\u015f\u0131 tutkulu bir feryat. Ve Fisk\u2019in 1980\u2019lerde \u0130ran-Irak Sava\u015f\u0131&#8217;n\u0131n \u00f6n cephelerinde ge\u00e7irdi\u011fi g\u00fcnlerden, babas\u0131 Te\u011fmen Bill Fisk\u2019in 1918\u2019de Somme siperlerinde ya\u015fad\u0131\u011f\u0131 tecr\u00fcbelere uzanan son derece ki\u015fisel bir hat\u0131rat. Babas\u0131n\u0131n 1914-18 sava\u015f\u0131nda kazand\u0131\u011f\u0131 madalyan\u0131n arkas\u0131ndaki ifadeyle \u201cB\u00fcy\u00fck Medeniyet Sava\u015f\u0131\u201d, mizah ve merhamet \u00f6\u011felerini de bar\u0131nd\u0131ran bir macera ve trajedi ba\u015fyap\u0131t\u0131. Hayatlar\u0131m\u0131z\u0131 \u2013ve gelece\u011fimizi\u2013 \u015fekillendiren \u015fiddet dolu bir d\u00fcnyan\u0131n hik\u00e2yesi. \u201cBu neslin en m\u00fcthi\u015f gazetecilerinden biri. Sava\u015f muhabiri olarak rakipsiz.\u201d \u2013Financial Times <\/p>\n","protected":false},"excerpt":{"rendered":"<p>\u0130lk elden gazetecilik ve tarihin, Robert Fisk\u2019in Ortado\u011fu\u2019da ya\u015fanan trajedi ve ihaneti anlatan destans\u0131 hik\u00e2yesinden daha g\u00fc\u00e7l\u00fc bir \u015fekilde birle\u015fti\u011fi ender g\u00f6r\u00fclm\u00fc\u015ft\u00fcr. Onun Irak, Afganistan, Cezayir,<span class=\"excerpt-hellip\"> [\u2026]<\/span><\/p>\n","protected":false},"featured_media":0,"template":"","meta":{"_monsterinsights_skip_tracking":false,"_monsterinsights_sitenote_active":false,"_monsterinsights_sitenote_note":"","_monsterinsights_sitenote_category":0},"product_brand":[],"product_cat":[12338,12337],"product_tag":[],"class_list":{"0":"post-727297","1":"product","2":"type-product","3":"status-publish","5":"product_cat-dunya-siyaseti-ve-politikasi","6":"product_cat-politika-siyaset","7":"pa_cilt-ciltli","8":"pa_tur-kitap","9":"pa_yayinevi-ithaki-yayinlari","10":"pa_yazar-robert-fisk","12":"first","13":"instock","14":"sale","15":"shipping-taxable","16":"purchasable","17":"product-type-simple"},"_links":{"self":[{"href":"https:\/\/roveyayinevi.com.tr\/index.php\/wp-json\/wp\/v2\/product\/727297","targetHints":{"allow":["GET"]}}],"collection":[{"href":"https:\/\/roveyayinevi.com.tr\/index.php\/wp-json\/wp\/v2\/product"}],"about":[{"href":"https:\/\/roveyayinevi.com.tr\/index.php\/wp-json\/wp\/v2\/types\/product"}],"wp:attachment":[{"href":"https:\/\/roveyayinevi.com.tr\/index.php\/wp-json\/wp\/v2\/media?parent=727297"}],"wp:term":[{"taxonomy":"product_brand","embeddable":true,"href":"https:\/\/roveyayinevi.com.tr\/index.php\/wp-json\/wp\/v2\/product_brand?post=727297"},{"taxonomy":"product_cat","embeddable":true,"href":"https:\/\/roveyayinevi.com.tr\/index.php\/wp-json\/wp\/v2\/product_cat?post=727297"},{"taxonomy":"product_tag","embeddable":true,"href":"https:\/\/roveyayinevi.com.tr\/index.php\/wp-json\/wp\/v2\/product_tag?post=727297"}],"curies":[{"name":"wp","href":"https:\/\/api.w.org\/{rel}","templated":true}]}}