{"id":727296,"date":"2025-08-27T20:19:56","date_gmt":"2025-08-27T17:19:56","guid":{"rendered":"https:\/\/roveyayinevi.com.tr\/index.php\/urun\/her-sey-kontrol-altinda\/"},"modified":"2026-04-16T02:35:15","modified_gmt":"2026-04-15T23:35:15","slug":"her-sey-kontrol-altinda","status":"publish","type":"product","link":"https:\/\/roveyayinevi.com.tr\/index.php\/urun\/her-sey-kontrol-altinda\/","title":{"rendered":"Her \u015eey Kontrol Alt\u0131nda"},"content":{"rendered":"<p>Her \u015eey Kontrol Alt\u0131nda, kaybedilen sava\u015f\u0131n ard\u0131ndan s\u00f6m\u00fcrgeye d\u00f6n\u00fc\u015fen bir \u00fclkenin, \u201chasta\u201d insanlar\u0131n\u0131n hik\u00e2yesi. \u00dcremenin ve \u00fcretmenin bir zorunlulu\u011fa d\u00f6n\u00fc\u015ft\u00fc\u011f\u00fc korku imparatorlu\u011funda, \u00e7al\u0131\u015fma ve aile kurma bask\u0131s\u0131 alt\u0131nda ezilen bireyler, terapi seanslar\u0131 ve ila\u00e7 tedavisiyle kontrol alt\u0131nda tutulur. Sisteme ba\u015fkald\u0131ranlara tan\u0131nan ya\u015fam hakk\u0131, karantina b\u00f6lgeleriyle s\u0131n\u0131rl\u0131d\u0131r. \u0130ki \u00e7ocuk annesi R\u00fcya, mevcut d\u00fczene ayak uyduramad\u0131\u011f\u0131 i\u00e7in karantina b\u00f6lgesinde ya\u015famaya mahk\u00fbm edilir. Annesiz b\u00fcy\u00fcmek zorunda kalan Deniz ise, sistemde yer edinemeyece\u011fi ve sonunun annesi gibi olaca\u011f\u0131 endi\u015feleriyle bo\u011fu\u015fur. \u0130ktidar taraf\u0131ndan k\u00f6r\u00fcklenen paranoyan\u0131n at\u0131l h\u00e2le getirdi\u011fi bireyler i\u00e7in tek kurtulu\u015f; \u00f6zg\u00fcrl\u00fcklerini, g\u00fcvende hissetmek u\u011fruna feda etmektir. \u201cEski moda bir al\u0131\u015fkanl\u0131kt\u0131 art\u0131k kitap okumak, t\u0131pk\u0131 m\u00fczik dinlemek ya da bir hobiyle u\u011fra\u015fmak gibi. Silinmeye y\u00fcz tutmu\u015f bir nesle ait rit\u00fcellerin belki de en sonuncusu. Yasakland\u0131\u011f\u0131ndan de\u011fil vakit yoklu\u011fundan, ger\u00e7ekle\u015fmesi muhtemel sald\u0131r\u0131lar\u0131n ve sonu gelmeyen bor\u00e7lar\u0131n g\u00f6lgesinde daima tetikte ya\u015famaktan, en \u00e7ok da \u00e7al\u0131\u015fmak d\u0131\u015f\u0131nda herhangi bir eylemden zevk almaktan duyulan su\u00e7luluktan. Yeni d\u00fczenlerinin mimarlar\u0131, kitleleri \u00f6zg\u00fcrle\u015ftirebilecek ya da d\u00fc\u015f\u00fcnmeye sevk edecek faaliyetleri yasaklamak yerine i\u015flevsiz k\u0131lmay\u0131 ba\u015fararak zihinleri, al\u0131\u015fkanl\u0131klar\u0131, d\u00fc\u015f\u00fcnce bi\u00e7imlerini yeniden kurgulam\u0131\u015flard\u0131. M\u00fczik, edebiyat ve sanat zaman kayb\u0131ndan \u00f6teye gitmeyen ve maddi getirisi olmayan u\u011fra\u015flara d\u00f6n\u00fc\u015ft\u00fcr\u00fclerek g\u00fcndem d\u0131\u015f\u0131 b\u0131rak\u0131lm\u0131\u015ft\u0131. T\u00fcketilebilir \u00fcr\u00fcnler kadar bile de\u011feri yoktu sanat eserlerinin. Yaratman\u0131n yerini \u00fcretimin ald\u0131\u011f\u0131 d\u00fczenlerinde, \u00e7al\u0131\u015fmak yeni dindi art\u0131k, antidepresanlar kurtulu\u015fu ayd\u0131nlatan yoldu, kefaretin bedeliydi sava\u015fmak ve yeniden do\u011fmakt\u0131 \u00f6lmek.\u201d  <\/p>\n","protected":false},"excerpt":{"rendered":"<p>Her \u015eey Kontrol Alt\u0131nda, kaybedilen sava\u015f\u0131n ard\u0131ndan s\u00f6m\u00fcrgeye d\u00f6n\u00fc\u015fen bir \u00fclkenin, \u201chasta\u201d insanlar\u0131n\u0131n hik\u00e2yesi. \u00dcremenin ve \u00fcretmenin bir zorunlulu\u011fa d\u00f6n\u00fc\u015ft\u00fc\u011f\u00fc korku imparatorlu\u011funda, \u00e7al\u0131\u015fma ve aile kurma<span class=\"excerpt-hellip\"> [\u2026]<\/span><\/p>\n","protected":false},"featured_media":0,"template":"","meta":{"_monsterinsights_skip_tracking":false,"_monsterinsights_sitenote_active":false,"_monsterinsights_sitenote_note":"","_monsterinsights_sitenote_category":0},"product_brand":[],"product_cat":[12540,12291],"product_tag":[],"class_list":{"0":"post-727296","1":"product","2":"type-product","3":"status-publish","5":"product_cat-bilim-kurgu","6":"product_cat-edebiyat","7":"pa_cilt-ciltsiz","8":"pa_tur-kitap","9":"pa_yayinevi-ithaki-yayinlari","10":"pa_yazar-eda-sahin","12":"first","13":"instock","14":"sale","15":"shipping-taxable","16":"purchasable","17":"product-type-simple"},"_links":{"self":[{"href":"https:\/\/roveyayinevi.com.tr\/index.php\/wp-json\/wp\/v2\/product\/727296","targetHints":{"allow":["GET"]}}],"collection":[{"href":"https:\/\/roveyayinevi.com.tr\/index.php\/wp-json\/wp\/v2\/product"}],"about":[{"href":"https:\/\/roveyayinevi.com.tr\/index.php\/wp-json\/wp\/v2\/types\/product"}],"wp:attachment":[{"href":"https:\/\/roveyayinevi.com.tr\/index.php\/wp-json\/wp\/v2\/media?parent=727296"}],"wp:term":[{"taxonomy":"product_brand","embeddable":true,"href":"https:\/\/roveyayinevi.com.tr\/index.php\/wp-json\/wp\/v2\/product_brand?post=727296"},{"taxonomy":"product_cat","embeddable":true,"href":"https:\/\/roveyayinevi.com.tr\/index.php\/wp-json\/wp\/v2\/product_cat?post=727296"},{"taxonomy":"product_tag","embeddable":true,"href":"https:\/\/roveyayinevi.com.tr\/index.php\/wp-json\/wp\/v2\/product_tag?post=727296"}],"curies":[{"name":"wp","href":"https:\/\/api.w.org\/{rel}","templated":true}]}}