{"id":727294,"date":"2025-08-27T20:19:54","date_gmt":"2025-08-27T17:19:54","guid":{"rendered":"https:\/\/roveyayinevi.com.tr\/index.php\/urun\/minotoru-kiskirtmak\/"},"modified":"2026-04-16T02:35:15","modified_gmt":"2026-04-15T23:35:15","slug":"minotoru-kiskirtmak","status":"publish","type":"product","link":"https:\/\/roveyayinevi.com.tr\/index.php\/urun\/minotoru-kiskirtmak\/","title":{"rendered":"Minotor\u2019u K\u0131\u015fk\u0131rtmak"},"content":{"rendered":"<p>D\u00fcnya edebiyat\u0131n\u0131n en tart\u0131\u015fmal\u0131 isimlerinden Ana\u00efs Nin hayat\u0131 boyunca ba\u015fkalar\u0131n\u0131n ka\u00e7t\u0131\u011f\u0131, cinsellik, k\u00fcrtaj, ensest ve evlilik d\u0131\u015f\u0131 ili\u015fkiler gibi konular\u0131 yazd\u0131. Nin\u2019in, Henry Miller ve e\u015fi June\u2019la ili\u015fkisinden de beslenip kaleme ald\u0131\u011f\u0131, \u201ckad\u0131n geli\u015fiminin \u00f6yk\u00fcs\u00fc\u201d diye nitelendirdi\u011fi be\u015f kitapl\u0131k \u0130\u00e7sel Kentler serisi \u015fairane \u00fcslubu ve d\u00fcr\u00fcstl\u00fc\u011f\u00fcyle iz b\u0131rakan bir ba\u015fyap\u0131t oldu. Serinin be\u015finci ve son kitab\u0131 Minotor\u2019u K\u0131\u015fk\u0131rtmak\u2019ta ise Lillian evlili\u011findeki sorunlar\u0131 unutmak i\u00e7in Meksika\u2019ya seyahat ediyor. Lillian g\u00fcne\u015fin her \u015feyi alt\u0131n rengine boyad\u0131\u011f\u0131 Golconda\u2019da. Evlili\u011fini bir kenara b\u0131rakmas\u0131, her t\u00fcrl\u00fc d\u00fc\u015f\u00fcncesini ortadan kald\u0131r\u0131p sadece zevk almas\u0131, dura\u011fan hayat\u0131na can \u00fcflemesi laz\u0131m. Neyse ki dertlerini ard\u0131nda b\u0131rakmaya \u00e7al\u0131\u015fan biriyle daha tan\u0131\u015f\u0131yor burada. Doktor Hernandez. Ancak herkesin yolculu\u011fu ba\u015fka ve baz\u0131lar\u0131n\u0131nki \u00e7ok daha korkun\u00e7. Ana\u00efs Nin, Minotor\u2019u K\u0131\u015fk\u0131rtmak ile \u0130\u00e7sel Kentler serisini herkesin i\u00e7indeki labirentte sakl\u0131 canavarla y\u00fczle\u015fip kapat\u0131yor ve unutman\u0131n ne anlama geldi\u011fini sorguluyor. \u201cHakiki ve tart\u0131\u015fmas\u0131z bir deha.\u201d \u2013Rebecca West \u201cHen\u00fcz var olmayan bir d\u00fcnya i\u00e7in yaz\u0131yordu, b\u00f6ylece o d\u00fcnyan\u0131n ger\u00e7ekle\u015fmesini sa\u011flad\u0131.\u201d \u2013The Guardian <\/p>\n","protected":false},"excerpt":{"rendered":"<p>D\u00fcnya edebiyat\u0131n\u0131n en tart\u0131\u015fmal\u0131 isimlerinden Ana\u00efs Nin hayat\u0131 boyunca ba\u015fkalar\u0131n\u0131n ka\u00e7t\u0131\u011f\u0131, cinsellik, k\u00fcrtaj, ensest ve evlilik d\u0131\u015f\u0131 ili\u015fkiler gibi konular\u0131 yazd\u0131. Nin\u2019in, Henry Miller ve e\u015fi<span class=\"excerpt-hellip\"> [\u2026]<\/span><\/p>\n","protected":false},"featured_media":0,"template":"","meta":{"_monsterinsights_skip_tracking":false,"_monsterinsights_sitenote_active":false,"_monsterinsights_sitenote_note":"","_monsterinsights_sitenote_category":0},"product_brand":[],"product_cat":[12291,12711],"product_tag":[],"class_list":{"0":"post-727294","1":"product","2":"type-product","3":"status-publish","5":"product_cat-edebiyat","6":"product_cat-roman-oyku","7":"pa_cilt-ciltsiz","8":"pa_tur-kitap","9":"pa_yayinevi-ithaki-yayinlari","10":"pa_yazar-anais-nin","12":"first","13":"instock","14":"sale","15":"shipping-taxable","16":"purchasable","17":"product-type-simple"},"_links":{"self":[{"href":"https:\/\/roveyayinevi.com.tr\/index.php\/wp-json\/wp\/v2\/product\/727294","targetHints":{"allow":["GET"]}}],"collection":[{"href":"https:\/\/roveyayinevi.com.tr\/index.php\/wp-json\/wp\/v2\/product"}],"about":[{"href":"https:\/\/roveyayinevi.com.tr\/index.php\/wp-json\/wp\/v2\/types\/product"}],"wp:attachment":[{"href":"https:\/\/roveyayinevi.com.tr\/index.php\/wp-json\/wp\/v2\/media?parent=727294"}],"wp:term":[{"taxonomy":"product_brand","embeddable":true,"href":"https:\/\/roveyayinevi.com.tr\/index.php\/wp-json\/wp\/v2\/product_brand?post=727294"},{"taxonomy":"product_cat","embeddable":true,"href":"https:\/\/roveyayinevi.com.tr\/index.php\/wp-json\/wp\/v2\/product_cat?post=727294"},{"taxonomy":"product_tag","embeddable":true,"href":"https:\/\/roveyayinevi.com.tr\/index.php\/wp-json\/wp\/v2\/product_tag?post=727294"}],"curies":[{"name":"wp","href":"https:\/\/api.w.org\/{rel}","templated":true}]}}