{"id":727291,"date":"2025-08-27T20:19:51","date_gmt":"2025-08-27T17:19:51","guid":{"rendered":"https:\/\/roveyayinevi.com.tr\/index.php\/urun\/dort-odali-kalp\/"},"modified":"2026-04-12T02:41:43","modified_gmt":"2026-04-11T23:41:43","slug":"dort-odali-kalp","status":"publish","type":"product","link":"https:\/\/roveyayinevi.com.tr\/index.php\/urun\/dort-odali-kalp\/","title":{"rendered":"D\u00f6rt Odal\u0131 Kalp"},"content":{"rendered":"<p>D\u00fcnya edebiyat\u0131n\u0131n en tart\u0131\u015fmal\u0131 isimlerinden Ana\u00efs Nin hayat\u0131 boyunca ba\u015fkalar\u0131n\u0131n ka\u00e7t\u0131\u011f\u0131, cinsellik, k\u00fcrtaj, ensest ve evlilik d\u0131\u015f\u0131 ili\u015fkiler gibi konular\u0131 yazd\u0131. Nin\u2019in, Henry Miller ve e\u015fi June\u2019la ili\u015fkisinden de beslenip kaleme ald\u0131\u011f\u0131, \u201ckad\u0131n geli\u015fiminin \u00f6yk\u00fcs\u00fc\u201d diye nitelendirdi\u011fi be\u015f kitapl\u0131k \u0130\u00e7sel Kentler serisi \u015fairane \u00fcslubu ve d\u00fcr\u00fcstl\u00fc\u011f\u00fcyle iz b\u0131rakan bir ba\u015fyap\u0131t oldu. Nin, serinin \u00fc\u00e7\u00fcnc\u00fc kitab\u0131 D\u00f6rt Odal\u0131 Kalp\u2019te ise Perulu \u015fair Gonzalo Mor\u00e9 ile ili\u015fkisinden ilham ald\u0131\u011f\u0131 bir a\u015fk\u0131 yaz\u0131yor. Rango bak\u0131r tenli, g\u00f6zleri k\u00f6m\u00fcr karas\u0131 bir gitarist. M\u00fczi\u011fi dam\u0131t\u0131yor sanki bu adam. \u00c2\u015f\u0131klar\u0131n i\u00e7ti\u011fi iksiri ba\u015fkalar\u0131 de\u011fil, kendileri haz\u0131rlar. Djuna kap\u0131l\u0131p gidiyor Rango\u2019nun m\u00fczi\u011fine. Kiral\u0131k bir tekne oluyor a\u015fk yuvalar\u0131. Ancak adam\u0131n e\u015fi Zora var bir yanda, \u00fcstelik kad\u0131n hasta. Rango ile Djuna\u2019n\u0131n aras\u0131ndaki \u00e7ekim ise ka\u00e7\u0131n\u0131lmaz bir kaza \u00e2deta. Ana\u00efs Nin\u2019den D\u00f6rt Odal\u0131 Kalp, bir gitar\u0131n tellerinin melodisinden yarat\u0131yor hik\u00e2yesini ve derinlerden de\u011fil s\u0131\u011f hayattan korkanlar\u0131 anlat\u0131yor. \u201c\u00c7ok g\u00fczel, nadide romanlar.\u201d \u2013Karl Shapiro \u201cNin okurlar\u0131n\u0131, yapt\u0131klar\u0131n\u0131n ve \u00e7ilelerinin \u00f6nemini dam\u0131tacaklar\u0131 bir duyarl\u0131l\u0131k ve tefekk\u00fcr ak\u0131\u015f\u0131na dahil etmeyi istiyor.\u201d \u2013New York Times <\/p>\n","protected":false},"excerpt":{"rendered":"<p>D\u00fcnya edebiyat\u0131n\u0131n en tart\u0131\u015fmal\u0131 isimlerinden Ana\u00efs Nin hayat\u0131 boyunca ba\u015fkalar\u0131n\u0131n ka\u00e7t\u0131\u011f\u0131, cinsellik, k\u00fcrtaj, ensest ve evlilik d\u0131\u015f\u0131 ili\u015fkiler gibi konular\u0131 yazd\u0131. Nin\u2019in, Henry Miller ve e\u015fi<span class=\"excerpt-hellip\"> [\u2026]<\/span><\/p>\n","protected":false},"featured_media":0,"template":"","meta":{"_monsterinsights_skip_tracking":false,"_monsterinsights_sitenote_active":false,"_monsterinsights_sitenote_note":"","_monsterinsights_sitenote_category":0},"product_brand":[],"product_cat":[12291,12711],"product_tag":[],"class_list":{"0":"post-727291","1":"product","2":"type-product","3":"status-publish","5":"product_cat-edebiyat","6":"product_cat-roman-oyku","7":"pa_cilt-ciltsiz","8":"pa_tur-kitap","9":"pa_yayinevi-ithaki-yayinlari","10":"pa_yazar-anais-nin","12":"first","13":"instock","14":"sale","15":"shipping-taxable","16":"purchasable","17":"product-type-simple"},"_links":{"self":[{"href":"https:\/\/roveyayinevi.com.tr\/index.php\/wp-json\/wp\/v2\/product\/727291","targetHints":{"allow":["GET"]}}],"collection":[{"href":"https:\/\/roveyayinevi.com.tr\/index.php\/wp-json\/wp\/v2\/product"}],"about":[{"href":"https:\/\/roveyayinevi.com.tr\/index.php\/wp-json\/wp\/v2\/types\/product"}],"wp:attachment":[{"href":"https:\/\/roveyayinevi.com.tr\/index.php\/wp-json\/wp\/v2\/media?parent=727291"}],"wp:term":[{"taxonomy":"product_brand","embeddable":true,"href":"https:\/\/roveyayinevi.com.tr\/index.php\/wp-json\/wp\/v2\/product_brand?post=727291"},{"taxonomy":"product_cat","embeddable":true,"href":"https:\/\/roveyayinevi.com.tr\/index.php\/wp-json\/wp\/v2\/product_cat?post=727291"},{"taxonomy":"product_tag","embeddable":true,"href":"https:\/\/roveyayinevi.com.tr\/index.php\/wp-json\/wp\/v2\/product_tag?post=727291"}],"curies":[{"name":"wp","href":"https:\/\/api.w.org\/{rel}","templated":true}]}}