{"id":727288,"date":"2025-08-27T20:19:48","date_gmt":"2025-08-27T17:19:48","guid":{"rendered":"https:\/\/roveyayinevi.com.tr\/index.php\/urun\/iktidardan-surgune\/"},"modified":"2026-04-16T02:35:15","modified_gmt":"2026-04-15T23:35:15","slug":"iktidardan-surgune","status":"publish","type":"product","link":"https:\/\/roveyayinevi.com.tr\/index.php\/urun\/iktidardan-surgune\/","title":{"rendered":"\u0130ktidardan S\u00fcrg\u00fcne"},"content":{"rendered":"<p>18. y\u00fczy\u0131l, Osmanl\u0131 Devleti\u2019nde merkeziyet\u00e7i y\u00f6netim anlay\u0131\u015f\u0131ndan uzakla\u015f\u0131larak ta\u015frada Ayanl\u0131k gelene\u011finin uyguland\u0131\u011f\u0131 bir d\u00f6nemdi. Bu d\u00f6nemde art\u0131k Osmanl\u0131 topraklar\u0131ndaki kazalarda Ayanlar yerel y\u00f6netici yetkisiyle devleti temsil ediyordu.18. y\u00fczy\u0131l\u0131n ortalar\u0131na gelindi\u011finde Halep Eyaleti\u2019ne ba\u011fl\u0131 Antakya kazas\u0131 da Ayanl\u0131k kurumunun tipik bir \u00f6rne\u011fini sergilemekteydi. Bu \u00e7al\u0131\u015fmada Antakya kazas\u0131 \u00f6zelinde Kara \u0130brahim A\u011fa ile ba\u015flayan, o\u011flu Fet*hullah ve ye\u011fenleri Kara S\u00fcleyman ve Kara \u0130smail ile devam eden kudretli bir ayan ailesinin kendine \u00f6zg\u00fc var olma ser\u00fcveni ele al\u0131nm\u0131\u015ft\u0131r. Kara \u0130brahim A\u011fa\u2019n\u0131n Antakya ayan\u0131 iken kendi kona\u011f\u0131nda hunharca katledilmesi, ayan ailelerinin n\u00fcfuzlar\u0131n\u0131 devlete kar\u015f\u0131 kullanma ihtimalinin olmas\u0131 hasebiyle devlet taraf\u0131ndan y\u00fcr\u00fct\u00fclen soru\u015fturmalardan bir t\u00fcrl\u00fc netice al\u0131namamas\u0131 bu s\u00fcrecin sadece k\u00fc\u00e7\u00fck bir par\u00e7as\u0131. Kitapta Antakya \u00f6zelinde bir ayan ailesinin do\u011fu\u015fu, g\u00fc\u00e7 kazanmas\u0131 ve devlete ba\u015f kald\u0131r\u0131\u015f\u0131, 18. y\u00fczy\u0131l tipik m\u00fctegallibe-ayan \u00f6yk\u00fcs\u00fc, Antakya Ayan\u0131 Fet*hullah A\u011fa ve ailesi \u00f6rne\u011finde akademik bir yakla\u015f\u0131m ve ak\u0131c\u0131 bir \u00fcslupla ele al\u0131nm\u0131\u015ft\u0131r.Prof. Dr. Song\u00fcl \u00c7olak<\/p>\n","protected":false},"excerpt":{"rendered":"<p>18. y\u00fczy\u0131l, Osmanl\u0131 Devleti\u2019nde merkeziyet\u00e7i y\u00f6netim anlay\u0131\u015f\u0131ndan uzakla\u015f\u0131larak ta\u015frada Ayanl\u0131k gelene\u011finin uyguland\u0131\u011f\u0131 bir d\u00f6nemdi. Bu d\u00f6nemde art\u0131k Osmanl\u0131 topraklar\u0131ndaki kazalarda Ayanlar yerel y\u00f6netici yetkisiyle devleti temsil<span class=\"excerpt-hellip\"> [\u2026]<\/span><\/p>\n","protected":false},"featured_media":0,"template":"","meta":{"_monsterinsights_skip_tracking":false,"_monsterinsights_sitenote_active":false,"_monsterinsights_sitenote_note":"","_monsterinsights_sitenote_category":0},"product_brand":[],"product_cat":[13590,12337],"product_tag":[],"class_list":{"0":"post-727288","1":"product","2":"type-product","3":"status-publish","5":"product_cat-arastirma-inceleme-politika-siyaset","6":"product_cat-politika-siyaset","7":"pa_cilt-ciltsiz","8":"pa_tur-kitap","9":"pa_yayinevi-yeditepe-yayinevi","10":"pa_yazar-ulku-tecimen","12":"first","13":"instock","14":"sale","15":"shipping-taxable","16":"purchasable","17":"product-type-simple"},"_links":{"self":[{"href":"https:\/\/roveyayinevi.com.tr\/index.php\/wp-json\/wp\/v2\/product\/727288","targetHints":{"allow":["GET"]}}],"collection":[{"href":"https:\/\/roveyayinevi.com.tr\/index.php\/wp-json\/wp\/v2\/product"}],"about":[{"href":"https:\/\/roveyayinevi.com.tr\/index.php\/wp-json\/wp\/v2\/types\/product"}],"wp:attachment":[{"href":"https:\/\/roveyayinevi.com.tr\/index.php\/wp-json\/wp\/v2\/media?parent=727288"}],"wp:term":[{"taxonomy":"product_brand","embeddable":true,"href":"https:\/\/roveyayinevi.com.tr\/index.php\/wp-json\/wp\/v2\/product_brand?post=727288"},{"taxonomy":"product_cat","embeddable":true,"href":"https:\/\/roveyayinevi.com.tr\/index.php\/wp-json\/wp\/v2\/product_cat?post=727288"},{"taxonomy":"product_tag","embeddable":true,"href":"https:\/\/roveyayinevi.com.tr\/index.php\/wp-json\/wp\/v2\/product_tag?post=727288"}],"curies":[{"name":"wp","href":"https:\/\/api.w.org\/{rel}","templated":true}]}}