{"id":727287,"date":"2025-08-27T20:19:48","date_gmt":"2025-08-27T17:19:48","guid":{"rendered":"https:\/\/roveyayinevi.com.tr\/index.php\/urun\/ev-odevi-bir-ogretim-efsanesi\/"},"modified":"2026-04-16T02:35:15","modified_gmt":"2026-04-15T23:35:15","slug":"ev-odevi-bir-ogretim-efsanesi","status":"publish","type":"product","link":"https:\/\/roveyayinevi.com.tr\/index.php\/urun\/ev-odevi-bir-ogretim-efsanesi\/","title":{"rendered":"Ev \u00d6devi &#8211; Bir \u00d6\u011fretim Efsanesi"},"content":{"rendered":"<p>\u201cEv \u00d6devi: Bir \u00d6\u011fretim Efsanesi, her \u00f6\u011fretmen, okul m\u00fcd\u00fcr\u00fc ve e\u011fitim b\u00f6lge m\u00fcd\u00fcr\u00fc i\u00e7in zorunlu kitap olmal\u0131.\u201d Boston Globe \u00c7o\u011fumuz \u00f6devin beraberinde getirdi\u011fi h\u00fcsrana, yorgunlu\u011fa ve b\u0131kk\u0131nl\u0131\u011fa a\u015finay\u0131z. Ama \u00f6dev yapman\u0131n bunlara de\u011fdi\u011fini d\u00fc\u015f\u00fcn\u00fcr\u00fcz \u00e7\u00fcnk\u00fc daha y\u00fcksek ba\u015far\u0131y\u0131 olanakl\u0131 k\u0131ld\u0131\u011f\u0131n\u0131, \u00f6\u011frenmeyi \u201cpeki\u015ftirdi\u011fini,\u201d ders \u00e7al\u0131\u015fma becerisi geli\u015ftirdi\u011fini ve sorumluluk duygusunu g\u00fc\u00e7lendirdi\u011fini varsayar\u0131z. Oysa mant\u0131k ve deneyimlerin s\u00f6yledi\u011fi, ayr\u0131ca ara\u015ft\u0131rma kan\u0131tlar\u0131, bu varsay\u0131mlarla ters d\u00fc\u015fmekte. Mevcut veriler \u00f6devin k\u00fc\u00e7\u00fck \u00e7ocuklara hi\u00e7bir akademik yarar sa\u011flamad\u0131\u011f\u0131n\u0131 g\u00f6steriyor, b\u00fcy\u00fck \u00e7ocuklarda gerekli olup olmad\u0131\u011f\u0131 konusunda ise ciddi ku\u015fkular yarat\u0131yor. Dahas\u0131, \u00f6devin nitelikli \u00e7al\u0131\u015fma al\u0131\u015fkanl\u0131klar\u0131 ve ba\u011f\u0131ms\u0131zl\u0131k geli\u015ftirdi\u011fi inanc\u0131n\u0131 da k\u00f6k\u00fcnden sars\u0131yor. Peki, \u00f6dev bize bin bir \u00e7e\u015fit sorun yarat\u0131rken neden h\u00e2l\u00e2 \u00e7ocuklar\u0131 evde ikinci vardiyaya zorluyoruz? Kohn\u2019un her zamanki gibi keskin ve ayr\u0131nt\u0131l\u0131 incelemesi \u00f6\u011frenmeye dair birtak\u0131m yanl\u0131\u015f anlamalar\u0131n, \u00e7ocuklara beslenen g\u00fcvensizli\u011fin ve hedefini \u015fa\u015f\u0131rm\u0131\u015f bir rekabet oda\u011f\u0131n\u0131n \u00e7ocuk d\u00fcnyas\u0131ndaki serbest zaman\u0131 nas\u0131l azaltt\u0131\u011f\u0131n\u0131 ve aile ya\u015fam\u0131ndaki \u00e7at\u0131\u015fmay\u0131 nas\u0131l art\u0131rd\u0131\u011f\u0131n\u0131 ortaya koyuyor. Kohn, \u00f6dev tahakk\u00fcm\u00fc ile sava\u015fan ebeveynlerin ve \u00f6dev olmadan da y\u00fcksek bir \u00f6\u011fretim kalitesi yakaland\u0131\u011f\u0131n\u0131 ortaya koyan okullar\u0131n \u00f6rnekleri \u00fczerinden bizi okulda ve sonras\u0131nda olup bitenleri ba\u015ftan de\u011ferlendirmeye, sonra da aile huzurumuzu ve \u00e7ocuklar\u0131n \u00f6\u011frenme sevgisini kurtarmak i\u00e7in ad\u0131mlar atmaya \u00e7a\u011f\u0131r\u0131yor. \u201cBu tipik bir Kohn kitab\u0131. \u0130lgi \u00e7ekici ve bilgilendirici\u2026 300\u2019den fazla at\u0131f yapan, s\u0131k\u0131 bir ara\u015ft\u0131rma \u00fcr\u00fcn\u00fc. Kohn stat\u00fckoya ba\u015fkald\u0131rmakta ve kral\u0131n \u00e7\u0131plak oldu\u011funu g\u00f6stermekte hi\u00e7 bu kadar ba\u015far\u0131l\u0131 olmam\u0131\u015ft\u0131.\u201d Kappa Delta Pi Record <\/p>\n","protected":false},"excerpt":{"rendered":"<p>\u201cEv \u00d6devi: Bir \u00d6\u011fretim Efsanesi, her \u00f6\u011fretmen, okul m\u00fcd\u00fcr\u00fc ve e\u011fitim b\u00f6lge m\u00fcd\u00fcr\u00fc i\u00e7in zorunlu kitap olmal\u0131.\u201d Boston Globe \u00c7o\u011fumuz \u00f6devin beraberinde getirdi\u011fi h\u00fcsrana, yorgunlu\u011fa ve<span class=\"excerpt-hellip\"> [\u2026]<\/span><\/p>\n","protected":false},"featured_media":0,"template":"","meta":{"_monsterinsights_skip_tracking":false,"_monsterinsights_sitenote_active":false,"_monsterinsights_sitenote_note":"","_monsterinsights_sitenote_category":0},"product_brand":[],"product_cat":[25175,12357],"product_tag":[],"class_list":{"0":"post-727287","1":"product","2":"type-product","3":"status-publish","5":"product_cat-egitim-psikolojisi","6":"product_cat-psikoloji","7":"pa_cilt-ciltsiz","8":"pa_tur-kitap","9":"pa_yayinevi-gorunmez-adam-yayincilik","10":"pa_yazar-alfie-kohn","12":"first","13":"instock","14":"sale","15":"shipping-taxable","16":"purchasable","17":"product-type-simple"},"_links":{"self":[{"href":"https:\/\/roveyayinevi.com.tr\/index.php\/wp-json\/wp\/v2\/product\/727287","targetHints":{"allow":["GET"]}}],"collection":[{"href":"https:\/\/roveyayinevi.com.tr\/index.php\/wp-json\/wp\/v2\/product"}],"about":[{"href":"https:\/\/roveyayinevi.com.tr\/index.php\/wp-json\/wp\/v2\/types\/product"}],"wp:attachment":[{"href":"https:\/\/roveyayinevi.com.tr\/index.php\/wp-json\/wp\/v2\/media?parent=727287"}],"wp:term":[{"taxonomy":"product_brand","embeddable":true,"href":"https:\/\/roveyayinevi.com.tr\/index.php\/wp-json\/wp\/v2\/product_brand?post=727287"},{"taxonomy":"product_cat","embeddable":true,"href":"https:\/\/roveyayinevi.com.tr\/index.php\/wp-json\/wp\/v2\/product_cat?post=727287"},{"taxonomy":"product_tag","embeddable":true,"href":"https:\/\/roveyayinevi.com.tr\/index.php\/wp-json\/wp\/v2\/product_tag?post=727287"}],"curies":[{"name":"wp","href":"https:\/\/api.w.org\/{rel}","templated":true}]}}