{"id":727283,"date":"2025-08-27T20:19:44","date_gmt":"2025-08-27T17:19:44","guid":{"rendered":"https:\/\/roveyayinevi.com.tr\/index.php\/urun\/benim-babam-kotu-ornek\/"},"modified":"2025-08-29T13:29:34","modified_gmt":"2025-08-29T10:29:34","slug":"benim-babam-kotu-ornek","status":"publish","type":"product","link":"https:\/\/roveyayinevi.com.tr\/index.php\/urun\/benim-babam-kotu-ornek\/","title":{"rendered":"Benim Babam K\u00f6t\u00fc \u00d6rnek"},"content":{"rendered":"<p>Ailedeki di\u011fer erkekler hep \u201ck\u00f6t\u00fc \u00f6rnek\u201d diyor babam i\u00e7in. Biri akrobat oldu\u011funu s\u00f6yl\u00fcyor, di\u011feri bukalemun&#8230; Kimisi \u00e7ok iyi bir ko\u015fucu oldu\u011fu i\u00e7in k\u00fc\u00e7\u00fcms\u00fcyor onu, kimisi ise bir mutfak sihirbaz\u0131na d\u00f6n\u00fc\u015febildi\u011fi i\u00e7in&#8230; Babam ne yapsa yanl\u0131\u015f onlara g\u00f6re! Bilirim, b\u00fct\u00fcn babalar gibi de\u011fildir babam. Ama bilemem, k\u00f6t\u00fcl\u00fck bunun neresinde? Her ya\u015ftan okurda iz b\u0131rakan yazar Asl\u0131 Tohumcu, bu \u00f6yk\u00fcs\u00fcnde hem \u00e7ocu\u011fun g\u00f6z\u00fcnden aileye bak\u0131yor, hem de kal\u0131pla\u015fm\u0131\u015f aile i\u00e7i rolleri \u00e7ocu\u011fun dilinden sorguluyor. Mavisu Demira\u011f\u2019\u0131n \u00f6zg\u00fcn desenleriyle canlanan \u00f6yk\u00fc, \u00e7ocuklarla b\u00fcy\u00fckleri ayn\u0131 sat\u0131rlarda, hayata dair ortak sorularda bulu\u015fturuyor. <\/p>\n","protected":false},"excerpt":{"rendered":"<p>Ailedeki di\u011fer erkekler hep \u201ck\u00f6t\u00fc \u00f6rnek\u201d diyor babam i\u00e7in. Biri akrobat oldu\u011funu s\u00f6yl\u00fcyor, di\u011feri bukalemun&#8230; Kimisi \u00e7ok iyi bir ko\u015fucu oldu\u011fu i\u00e7in k\u00fc\u00e7\u00fcms\u00fcyor onu, kimisi ise<span class=\"excerpt-hellip\"> [\u2026]<\/span><\/p>\n","protected":false},"featured_media":0,"template":"","meta":{"_monsterinsights_skip_tracking":false,"_monsterinsights_sitenote_active":false,"_monsterinsights_sitenote_note":"","_monsterinsights_sitenote_category":0},"product_brand":[],"product_cat":[12274,12518],"product_tag":[],"class_list":{"0":"post-727283","1":"product","2":"type-product","3":"status-publish","5":"product_cat-cocuk-ve-genclik-kitaplari","6":"product_cat-okul-oncesi-kitaplar","7":"pa_cilt-ciltsiz","8":"pa_tur-kitap","9":"pa_yayinevi-can-cocuk-yayinlari","10":"pa_yazar-asli-tohumcu","12":"first","13":"instock","14":"sale","15":"shipping-taxable","16":"purchasable","17":"product-type-simple"},"_links":{"self":[{"href":"https:\/\/roveyayinevi.com.tr\/index.php\/wp-json\/wp\/v2\/product\/727283","targetHints":{"allow":["GET"]}}],"collection":[{"href":"https:\/\/roveyayinevi.com.tr\/index.php\/wp-json\/wp\/v2\/product"}],"about":[{"href":"https:\/\/roveyayinevi.com.tr\/index.php\/wp-json\/wp\/v2\/types\/product"}],"wp:attachment":[{"href":"https:\/\/roveyayinevi.com.tr\/index.php\/wp-json\/wp\/v2\/media?parent=727283"}],"wp:term":[{"taxonomy":"product_brand","embeddable":true,"href":"https:\/\/roveyayinevi.com.tr\/index.php\/wp-json\/wp\/v2\/product_brand?post=727283"},{"taxonomy":"product_cat","embeddable":true,"href":"https:\/\/roveyayinevi.com.tr\/index.php\/wp-json\/wp\/v2\/product_cat?post=727283"},{"taxonomy":"product_tag","embeddable":true,"href":"https:\/\/roveyayinevi.com.tr\/index.php\/wp-json\/wp\/v2\/product_tag?post=727283"}],"curies":[{"name":"wp","href":"https:\/\/api.w.org\/{rel}","templated":true}]}}