{"id":727282,"date":"2025-08-27T20:19:43","date_gmt":"2025-08-27T17:19:43","guid":{"rendered":"https:\/\/roveyayinevi.com.tr\/index.php\/urun\/otoriter-populizm-cagi\/"},"modified":"2026-04-16T02:35:15","modified_gmt":"2026-04-15T23:35:15","slug":"otoriter-populizm-cagi","status":"publish","type":"product","link":"https:\/\/roveyayinevi.com.tr\/index.php\/urun\/otoriter-populizm-cagi\/","title":{"rendered":"Otoriter Pop\u00fclizm \u00c7a\u011f\u0131"},"content":{"rendered":"<p>Richard Sennett, de\u011ferler konusunu ele alan bir \u00e7al\u0131\u015fma y\u00fcr\u00fctmenin zorluklar\u0131n\u0131 hayli ironik bir dille ifade etmektedir. Ona g\u00f6re \u201ctoplumsal de\u011ferler\u201d ve \u201cde\u011ferler sistemi\u201d ifadeleri, sosyal bilimlerin g\u00fcndelik dilin ba\u015f\u0131na sard\u0131\u011f\u0131 belalard\u0131r: \u201c\u0130tiraf etmeliyim ki, \u2018de\u011fer\u2019in ne oldu\u011funu hi\u00e7bir zaman anlayamam\u0131\u015f\u0131md\u0131r. De\u011fer, bir \u2018\u015fey\u2019 de\u011fildir. E\u011fer insanlar\u0131n toplumsal d\u00fcnyalar\u0131n\u0131 rasyonalize ederken kulland\u0131klar\u0131 dilden bir par\u00e7a ise, o zaman ideolojinin bir par\u00e7as\u0131 olarak ele al\u0131nmal\u0131d\u0131r. Yok, e\u011fer \u2018de\u011fer\u2019, \u2018muteber bir fikir\u2019\u2019 demekse o zaman da tam bir karma\u015faya d\u00fc\u015feriz. \u2018\u00d6zg\u00fcrl\u00fck\u2019, \u2018adalet\u2019, farkl\u0131 zamanlarda farkl\u0131 ki\u015filer i\u00e7in farkl\u0131 anlamlar\u0131 olan, muteber fikirlerdendir; bunlar\u0131 toplumsal de\u011ferler olarak tan\u0131mlamak kendi ba\u015f\u0131na hangi nedenlerle \u00f6yle de\u011ferlendirildiklerine ili\u015fkin hi\u00e7bir fikir vermez\u201d. Bu ko\u015fullar alt\u0131nda de\u011ferlerle y\u00fczle\u015fmek, \u00f6ncelikle bir de\u011ferler ara\u015ft\u0131rmas\u0131n\u0131n daha en ba\u015f\u0131ndan kar\u015f\u0131s\u0131na dikilen sorun alanlar\u0131yla hesapla\u015fmay\u0131 gerektirmektedir. Bu sorun alanlar\u0131n\u0131n ilki do\u011frudan do\u011fruya ara\u015ft\u0131rman\u0131n me\u015fruiyetiyle alakal\u0131d\u0131r. \u0130kincisi ise, de\u011ferlerin tan\u0131mlanmas\u0131, s\u0131n\u0131fland\u0131r\u0131lmas\u0131 ve bir de\u011ferler ara\u015ft\u0131rmas\u0131nda izlenecek y\u00f6nteme ili\u015fkindir. De\u011ferlerin siyasi manip\u00fclasyona son derece a\u00e7\u0131k yap\u0131s\u0131, onlar\u0131 insan do\u011fas\u0131na dayand\u0131rma e\u011filimi ve sosyal bilimcilerin olgularla de\u011ferler aras\u0131nda yapt\u0131klar\u0131 ayr\u0131m, bir de\u011ferler ara\u015ft\u0131rmas\u0131n\u0131n me\u015fruiyetini tehlikeye atan \u00fc\u00e7 temel g\u00fc\u00e7l\u00fckt\u00fcr&#8230;<\/p>\n","protected":false},"excerpt":{"rendered":"<p>Richard Sennett, de\u011ferler konusunu ele alan bir \u00e7al\u0131\u015fma y\u00fcr\u00fctmenin zorluklar\u0131n\u0131 hayli ironik bir dille ifade etmektedir. Ona g\u00f6re \u201ctoplumsal de\u011ferler\u201d ve \u201cde\u011ferler sistemi\u201d ifadeleri, sosyal bilimlerin<span class=\"excerpt-hellip\"> [\u2026]<\/span><\/p>\n","protected":false},"featured_media":0,"template":"","meta":{"_monsterinsights_skip_tracking":false,"_monsterinsights_sitenote_active":false,"_monsterinsights_sitenote_note":"","_monsterinsights_sitenote_category":0},"product_brand":[],"product_cat":[31194,12337],"product_tag":[],"class_list":{"0":"post-727282","1":"product","2":"type-product","3":"status-publish","5":"product_cat-guncel-siyaset","6":"product_cat-politika-siyaset","7":"pa_cilt-ciltsiz","8":"pa_tur-kitap","9":"pa_yayinevi-ayrinti-yayinlari","10":"pa_yazar-bahadir-nurol","12":"first","13":"instock","14":"sale","15":"shipping-taxable","16":"purchasable","17":"product-type-simple"},"_links":{"self":[{"href":"https:\/\/roveyayinevi.com.tr\/index.php\/wp-json\/wp\/v2\/product\/727282","targetHints":{"allow":["GET"]}}],"collection":[{"href":"https:\/\/roveyayinevi.com.tr\/index.php\/wp-json\/wp\/v2\/product"}],"about":[{"href":"https:\/\/roveyayinevi.com.tr\/index.php\/wp-json\/wp\/v2\/types\/product"}],"wp:attachment":[{"href":"https:\/\/roveyayinevi.com.tr\/index.php\/wp-json\/wp\/v2\/media?parent=727282"}],"wp:term":[{"taxonomy":"product_brand","embeddable":true,"href":"https:\/\/roveyayinevi.com.tr\/index.php\/wp-json\/wp\/v2\/product_brand?post=727282"},{"taxonomy":"product_cat","embeddable":true,"href":"https:\/\/roveyayinevi.com.tr\/index.php\/wp-json\/wp\/v2\/product_cat?post=727282"},{"taxonomy":"product_tag","embeddable":true,"href":"https:\/\/roveyayinevi.com.tr\/index.php\/wp-json\/wp\/v2\/product_tag?post=727282"}],"curies":[{"name":"wp","href":"https:\/\/api.w.org\/{rel}","templated":true}]}}