{"id":727281,"date":"2025-08-27T20:19:42","date_gmt":"2025-08-27T17:19:42","guid":{"rendered":"https:\/\/roveyayinevi.com.tr\/index.php\/urun\/eve-donemezsin\/"},"modified":"2026-04-16T02:35:15","modified_gmt":"2026-04-15T23:35:15","slug":"eve-donemezsin","status":"publish","type":"product","link":"https:\/\/roveyayinevi.com.tr\/index.php\/urun\/eve-donemezsin\/","title":{"rendered":"Eve D\u00f6nemezsin"},"content":{"rendered":"<p>Kalbi derinden k\u0131r\u0131ld\u0131\u011f\u0131nda sessizdir insan. Konu\u015fabilmesi i\u00e7in ona yeni bir ses verilir&#8230; Bu roman\u0131n ad\u0131mlar\u0131 dola\u015f\u0131yor. Y\u00fcr\u00fcrken burnunu \u00e7ekip kendi kendine konu\u015fuyor. A\u015fk i\u00e7mi\u015f. Kalbindeki \u00f6demi g\u00f6zya\u015flar\u0131yla \u00e7\u0131kar\u0131yor v\u00fccudundan. Da\u011f keki\u011fi, imk\u00e2ns\u0131z a\u015fk s\u0131rt\u0131n\u0131 d\u00f6nm\u00fc\u015f giderken nas\u0131l kokarsa, \u00f6yle kokuyor bu roman. Geceleri dolunay\u0131n alt\u0131nda uzay\u0131p giden k\u0131rlar\u0131n ona arka \u00e7\u0131kaca\u011f\u0131n\u0131 san\u0131yor.Kalbindeki elemi kahkahayla \u00e7\u0131kar\u0131yor v\u00fccudundan. Bu roman\u0131n dili dola\u015f\u0131yor. Yoksul bir \u00e7ocu\u011fun, hayallerine ula\u015fmak i\u00e7in yeni bir sese  tutunma \u00e7abas\u0131n\u0131 anlat\u0131yor. K\u00fc\u00e7\u00fck ya\u015fta hayat m\u00fccadelesini, kan ter i\u00e7inde bir a\u015fka ba\u011flanma tutkusunu anlat\u0131yor. Sol elinin parmaklar\u0131n\u0131 birle\u015ftirip, bir buket g\u00fcl gibi uzat\u0131yor \u00f6\u011fretmenin k\u0131z\u0131lc\u0131k sopas\u0131na. K\u0131\u015f meyvelerinin isimlerini ezberleyemedi\u011fi i\u00e7in kar alt\u0131nda bekliyor, tek ayak \u00fcst\u00fcnde. B\u0131\u00e7ak sapland\u0131\u011f\u0131 yerden \u00e7\u0131km\u0131yorsa, durup kabzas\u0131n\u0131 s\u00fcsl\u00fcyor g\u00fcl\u00fcmseyerek. A\u015fk i\u00e7mi\u015f. G\u00f6\u00e7\u00fck alt\u0131nda kalm\u0131\u015f bir roman bu. Durup durup Selvi diye birine sesleniyor. Kurtar\u0131lmay\u0131 de\u011fil, anla\u015f\u0131lmay\u0131 bekliyor. Muhtemelen sizden de cesaret al\u0131yor. <\/p>\n","protected":false},"excerpt":{"rendered":"<p>Kalbi derinden k\u0131r\u0131ld\u0131\u011f\u0131nda sessizdir insan. Konu\u015fabilmesi i\u00e7in ona yeni bir ses verilir&#8230; Bu roman\u0131n ad\u0131mlar\u0131 dola\u015f\u0131yor. Y\u00fcr\u00fcrken burnunu \u00e7ekip kendi kendine konu\u015fuyor. A\u015fk i\u00e7mi\u015f. Kalbindeki \u00f6demi<span class=\"excerpt-hellip\"> [\u2026]<\/span><\/p>\n","protected":false},"featured_media":0,"template":"","meta":{"_monsterinsights_skip_tracking":false,"_monsterinsights_sitenote_active":false,"_monsterinsights_sitenote_note":"","_monsterinsights_sitenote_category":0},"product_brand":[],"product_cat":[12291,12711],"product_tag":[],"class_list":{"0":"post-727281","1":"product","2":"type-product","3":"status-publish","5":"product_cat-edebiyat","6":"product_cat-roman-oyku","7":"pa_cilt-ciltsiz","8":"pa_tur-kitap","9":"pa_yayinevi-turkuvaz-kitap","10":"pa_yazar-selahattin-yusuf","12":"first","13":"instock","14":"sale","15":"shipping-taxable","16":"purchasable","17":"product-type-simple"},"_links":{"self":[{"href":"https:\/\/roveyayinevi.com.tr\/index.php\/wp-json\/wp\/v2\/product\/727281","targetHints":{"allow":["GET"]}}],"collection":[{"href":"https:\/\/roveyayinevi.com.tr\/index.php\/wp-json\/wp\/v2\/product"}],"about":[{"href":"https:\/\/roveyayinevi.com.tr\/index.php\/wp-json\/wp\/v2\/types\/product"}],"wp:attachment":[{"href":"https:\/\/roveyayinevi.com.tr\/index.php\/wp-json\/wp\/v2\/media?parent=727281"}],"wp:term":[{"taxonomy":"product_brand","embeddable":true,"href":"https:\/\/roveyayinevi.com.tr\/index.php\/wp-json\/wp\/v2\/product_brand?post=727281"},{"taxonomy":"product_cat","embeddable":true,"href":"https:\/\/roveyayinevi.com.tr\/index.php\/wp-json\/wp\/v2\/product_cat?post=727281"},{"taxonomy":"product_tag","embeddable":true,"href":"https:\/\/roveyayinevi.com.tr\/index.php\/wp-json\/wp\/v2\/product_tag?post=727281"}],"curies":[{"name":"wp","href":"https:\/\/api.w.org\/{rel}","templated":true}]}}