{"id":727280,"date":"2025-08-27T20:19:41","date_gmt":"2025-08-27T17:19:41","guid":{"rendered":"https:\/\/roveyayinevi.com.tr\/index.php\/urun\/kokenler\/"},"modified":"2026-04-16T02:35:15","modified_gmt":"2026-04-15T23:35:15","slug":"kokenler","status":"publish","type":"product","link":"https:\/\/roveyayinevi.com.tr\/index.php\/urun\/kokenler\/","title":{"rendered":"K\u00f6kenler"},"content":{"rendered":"<p>\u0130nsanl\u0131k tarihi hakk\u0131nda konu\u015ftu\u011fumuzda, genellikle uluslararas\u0131 akt\u00f6rlere, b\u00fcy\u00fck liderlere ya da tarihe damga vurmu\u015f sava\u015flara odaklan\u0131r\u0131z. Peki ama yery\u00fcz\u00fcn\u00fcn kendisi kaderimizi nas\u0131l belirlemi\u015f olabilir? Gezegenimizdeki ani iklim de\u011fi\u015fiklikleri g\u00f6\u00e7ebe toplumdan tar\u0131m toplumuna ge\u00e7i\u015fi tetikledi. Da\u011fl\u0131k arazi \u00f6zelli\u011fi Yunanistan\u2019da demokrasinin geli\u015fmesine yol a\u00e7t\u0131. Atmosfer dola\u015f\u0131m\u0131n\u0131n yap\u0131s\u0131 co\u011frafi ke\u015fiflere, s\u00f6m\u00fcrgele\u015ftirmeye ve ticaretin ilerlemesine y\u00f6n verdi. Bug\u00fcn bile ABD\u2019nin g\u00fcneydo\u011fusunun siyasi haritas\u0131 nihayetinde antik bir denizin 75 milyon y\u0131ll\u0131k tortular\u0131 taraf\u0131ndan bi\u00e7imlendirilmeye devam ediyor. Her yerde gezegenin insan \u00fczerindeki derin izleri var. K\u00f6kenler, ilk ekinlerin yeti\u015ftirilmesinden modern devletlerin kurulmas\u0131na kadar ayaklar\u0131m\u0131z\u0131n alt\u0131ndaki yery\u00fcz\u00fcn\u00fcn insan uygarl\u0131klar\u0131n\u0131n \u015fekillenmesi \u00fczerindeki nefes kesici etkisini inceliyor.<\/p>\n","protected":false},"excerpt":{"rendered":"<p>\u0130nsanl\u0131k tarihi hakk\u0131nda konu\u015ftu\u011fumuzda, genellikle uluslararas\u0131 akt\u00f6rlere, b\u00fcy\u00fck liderlere ya da tarihe damga vurmu\u015f sava\u015flara odaklan\u0131r\u0131z. Peki ama yery\u00fcz\u00fcn\u00fcn kendisi kaderimizi nas\u0131l belirlemi\u015f olabilir? Gezegenimizdeki ani<span class=\"excerpt-hellip\"> [\u2026]<\/span><\/p>\n","protected":false},"featured_media":0,"template":"","meta":{"_monsterinsights_skip_tracking":false,"_monsterinsights_sitenote_active":false,"_monsterinsights_sitenote_note":"","_monsterinsights_sitenote_category":0},"product_brand":[],"product_cat":[12312,12304],"product_tag":[],"class_list":{"0":"post-727280","1":"product","2":"type-product","3":"status-publish","5":"product_cat-diger","6":"product_cat-tarih","7":"pa_cilt-ciltsiz","8":"pa_tur-kitap","9":"pa_yayinevi-tellekt","10":"pa_yazar-lewis-dartnell","12":"first","13":"instock","14":"sale","15":"shipping-taxable","16":"purchasable","17":"product-type-simple"},"_links":{"self":[{"href":"https:\/\/roveyayinevi.com.tr\/index.php\/wp-json\/wp\/v2\/product\/727280","targetHints":{"allow":["GET"]}}],"collection":[{"href":"https:\/\/roveyayinevi.com.tr\/index.php\/wp-json\/wp\/v2\/product"}],"about":[{"href":"https:\/\/roveyayinevi.com.tr\/index.php\/wp-json\/wp\/v2\/types\/product"}],"wp:attachment":[{"href":"https:\/\/roveyayinevi.com.tr\/index.php\/wp-json\/wp\/v2\/media?parent=727280"}],"wp:term":[{"taxonomy":"product_brand","embeddable":true,"href":"https:\/\/roveyayinevi.com.tr\/index.php\/wp-json\/wp\/v2\/product_brand?post=727280"},{"taxonomy":"product_cat","embeddable":true,"href":"https:\/\/roveyayinevi.com.tr\/index.php\/wp-json\/wp\/v2\/product_cat?post=727280"},{"taxonomy":"product_tag","embeddable":true,"href":"https:\/\/roveyayinevi.com.tr\/index.php\/wp-json\/wp\/v2\/product_tag?post=727280"}],"curies":[{"name":"wp","href":"https:\/\/api.w.org\/{rel}","templated":true}]}}