{"id":727279,"date":"2025-08-27T20:19:40","date_gmt":"2025-08-27T17:19:40","guid":{"rendered":"https:\/\/roveyayinevi.com.tr\/index.php\/urun\/insanlik-deneyi\/"},"modified":"2026-04-16T02:35:15","modified_gmt":"2026-04-15T23:35:15","slug":"insanlik-deneyi","status":"publish","type":"product","link":"https:\/\/roveyayinevi.com.tr\/index.php\/urun\/insanlik-deneyi\/","title":{"rendered":"\u0130nsanl\u0131k Deneyi"},"content":{"rendered":"<p>21 A\u011fustos 2055 g\u00fcn\u00fc saat 14:55\u2019te Havva d\u00fcnyaya merhaba dedi. O g\u00fcn ekipteki herkes, \u00fcniversite y\u00f6netimi ve \u015firketin kontrol\u00f6rleri oradayd\u0131. Ben, bebe\u011finin do\u011fum haberini heyecanla koridorda bekleyen babayd\u0131m. \u2026 Onu \u00e7al\u0131\u015ft\u0131rd\u0131k. Ben monit\u00f6r\u00fcn\u00fcn \u00f6n\u00fcne ge\u00e7tim. Grafik motoruna y\u00fcklenmek istemedi\u011fimizden minimumda tutu\u011fumuz k\u00f6\u015feli sanal kad\u0131n y\u00fcz\u00fc g\u00f6r\u00fcn\u00fcr oldu. Kalbimin etraf\u0131ndaki ku\u015flar ars\u0131zca kanat \u00e7\u0131rp\u0131yorlard\u0131. Y\u00fcz g\u00fcl\u00fcmsedi. Mekanik robotumsu kad\u0131n sesi, \u201cMerhaba d\u00fcnya\u201d dedi. Ayr\u0131cal\u0131kl\u0131 site hayat\u0131ndan ka\u00e7\u0131p hurdal\u0131kta bir otob\u00fcste benzersiz dostluklar kuran be\u015f \u00e7ocuk gelece\u011fi tamam\u0131yla de\u011fi\u015ftireceklerinden habersizdi\u2026 \u00dcniversitede yollar\u0131 ayr\u0131lan dostlardan Bekir ile Cengiz d\u00fcnyada duygular\u0131 olan ilk yapay zek\u00e2y\u0131, Havva\u2019y\u0131 geli\u015ftirecekler, yaratma co\u015fkusunun ard\u0131ndan ya\u015fananlar hem be\u015f arkada\u015f\u0131 hem d\u00fcnyay\u0131 bamba\u015fka bir yere s\u00fcr\u00fckleyecekti\u2026 Erbu\u011f Kaya heyecanl\u0131 bir gelecek kurgusu i\u00e7inde, dostlu\u011fu, a\u015fk\u0131, yarat\u0131c\u0131l\u0131\u011f\u0131, insan olman\u0131n anlam\u0131n\u0131 sorguluyor\u2026  <\/p>\n","protected":false},"excerpt":{"rendered":"<p>21 A\u011fustos 2055 g\u00fcn\u00fc saat 14:55\u2019te Havva d\u00fcnyaya merhaba dedi. O g\u00fcn ekipteki herkes, \u00fcniversite y\u00f6netimi ve \u015firketin kontrol\u00f6rleri oradayd\u0131. Ben, bebe\u011finin do\u011fum haberini heyecanla koridorda<span class=\"excerpt-hellip\"> [\u2026]<\/span><\/p>\n","protected":false},"featured_media":0,"template":"","meta":{"_monsterinsights_skip_tracking":false,"_monsterinsights_sitenote_active":false,"_monsterinsights_sitenote_note":"","_monsterinsights_sitenote_category":0},"product_brand":[],"product_cat":[12291,12711],"product_tag":[],"class_list":{"0":"post-727279","1":"product","2":"type-product","3":"status-publish","5":"product_cat-edebiyat","6":"product_cat-roman-oyku","7":"pa_cilt-ciltsiz","8":"pa_tur-kitap","9":"pa_yayinevi-dogan-kitap","10":"pa_yazar-erbug-kaya","12":"first","13":"instock","14":"sale","15":"shipping-taxable","16":"purchasable","17":"product-type-simple"},"_links":{"self":[{"href":"https:\/\/roveyayinevi.com.tr\/index.php\/wp-json\/wp\/v2\/product\/727279","targetHints":{"allow":["GET"]}}],"collection":[{"href":"https:\/\/roveyayinevi.com.tr\/index.php\/wp-json\/wp\/v2\/product"}],"about":[{"href":"https:\/\/roveyayinevi.com.tr\/index.php\/wp-json\/wp\/v2\/types\/product"}],"wp:attachment":[{"href":"https:\/\/roveyayinevi.com.tr\/index.php\/wp-json\/wp\/v2\/media?parent=727279"}],"wp:term":[{"taxonomy":"product_brand","embeddable":true,"href":"https:\/\/roveyayinevi.com.tr\/index.php\/wp-json\/wp\/v2\/product_brand?post=727279"},{"taxonomy":"product_cat","embeddable":true,"href":"https:\/\/roveyayinevi.com.tr\/index.php\/wp-json\/wp\/v2\/product_cat?post=727279"},{"taxonomy":"product_tag","embeddable":true,"href":"https:\/\/roveyayinevi.com.tr\/index.php\/wp-json\/wp\/v2\/product_tag?post=727279"}],"curies":[{"name":"wp","href":"https:\/\/api.w.org\/{rel}","templated":true}]}}