{"id":727274,"date":"2025-08-27T20:19:35","date_gmt":"2025-08-27T17:19:35","guid":{"rendered":"https:\/\/roveyayinevi.com.tr\/index.php\/urun\/mutfak-okulu\/"},"modified":"2026-04-16T02:35:15","modified_gmt":"2026-04-15T23:35:15","slug":"mutfak-okulu","status":"publish","type":"product","link":"https:\/\/roveyayinevi.com.tr\/index.php\/urun\/mutfak-okulu\/","title":{"rendered":"Mutfak Okulu"},"content":{"rendered":"<p>\u2018\u2019&#8230; bu s\u0131n\u0131ftaki be\u015f \u00f6\u011frencinin be\u015fi de ayn\u0131 derecede umutsuz vakalard\u0131. Sadece be\u015f ki\u015fi, \u00e7ok daha kalabal\u0131k s\u0131n\u0131flardakilerin toplam\u0131ndan daha fazla sorun yaratmay\u0131 beceriyorlard\u0131. \u2018Hepsi birbirinden beter!\u2019 diye d\u00fc\u015f\u00fcnd\u00fc . \u2018Herkes kendi derdinde. Yemek okulu de\u011fil, psikiyatri klini\u011fi sanki can\u0131na yand\u0131\u011f\u0131m!\u2019\u201dKendine hayran, filmlerdeki gibi bir \u015fefle evlenmek pe\u015findeki \u0130nci; hayal insan\u0131, sakar Mustafa; yapt\u0131\u011f\u0131 s\u0131k\u0131 rejim sonucu verdi\u011fi kilolar\u0131 tekrar almaktan \u00f6lesiye korkan, terfi bekleyen Fikret; s\u0131k\u0131nt\u0131l\u0131 H\u00fclya; kendi kendisiyle konu\u015fup duran, yaln\u0131z S\u00fcheyla Han\u0131m; teselliyi alkolde arayan, her bak\u0131mdan \u201cd\u00fc\u015fm\u00fc\u015f bir y\u0131ld\u0131z \u015fef\u201d olan Ahmet; \u201ca\u015f\u00e7\u0131 yama\u011f\u0131\u201dTekin&#8230; Rastlant\u0131lar sonucu bir \u201cmutfak okulu\u201dnda bir araya gelmi\u015f, her biri kendine \u00f6zg\u00fc derde, \u015fik\u00e2yete, \u00f6zleme, hayale, mutlulu\u011fa, mutsuzlu\u011fa sahip yedi ki\u015fi&#8230; G\u00fczin Yal\u0131n, Mutfak Okulu\u2019nda t\u00fcrl\u00fc insan tiplerinin renkli bir manzaras\u0131n\u0131 sunmakla kalm\u0131yor, hem yemek yapman\u0131n kimileri i\u00e7in iyile\u015ftirici ve teskin edici etkisini g\u00f6steriyor hem de ge\u00e7mi\u015fle hesapla\u015fman\u0131n zorluklar\u0131n\u0131 sezdiriyor&#8230; Hayat\u0131n i\u00e7inden leziz bir mutfak hik\u00e2yesi&#8230;<\/p>\n","protected":false},"excerpt":{"rendered":"<p>\u2018\u2019&#8230; bu s\u0131n\u0131ftaki be\u015f \u00f6\u011frencinin be\u015fi de ayn\u0131 derecede umutsuz vakalard\u0131. Sadece be\u015f ki\u015fi, \u00e7ok daha kalabal\u0131k s\u0131n\u0131flardakilerin toplam\u0131ndan daha fazla sorun yaratmay\u0131 beceriyorlard\u0131. \u2018Hepsi birbirinden<span class=\"excerpt-hellip\"> [\u2026]<\/span><\/p>\n","protected":false},"featured_media":0,"template":"","meta":{"_monsterinsights_skip_tracking":false,"_monsterinsights_sitenote_active":false,"_monsterinsights_sitenote_note":"","_monsterinsights_sitenote_category":0},"product_brand":[],"product_cat":[12291,12711],"product_tag":[],"class_list":{"0":"post-727274","1":"product","2":"type-product","3":"status-publish","5":"product_cat-edebiyat","6":"product_cat-roman-oyku","7":"pa_cilt-ciltsiz","8":"pa_tur-kitap","9":"pa_yayinevi-iletisim-yayinlari","10":"pa_yazar-guzin-yalin","12":"first","13":"instock","14":"sale","15":"shipping-taxable","16":"purchasable","17":"product-type-simple"},"_links":{"self":[{"href":"https:\/\/roveyayinevi.com.tr\/index.php\/wp-json\/wp\/v2\/product\/727274","targetHints":{"allow":["GET"]}}],"collection":[{"href":"https:\/\/roveyayinevi.com.tr\/index.php\/wp-json\/wp\/v2\/product"}],"about":[{"href":"https:\/\/roveyayinevi.com.tr\/index.php\/wp-json\/wp\/v2\/types\/product"}],"wp:attachment":[{"href":"https:\/\/roveyayinevi.com.tr\/index.php\/wp-json\/wp\/v2\/media?parent=727274"}],"wp:term":[{"taxonomy":"product_brand","embeddable":true,"href":"https:\/\/roveyayinevi.com.tr\/index.php\/wp-json\/wp\/v2\/product_brand?post=727274"},{"taxonomy":"product_cat","embeddable":true,"href":"https:\/\/roveyayinevi.com.tr\/index.php\/wp-json\/wp\/v2\/product_cat?post=727274"},{"taxonomy":"product_tag","embeddable":true,"href":"https:\/\/roveyayinevi.com.tr\/index.php\/wp-json\/wp\/v2\/product_tag?post=727274"}],"curies":[{"name":"wp","href":"https:\/\/api.w.org\/{rel}","templated":true}]}}