{"id":727271,"date":"2025-08-27T20:19:32","date_gmt":"2025-08-27T17:19:32","guid":{"rendered":"https:\/\/roveyayinevi.com.tr\/index.php\/urun\/bademin-yolculugu\/"},"modified":"2026-04-16T02:35:14","modified_gmt":"2026-04-15T23:35:14","slug":"bademin-yolculugu","status":"publish","type":"product","link":"https:\/\/roveyayinevi.com.tr\/index.php\/urun\/bademin-yolculugu\/","title":{"rendered":"Badem\u2019in Yolculu\u011fu"},"content":{"rendered":"<p>\u00c7izgili sincap Badem, ay\u0131 dostu Tonton\u2019dan bir mektup ald\u0131. Tonton onu yan\u0131na \u00e7a\u011f\u0131r\u0131yordu. Demek ki Badem\u2019in yard\u0131m\u0131na ihtiyac\u0131 vard\u0131! F\u0131rt\u0131na yakla\u015f\u0131yordu. Lapa lapa kar ya\u011f\u0131yordu. Ama Badem, sevgili dostunun yan\u0131nda olmaya kararl\u0131yd\u0131. \u00c7\u0131kt\u0131\u011f\u0131 yolculu\u011fun sonunda, onu muhte\u015fem bir s\u00fcrpriz bekliyordu!<span>Tan\u0131t\u0131m Metni<\/span>&lt;\/im<\/p>\n","protected":false},"excerpt":{"rendered":"<p>\u00c7izgili sincap Badem, ay\u0131 dostu Tonton\u2019dan bir mektup ald\u0131. Tonton onu yan\u0131na \u00e7a\u011f\u0131r\u0131yordu. Demek ki Badem\u2019in yard\u0131m\u0131na ihtiyac\u0131 vard\u0131! F\u0131rt\u0131na yakla\u015f\u0131yordu. Lapa lapa kar ya\u011f\u0131yordu. Ama<span class=\"excerpt-hellip\"> [\u2026]<\/span><\/p>\n","protected":false},"featured_media":0,"template":"","meta":{"_monsterinsights_skip_tracking":false,"_monsterinsights_sitenote_active":false,"_monsterinsights_sitenote_note":"","_monsterinsights_sitenote_category":0},"product_brand":[],"product_cat":[12274,12284],"product_tag":[],"class_list":{"0":"post-727271","1":"product","2":"type-product","3":"status-publish","5":"product_cat-cocuk-ve-genclik-kitaplari","6":"product_cat-hikayeler","7":"pa_cilt-ciltsiz","8":"pa_tur-kitap","9":"pa_yayinevi-is-bankasi-kultur-yayinlari","10":"pa_yazar-brian-lies","12":"first","13":"instock","14":"sale","15":"shipping-taxable","16":"purchasable","17":"product-type-simple"},"_links":{"self":[{"href":"https:\/\/roveyayinevi.com.tr\/index.php\/wp-json\/wp\/v2\/product\/727271","targetHints":{"allow":["GET"]}}],"collection":[{"href":"https:\/\/roveyayinevi.com.tr\/index.php\/wp-json\/wp\/v2\/product"}],"about":[{"href":"https:\/\/roveyayinevi.com.tr\/index.php\/wp-json\/wp\/v2\/types\/product"}],"wp:attachment":[{"href":"https:\/\/roveyayinevi.com.tr\/index.php\/wp-json\/wp\/v2\/media?parent=727271"}],"wp:term":[{"taxonomy":"product_brand","embeddable":true,"href":"https:\/\/roveyayinevi.com.tr\/index.php\/wp-json\/wp\/v2\/product_brand?post=727271"},{"taxonomy":"product_cat","embeddable":true,"href":"https:\/\/roveyayinevi.com.tr\/index.php\/wp-json\/wp\/v2\/product_cat?post=727271"},{"taxonomy":"product_tag","embeddable":true,"href":"https:\/\/roveyayinevi.com.tr\/index.php\/wp-json\/wp\/v2\/product_tag?post=727271"}],"curies":[{"name":"wp","href":"https:\/\/api.w.org\/{rel}","templated":true}]}}