{"id":727268,"date":"2025-08-27T20:19:29","date_gmt":"2025-08-27T17:19:29","guid":{"rendered":"https:\/\/roveyayinevi.com.tr\/index.php\/urun\/mavi-dag\/"},"modified":"2026-04-16T02:35:14","modified_gmt":"2026-04-15T23:35:14","slug":"mavi-dag","status":"publish","type":"product","link":"https:\/\/roveyayinevi.com.tr\/index.php\/urun\/mavi-dag\/","title":{"rendered":"Mavi Da\u011f"},"content":{"rendered":"<p>A\u015fk ve Kader, \u00d6l\u00fcm ve Ya\u015fam, \u0130yilik ve K\u00f6t\u00fcl\u00fck&#8230; Nil ve arkada\u015flar\u0131 taraf\u0131n\u0131 se\u00e7mek zorunda&#8230; G\u00fcnebakan \u00dc\u00e7lemesi\u2019nin ikinci kitab\u0131 Mavi Da\u011f\u2019da Nil ve arkada\u015flar\u0131n\u0131 yeni maceralar bekliyor\u2026 Supay\u2019\u0131n karanl\u0131k g\u00fc\u00e7leri \u00e7o\u011fal\u0131rken G\u00fcnebakan Nil ve arkada\u015flar\u0131 Ruhlar Konseyi\u2019nin kar\u015f\u0131s\u0131nda. \u00dcstelik Nil ve Kayra\u2019n\u0131n efsanele\u015fen a\u015fk\u0131 hi\u00e7 beklemedi\u011fi bir tehdidin pen\u00e7esinde. Kader aya\u011f\u0131m\u0131zdaki pranga m\u0131d\u0131r? A\u015fk, sava\u015fman\u0131n en yal\u0131n haliyse e\u011fer; kim kar\u015f\u0131s\u0131nda durabilir bu sava\u015f\u0131n? Her sayfas\u0131n\u0131 merakla \u00e7evirece\u011finiz Mavi Da\u011f\u2019da heyecan hi\u00e7 bitmeyecek! Fantastik edebiyat\u0131n efsunlu kalemi G\u00fcl\u015fah Elikbank, Mavi Da\u011f ile, okurlar\u0131na gizemli ve karanl\u0131k oldu\u011fu kadar sevgi dolu ve umutlu bir hik\u00e2ye anlat\u0131yor. <\/p>\n","protected":false},"excerpt":{"rendered":"<p>A\u015fk ve Kader, \u00d6l\u00fcm ve Ya\u015fam, \u0130yilik ve K\u00f6t\u00fcl\u00fck&#8230; Nil ve arkada\u015flar\u0131 taraf\u0131n\u0131 se\u00e7mek zorunda&#8230; G\u00fcnebakan \u00dc\u00e7lemesi\u2019nin ikinci kitab\u0131 Mavi Da\u011f\u2019da Nil ve arkada\u015flar\u0131n\u0131 yeni maceralar<span class=\"excerpt-hellip\"> [\u2026]<\/span><\/p>\n","protected":false},"featured_media":0,"template":"","meta":{"_monsterinsights_skip_tracking":false,"_monsterinsights_sitenote_active":false,"_monsterinsights_sitenote_note":"","_monsterinsights_sitenote_category":0},"product_brand":[],"product_cat":[12291,12711],"product_tag":[],"class_list":{"0":"post-727268","1":"product","2":"type-product","3":"status-publish","5":"product_cat-edebiyat","6":"product_cat-roman-oyku","7":"pa_cilt-ciltsiz","8":"pa_tur-kitap","9":"pa_yayinevi-kara-karga-yayinlari","10":"pa_yazar-gulsah-elikbank","12":"first","13":"instock","14":"sale","15":"shipping-taxable","16":"purchasable","17":"product-type-simple"},"_links":{"self":[{"href":"https:\/\/roveyayinevi.com.tr\/index.php\/wp-json\/wp\/v2\/product\/727268","targetHints":{"allow":["GET"]}}],"collection":[{"href":"https:\/\/roveyayinevi.com.tr\/index.php\/wp-json\/wp\/v2\/product"}],"about":[{"href":"https:\/\/roveyayinevi.com.tr\/index.php\/wp-json\/wp\/v2\/types\/product"}],"wp:attachment":[{"href":"https:\/\/roveyayinevi.com.tr\/index.php\/wp-json\/wp\/v2\/media?parent=727268"}],"wp:term":[{"taxonomy":"product_brand","embeddable":true,"href":"https:\/\/roveyayinevi.com.tr\/index.php\/wp-json\/wp\/v2\/product_brand?post=727268"},{"taxonomy":"product_cat","embeddable":true,"href":"https:\/\/roveyayinevi.com.tr\/index.php\/wp-json\/wp\/v2\/product_cat?post=727268"},{"taxonomy":"product_tag","embeddable":true,"href":"https:\/\/roveyayinevi.com.tr\/index.php\/wp-json\/wp\/v2\/product_tag?post=727268"}],"curies":[{"name":"wp","href":"https:\/\/api.w.org\/{rel}","templated":true}]}}