{"id":727266,"date":"2025-08-27T20:19:27","date_gmt":"2025-08-27T17:19:27","guid":{"rendered":"https:\/\/roveyayinevi.com.tr\/index.php\/urun\/caglar-odasini-topluyor-ilk-okuma-kitabim\/"},"modified":"2026-04-12T02:41:42","modified_gmt":"2026-04-11T23:41:42","slug":"caglar-odasini-topluyor-ilk-okuma-kitabim","status":"publish","type":"product","link":"https:\/\/roveyayinevi.com.tr\/index.php\/urun\/caglar-odasini-topluyor-ilk-okuma-kitabim\/","title":{"rendered":"\u00c7a\u011flar Odas\u0131n\u0131 Topluyor &#8211; \u0130lk Okuma Kitab\u0131m"},"content":{"rendered":"<p>\u00c7a\u011flar, resim yapmak istedi\u011finde sulu boya tak\u0131m\u0131n\u0131 arad\u0131, ama hi\u00e7bir yerde bulamad\u0131. \u00dcstelik odas\u0131n\u0131 da da\u011f\u0131tt\u0131. O s\u0131rada en yak\u0131n arkada\u015f\u0131 Pelin ziyaretine geldi ve ona odas\u0131n\u0131 toplarken yard\u0131m etmeye ba\u015flad\u0131. Odadaki t\u00fcm e\u015fyalar ve oyuncaklar bir dolaba s\u0131\u011facak m\u0131yd\u0131 acaba? Oda toplarken faydas\u0131 olacak \u00f6neriler bulabilece\u011finiz Oda toplarken faydas\u0131 olacak \u00f6neriler bulabilece\u011finiz e\u011flenceli bir \u00f6yk\u00fc&#8230;<span>Tan\u0131t\u0131m Metni<\/span>&lt;\/im<\/p>\n","protected":false},"excerpt":{"rendered":"<p>\u00c7a\u011flar, resim yapmak istedi\u011finde sulu boya tak\u0131m\u0131n\u0131 arad\u0131, ama hi\u00e7bir yerde bulamad\u0131. \u00dcstelik odas\u0131n\u0131 da da\u011f\u0131tt\u0131. O s\u0131rada en yak\u0131n arkada\u015f\u0131 Pelin ziyaretine geldi ve ona<span class=\"excerpt-hellip\"> [\u2026]<\/span><\/p>\n","protected":false},"featured_media":0,"template":"","meta":{"_monsterinsights_skip_tracking":false,"_monsterinsights_sitenote_active":false,"_monsterinsights_sitenote_note":"","_monsterinsights_sitenote_category":0},"product_brand":[],"product_cat":[12274,12284],"product_tag":[],"class_list":{"0":"post-727266","1":"product","2":"type-product","3":"status-publish","5":"product_cat-cocuk-ve-genclik-kitaplari","6":"product_cat-hikayeler","7":"pa_cilt-ciltsiz","8":"pa_tur-kitap","9":"pa_yayinevi-is-bankasi-kultur-yayinlari","10":"pa_yazar-christian-tielmann","12":"first","13":"instock","14":"sale","15":"shipping-taxable","16":"purchasable","17":"product-type-simple"},"_links":{"self":[{"href":"https:\/\/roveyayinevi.com.tr\/index.php\/wp-json\/wp\/v2\/product\/727266","targetHints":{"allow":["GET"]}}],"collection":[{"href":"https:\/\/roveyayinevi.com.tr\/index.php\/wp-json\/wp\/v2\/product"}],"about":[{"href":"https:\/\/roveyayinevi.com.tr\/index.php\/wp-json\/wp\/v2\/types\/product"}],"wp:attachment":[{"href":"https:\/\/roveyayinevi.com.tr\/index.php\/wp-json\/wp\/v2\/media?parent=727266"}],"wp:term":[{"taxonomy":"product_brand","embeddable":true,"href":"https:\/\/roveyayinevi.com.tr\/index.php\/wp-json\/wp\/v2\/product_brand?post=727266"},{"taxonomy":"product_cat","embeddable":true,"href":"https:\/\/roveyayinevi.com.tr\/index.php\/wp-json\/wp\/v2\/product_cat?post=727266"},{"taxonomy":"product_tag","embeddable":true,"href":"https:\/\/roveyayinevi.com.tr\/index.php\/wp-json\/wp\/v2\/product_tag?post=727266"}],"curies":[{"name":"wp","href":"https:\/\/api.w.org\/{rel}","templated":true}]}}