{"id":727264,"date":"2025-08-27T20:19:26","date_gmt":"2025-08-27T17:19:26","guid":{"rendered":"https:\/\/roveyayinevi.com.tr\/index.php\/urun\/son-dogal-insan-nereden-geldik-nereye-gidiyoruz\/"},"modified":"2026-04-16T02:35:14","modified_gmt":"2026-04-15T23:35:14","slug":"son-dogal-insan-nereden-geldik-nereye-gidiyoruz","status":"publish","type":"product","link":"https:\/\/roveyayinevi.com.tr\/index.php\/urun\/son-dogal-insan-nereden-geldik-nereye-gidiyoruz\/","title":{"rendered":"Son Do\u011fal \u0130nsan Nereden Geldik Nereye Gidiyoruz?"},"content":{"rendered":"<p>\u201cBir g\u00fcn Son Do\u011fal \u0130nsan\u0131 \u00e7ok \u00f6zleyebiliriz, ne var ki belki de t\u00fcr\u00fcm\u00fcz\u00fc devam ettirmek ve daha da ileriye gitmek i\u00e7in gereken niteliklere ancak gelece\u011fin de\u011fi\u015ftirilmi\u015f insan\u0131 sahip olabilir.\u201d\u00d6nemli bir d\u00f6n\u00fc\u015f\u00fcm\u00fcn e\u015fi\u011findeyiz. T\u00fcm insanl\u0131k tarihinde \u201ck\u0131smen veya tamamen do\u011fal\u201d son nesil olabilece\u011fimiz bir noktaday\u0131z: Son Do\u011fal \u0130nsan. Do\u011fal da hangi a\u00e7\u0131dan? Beden par\u00e7alar\u0131n\u0131 yenisiyle de\u011fi\u015ftirmemi\u015f veya modifiye etmemi\u015f bir insan\u0131n do\u011fall\u0131\u011f\u0131ndan m\u0131 bahsediyoruz? \u00d6yleyse lazer cerrahisini, diz ya da kal\u00e7a protezlerini veya ila\u00e7 tedavisini nas\u0131l s\u0131n\u0131fland\u0131raca\u011f\u0131z? Avc\u0131 toplay\u0131c\u0131 atalar\u0131m\u0131z\u0131n muhte\u015fem \u00f6zelliklere sahip olmas\u0131 gibi, gelece\u011fin insan\u0131 da, \u00e7o\u011fu yapay olmakla birlikte \u00e7ok cazip \u00f6zelliklere sahip olacak. B\u00fcy\u00fck bulu\u015flar ve ola\u011fan\u00fcst\u00fc de\u011fi\u015fimlerle dolu bir gelece\u011fe ge\u00e7meye haz\u0131r gibi g\u00f6r\u00fcn\u00fcyoruz. Peki, b\u00fct\u00fcn bu de\u011fi\u015fimler iyili\u011fe mi hizmet edecek?Gelecekte insan olmak ne anlama gelecek? Bizi bekleyen as\u0131l t\u0131bbi ve sosyal sorunlar neler?Ba\u015far\u0131ya giden en iyi yolu se\u00e7erken odaklanmam\u0131z gereken \u00f6ncelikli hedefler hangileri? Son Do\u011fal \u0130nsan t\u00fcm bu sorular\u0131n ve daha fazlas\u0131n\u0131n cevaplar\u0131n\u0131 ge\u00e7mi\u015fe, g\u00fcn\u00fcm\u00fcze ve gelece\u011fe bakarak vermeye \u00e7al\u0131\u015f\u0131yor.<span>Tan\u0131t\u0131m Metni<\/span>&lt;\/im<\/p>\n","protected":false},"excerpt":{"rendered":"<p>\u201cBir g\u00fcn Son Do\u011fal \u0130nsan\u0131 \u00e7ok \u00f6zleyebiliriz, ne var ki belki de t\u00fcr\u00fcm\u00fcz\u00fc devam ettirmek ve daha da ileriye gitmek i\u00e7in gereken niteliklere ancak gelece\u011fin de\u011fi\u015ftirilmi\u015f<span class=\"excerpt-hellip\"> [\u2026]<\/span><\/p>\n","protected":false},"featured_media":0,"template":"","meta":{"_monsterinsights_skip_tracking":false,"_monsterinsights_sitenote_active":false,"_monsterinsights_sitenote_note":"","_monsterinsights_sitenote_category":0},"product_brand":[],"product_cat":[13005,37328],"product_tag":[],"class_list":{"0":"post-727264","1":"product","2":"type-product","3":"status-publish","5":"product_cat-bilim-muhendislik","6":"product_cat-diger-bilim-muhendislik","7":"pa_cilt-ciltsiz","8":"pa_tur-kitap","9":"pa_yayinevi-is-bankasi-kultur-yayinlari","10":"pa_yazar-robert-a-norman-sharad-p-paul","12":"first","13":"instock","14":"sale","15":"shipping-taxable","16":"purchasable","17":"product-type-simple"},"_links":{"self":[{"href":"https:\/\/roveyayinevi.com.tr\/index.php\/wp-json\/wp\/v2\/product\/727264","targetHints":{"allow":["GET"]}}],"collection":[{"href":"https:\/\/roveyayinevi.com.tr\/index.php\/wp-json\/wp\/v2\/product"}],"about":[{"href":"https:\/\/roveyayinevi.com.tr\/index.php\/wp-json\/wp\/v2\/types\/product"}],"wp:attachment":[{"href":"https:\/\/roveyayinevi.com.tr\/index.php\/wp-json\/wp\/v2\/media?parent=727264"}],"wp:term":[{"taxonomy":"product_brand","embeddable":true,"href":"https:\/\/roveyayinevi.com.tr\/index.php\/wp-json\/wp\/v2\/product_brand?post=727264"},{"taxonomy":"product_cat","embeddable":true,"href":"https:\/\/roveyayinevi.com.tr\/index.php\/wp-json\/wp\/v2\/product_cat?post=727264"},{"taxonomy":"product_tag","embeddable":true,"href":"https:\/\/roveyayinevi.com.tr\/index.php\/wp-json\/wp\/v2\/product_tag?post=727264"}],"curies":[{"name":"wp","href":"https:\/\/api.w.org\/{rel}","templated":true}]}}