{"id":727260,"date":"2025-08-27T20:19:22","date_gmt":"2025-08-27T17:19:22","guid":{"rendered":"https:\/\/roveyayinevi.com.tr\/index.php\/urun\/bir-yakali-kertenkele-ne-yapabilir\/"},"modified":"2026-04-16T02:35:14","modified_gmt":"2026-04-15T23:35:14","slug":"bir-yakali-kertenkele-ne-yapabilir","status":"publish","type":"product","link":"https:\/\/roveyayinevi.com.tr\/index.php\/urun\/bir-yakali-kertenkele-ne-yapabilir\/","title":{"rendered":"Bir Yakal\u0131 Kertenkele Ne Yapabilir"},"content":{"rendered":"<p>Bir Yakal\u0131 Kertenkele Ne yapabilir? kitab\u0131 \u00e7ocuklar i\u00e7in d\u00fc\u015f\u00fcnd\u00fcr\u00fcc\u00fc \u00f6zelli\u011fi ile \u00f6n plana \u00e7\u0131k\u0131yor. Kitap, \u00f6zg\u00fcn bir bedene sahip olan yakal\u0131 kertenkelenin m\u00fczik yolculu\u011funu anlat\u0131yor. Bir soruyla ba\u015fl\u0131yor t\u00fcm yolculuk&#8230; Neden bedenindeki bu yaka s\u00fcrekli a\u00e7\u0131l\u0131p kapan\u0131yor? \u0130\u015fte bu sorunun pe\u015fine d\u00fc\u015fen Ti\u00e7iko nihayet bedenindeki yakan\u0131n hayalleri i\u00e7in bir engel olmad\u0131\u011f\u0131n\u0131 ke\u015ffediyor. Toplumsal cinsiyet e\u015fitli\u011fine de g\u00f6nderme yapan kitapta beden ve yap\u0131labilirlik ili\u015fkisi \u00e7ocuk okura sezdiriliyor. Nihayetinde \u00e7aban\u0131n, d\u00fc\u015f kurman\u0131n, dayan\u0131\u015fman\u0131n g\u00fczelli\u011fini duyumsat\u0131rken engel kavram\u0131 \u00fczerine de d\u00fc\u015f\u00fcnd\u00fcr\u00fcyor. Kitapta yer alan &#8216;Yakal\u0131 Kertenkeleyle Felsefe Sorular\u0131&#8217; ve d\u00fc\u015f\u00fcnd\u00fcren hikayesiyle \u00e7ocuklarla felsefe \u00e7al\u0131\u015fmalar\u0131na da bir kaynak niteli\u011fi ta\u015f\u0131yor. Ayr\u0131ca kitab\u0131n arkas\u0131nda yer alan resim ve yarat\u0131c\u0131l\u0131k b\u00f6l\u00fcmleriyle de \u00e7ocuklara hayal edebilecekleri, serbest\u00e7e \u00e7izim yapabilecekleri \u00f6zg\u00fcrl\u00fck alanlar\u0131 sunuyor.<span>Tan\u0131t\u0131m Metni<\/span>&lt;\/im<\/p>\n","protected":false},"excerpt":{"rendered":"<p>Bir Yakal\u0131 Kertenkele Ne yapabilir? kitab\u0131 \u00e7ocuklar i\u00e7in d\u00fc\u015f\u00fcnd\u00fcr\u00fcc\u00fc \u00f6zelli\u011fi ile \u00f6n plana \u00e7\u0131k\u0131yor. Kitap, \u00f6zg\u00fcn bir bedene sahip olan yakal\u0131 kertenkelenin m\u00fczik yolculu\u011funu anlat\u0131yor. Bir<span class=\"excerpt-hellip\"> [\u2026]<\/span><\/p>\n","protected":false},"featured_media":0,"template":"","meta":{"_monsterinsights_skip_tracking":false,"_monsterinsights_sitenote_active":false,"_monsterinsights_sitenote_note":"","_monsterinsights_sitenote_category":0},"product_brand":[],"product_cat":[12274,12631],"product_tag":[],"class_list":{"0":"post-727260","1":"product","2":"type-product","3":"status-publish","5":"product_cat-cocuk-ve-genclik-kitaplari","6":"product_cat-diger-cocuk-ve-genclik-kitaplari","7":"pa_cilt-ciltsiz","8":"pa_tur-kitap","9":"pa_yayinevi-nika-yayinevi","10":"pa_yazar-gul-candir-sac","12":"first","13":"instock","14":"sale","15":"shipping-taxable","16":"purchasable","17":"product-type-simple"},"_links":{"self":[{"href":"https:\/\/roveyayinevi.com.tr\/index.php\/wp-json\/wp\/v2\/product\/727260","targetHints":{"allow":["GET"]}}],"collection":[{"href":"https:\/\/roveyayinevi.com.tr\/index.php\/wp-json\/wp\/v2\/product"}],"about":[{"href":"https:\/\/roveyayinevi.com.tr\/index.php\/wp-json\/wp\/v2\/types\/product"}],"wp:attachment":[{"href":"https:\/\/roveyayinevi.com.tr\/index.php\/wp-json\/wp\/v2\/media?parent=727260"}],"wp:term":[{"taxonomy":"product_brand","embeddable":true,"href":"https:\/\/roveyayinevi.com.tr\/index.php\/wp-json\/wp\/v2\/product_brand?post=727260"},{"taxonomy":"product_cat","embeddable":true,"href":"https:\/\/roveyayinevi.com.tr\/index.php\/wp-json\/wp\/v2\/product_cat?post=727260"},{"taxonomy":"product_tag","embeddable":true,"href":"https:\/\/roveyayinevi.com.tr\/index.php\/wp-json\/wp\/v2\/product_tag?post=727260"}],"curies":[{"name":"wp","href":"https:\/\/api.w.org\/{rel}","templated":true}]}}