{"id":727259,"date":"2025-08-27T20:19:21","date_gmt":"2025-08-27T17:19:21","guid":{"rendered":"https:\/\/roveyayinevi.com.tr\/index.php\/urun\/karizma-ve-lider-kultu\/"},"modified":"2026-04-16T02:35:14","modified_gmt":"2026-04-15T23:35:14","slug":"karizma-ve-lider-kultu","status":"publish","type":"product","link":"https:\/\/roveyayinevi.com.tr\/index.php\/urun\/karizma-ve-lider-kultu\/","title":{"rendered":"Karizma ve Lider K\u00fclt\u00fc"},"content":{"rendered":"<p>Otoriterlik dozu her ge\u00e7en g\u00fcn artan \u201ckarizmatik\u201d liderler ile kitleler aras\u0131nda kurulan ili\u015fki uzun y\u0131llard\u0131r farkl\u0131 disiplinlerin \u00fczerine d\u00fc\u015f\u00fcnd\u00fc\u011f\u00fc ve ara\u015ft\u0131rd\u0131\u011f\u0131 bir aland\u0131r. Hitler fa\u015fizminin karanl\u0131\u011f\u0131ndan bu yana, kitlelerin otoriter rejim ve \u201ctek adam\u201dlara neden ve nas\u0131l destek verdi\u011fi sorusu hala g\u00fcncelli\u011fini korumaktad\u0131r. Eril, milliyet\u00e7i ve \u00f6zg\u00fcrl\u00fck perspektifinin en ufak kazan\u0131mlar\u0131na bile d\u00fc\u015fman olan \u201ctek adam\u201dlar\u0131n iktidarlar\u0131n\u0131n kitlelerden g\u00f6rd\u00fc\u011f\u00fc deste\u011fin neden ve nas\u0131l ger\u00e7ekle\u015fti\u011fi anla\u015f\u0131lmay\u0131 bekleyen \u00f6nemli bir sorundur. Tam da bu nedenle, kitle, t\u00fcm lider ara\u015ft\u0131rmalar\u0131n\u0131n kar\u015f\u0131s\u0131nda en az onun kadar \u00fczerine d\u00fc\u015f\u00fcn\u00fclen bir olgu olagelmi\u015ftir. Kitle, halk, toplum\u2026 \u00c7e\u015fitli bi\u00e7imlerde tan\u0131mlanan y\u0131\u011f\u0131nlar\u0131n karizmatik otoriter lider ve rejimlerle kurdu\u011fu ili\u015fkinin psikolojik, toplumsal ve ekonomik olmak \u00fczere \u00e7ok boyutlu temelleri vard\u0131r. Kitlelerin kendilerine atfetti\u011fi toplumsal anlam kayda de\u011ferdir. \u201cTek adam\u201dlar\u0131n g\u00fc\u00e7 ald\u0131\u011f\u0131, ad\u0131na hareket etti\u011fini iddia etti\u011fi kitleler, bireyin \u00f6tesinde toplam bir anlama sahiptir. \u201cToplam\u201d i\u00e7in hareket etti\u011fini iddia eden ve g\u00fcc\u00fcn\u00fc \u201ctoplam\u201ddan alan, giderek otoriterle\u015fen iktidarlar\u0131n yerk\u00fcrenin neredeyse tamam\u0131nda iktidar sahibi olmaya ba\u015flad\u0131\u011f\u0131 bu g\u00fcnlerde, elinizdeki kitap, kitle ile otoriter ve karizmatik lider aras\u0131nda kurulan ili\u015fkinin yenilenmi\u015f y\u00fcz\u00fcn\u00fc anlama \u00e7abas\u0131na katk\u0131 sunmay\u0131 arzu etmektedir. <span>Tan\u0131t\u0131m Metni<\/span>&lt;\/im<\/p>\n","protected":false},"excerpt":{"rendered":"<p>Otoriterlik dozu her ge\u00e7en g\u00fcn artan \u201ckarizmatik\u201d liderler ile kitleler aras\u0131nda kurulan ili\u015fki uzun y\u0131llard\u0131r farkl\u0131 disiplinlerin \u00fczerine d\u00fc\u015f\u00fcnd\u00fc\u011f\u00fc ve ara\u015ft\u0131rd\u0131\u011f\u0131 bir aland\u0131r. Hitler fa\u015fizminin karanl\u0131\u011f\u0131ndan<span class=\"excerpt-hellip\"> [\u2026]<\/span><\/p>\n","protected":false},"featured_media":0,"template":"","meta":{"_monsterinsights_skip_tracking":false,"_monsterinsights_sitenote_active":false,"_monsterinsights_sitenote_note":"","_monsterinsights_sitenote_category":0},"product_brand":[],"product_cat":[13059,12337],"product_tag":[],"class_list":{"0":"post-727259","1":"product","2":"type-product","3":"status-publish","5":"product_cat-diger-politika-siyaset","6":"product_cat-politika-siyaset","7":"pa_cilt-ciltsiz","8":"pa_tur-kitap","9":"pa_yayinevi-nika-yayinevi","10":"pa_yazar-nika-yayinevi-kolektif","12":"first","13":"instock","14":"sale","15":"shipping-taxable","16":"purchasable","17":"product-type-simple"},"_links":{"self":[{"href":"https:\/\/roveyayinevi.com.tr\/index.php\/wp-json\/wp\/v2\/product\/727259","targetHints":{"allow":["GET"]}}],"collection":[{"href":"https:\/\/roveyayinevi.com.tr\/index.php\/wp-json\/wp\/v2\/product"}],"about":[{"href":"https:\/\/roveyayinevi.com.tr\/index.php\/wp-json\/wp\/v2\/types\/product"}],"wp:attachment":[{"href":"https:\/\/roveyayinevi.com.tr\/index.php\/wp-json\/wp\/v2\/media?parent=727259"}],"wp:term":[{"taxonomy":"product_brand","embeddable":true,"href":"https:\/\/roveyayinevi.com.tr\/index.php\/wp-json\/wp\/v2\/product_brand?post=727259"},{"taxonomy":"product_cat","embeddable":true,"href":"https:\/\/roveyayinevi.com.tr\/index.php\/wp-json\/wp\/v2\/product_cat?post=727259"},{"taxonomy":"product_tag","embeddable":true,"href":"https:\/\/roveyayinevi.com.tr\/index.php\/wp-json\/wp\/v2\/product_tag?post=727259"}],"curies":[{"name":"wp","href":"https:\/\/api.w.org\/{rel}","templated":true}]}}