{"id":727257,"date":"2025-08-27T20:19:20","date_gmt":"2025-08-27T17:19:20","guid":{"rendered":"https:\/\/roveyayinevi.com.tr\/index.php\/urun\/kisa-ispanya-tarihi\/"},"modified":"2026-04-16T02:35:14","modified_gmt":"2026-04-15T23:35:14","slug":"kisa-ispanya-tarihi","status":"publish","type":"product","link":"https:\/\/roveyayinevi.com.tr\/index.php\/urun\/kisa-ispanya-tarihi\/","title":{"rendered":"K\u0131sa \u0130spanya Tarihi"},"content":{"rendered":"<p>\u0130spanyollar ve \u0130spanya Avrupa ve Du\u0308nya tarihini \u015fekillendiren olaylar\u0131n ba\u015fl\u0131ca akt\u00f6rleri aras\u0131nda yer al\u0131r. En eski Avrupa uygarl\u0131\u011f\u0131 olarak bilinen Keltlerin vatanlar\u0131ndan biridir. Roma\u2019y\u0131 su\u0308per gu\u0308\u00e7 haline getiren ve Kartaca\u2019y\u0131 tarihe g\u00f6men P\u00f6n Sava\u015flar\u0131n\u0131n muharebe meydanlar\u0131ndan biridir. H\u0131ristiyanlar ile Mu\u0308slu\u0308manlar aras\u0131ndaki din sava\u015flar\u0131n\u0131n belki de en \u00f6nemli sahnesidir. Amerika\u2019daki Avrupa kolonizasyonunun \u00e7\u0131k\u0131\u015f noktas\u0131, Amerika yerlilerinin el konulan servetlerinin Avrupa\u2019ya giri\u015f noktas\u0131d\u0131r. Katolikli\u011fin ve kan d\u00f6ku\u0308cu\u0308 Engizisyon\u2019un kalelerinden biridir. Ayd\u0131nlanma ve modernite ile orta\u00e7a\u011fdan beslenen muhafazak\u00e2rl\u0131\u011f\u0131n en uzun su\u0308re ve en \u015fiddetli \u015fekilde \u00e7at\u0131\u015ft\u0131\u011f\u0131 mek\u00e2nd\u0131r.Altamira\u2019daki 36.000 y\u0131ll\u0131k duvar resimleri; Elhamra Saray\u0131 ve Kordoba Camii gibi mimarl\u0131k harikalar\u0131; Goya ile El Greco\u2019nun, Dali ile Picasso\u2019nun ola\u011fanu\u0308stu\u0308 tablolar\u0131 hep bu zengin tarihsel ak\u0131\u015f\u0131n geride b\u0131rakt\u0131\u011f\u0131 izlerden sadece birka\u00e7\u0131d\u0131r.E\u011fer bir gu\u0308n yolunuz \u0130spanya\u2019ya du\u0308\u015fecek olursa bu kitab\u0131 mutlaka okumu\u015f olun.<\/p>\n","protected":false},"excerpt":{"rendered":"<p>\u0130spanyollar ve \u0130spanya Avrupa ve Du\u0308nya tarihini \u015fekillendiren olaylar\u0131n ba\u015fl\u0131ca akt\u00f6rleri aras\u0131nda yer al\u0131r. En eski Avrupa uygarl\u0131\u011f\u0131 olarak bilinen Keltlerin vatanlar\u0131ndan biridir. Roma\u2019y\u0131 su\u0308per gu\u0308\u00e7<span class=\"excerpt-hellip\"> [\u2026]<\/span><\/p>\n","protected":false},"featured_media":0,"template":"","meta":{"_monsterinsights_skip_tracking":false,"_monsterinsights_sitenote_active":false,"_monsterinsights_sitenote_note":"","_monsterinsights_sitenote_category":0},"product_brand":[],"product_cat":[12370,12304],"product_tag":[],"class_list":{"0":"post-727257","1":"product","2":"type-product","3":"status-publish","5":"product_cat-arastirma-inceleme","6":"product_cat-tarih","7":"pa_cilt-ciltsiz","8":"pa_tur-kitap","9":"pa_yayinevi-say-yayinlari","10":"pa_yazar-jeremy-black","12":"first","13":"instock","14":"sale","15":"shipping-taxable","16":"purchasable","17":"product-type-simple"},"_links":{"self":[{"href":"https:\/\/roveyayinevi.com.tr\/index.php\/wp-json\/wp\/v2\/product\/727257","targetHints":{"allow":["GET"]}}],"collection":[{"href":"https:\/\/roveyayinevi.com.tr\/index.php\/wp-json\/wp\/v2\/product"}],"about":[{"href":"https:\/\/roveyayinevi.com.tr\/index.php\/wp-json\/wp\/v2\/types\/product"}],"wp:attachment":[{"href":"https:\/\/roveyayinevi.com.tr\/index.php\/wp-json\/wp\/v2\/media?parent=727257"}],"wp:term":[{"taxonomy":"product_brand","embeddable":true,"href":"https:\/\/roveyayinevi.com.tr\/index.php\/wp-json\/wp\/v2\/product_brand?post=727257"},{"taxonomy":"product_cat","embeddable":true,"href":"https:\/\/roveyayinevi.com.tr\/index.php\/wp-json\/wp\/v2\/product_cat?post=727257"},{"taxonomy":"product_tag","embeddable":true,"href":"https:\/\/roveyayinevi.com.tr\/index.php\/wp-json\/wp\/v2\/product_tag?post=727257"}],"curies":[{"name":"wp","href":"https:\/\/api.w.org\/{rel}","templated":true}]}}