{"id":727256,"date":"2025-08-27T20:19:19","date_gmt":"2025-08-27T17:19:19","guid":{"rendered":"https:\/\/roveyayinevi.com.tr\/index.php\/urun\/turkun-hizmetcisi\/"},"modified":"2026-04-16T02:35:14","modified_gmt":"2026-04-15T23:35:14","slug":"turkun-hizmetcisi","status":"publish","type":"product","link":"https:\/\/roveyayinevi.com.tr\/index.php\/urun\/turkun-hizmetcisi\/","title":{"rendered":"T\u00fcrk\u2019\u00fcn Hizmet\u00e7isi"},"content":{"rendered":"<p>Roni Margulies hayat\u0131 boyunca i\u011fneyi de \u00e7uvald\u0131z\u0131 da kendine bat\u0131rm\u0131\u015f, bir \u015feyleri izah etmeye \u00e7abalam\u0131\u015f, \u00e7ok\u00e7a sinirlenmi\u015f, ama \u0131srarla yazmay\u0131 ve anlatmay\u0131 s\u00fcrd\u00fcrm\u00fc\u015f bir \u201c\u00f6teki\u201d. T\u00fcrk\u2019\u00fcn Hizmet\u00e7isi \/ T\u00fcrkiye\u2019de Az\u0131nl\u0131k Olmak kitab\u0131 yine yanl\u0131\u015f anla\u015f\u0131lacak ama Roni Margulies buna art\u0131k hi\u00e7 sinirlenmeyecek!   \u201cBu yaz\u0131larda anlat\u0131lan baz\u0131 olaylar\u0131n, olaylara g\u00f6sterilen tepkilerin, s\u00f6ylenen s\u00f6zlerin \u00fczerinden epey zaman ge\u00e7ti, ama hi\u00e7biri \u2018eski\u2019 de\u011fil, hepsi \u2018g\u00fcncel\u2019; hepsi bug\u00fcn tekrarlanabilir, tekrarlan\u0131yor. Irk\u00e7\u0131l\u0131\u011f\u0131n g\u00fcncelli\u011fi, kal\u0131c\u0131l\u0131\u011f\u0131 bazen, evet, i\u00e7 karart\u0131c\u0131 olabiliyor, ama g\u00f6sterilmesi gereken tepkinin susmamak, g\u00f6z yummamak, hep ses \u00e7\u0131karmak, hep itiraz etmek olmas\u0131 gerekti\u011fine inan\u0131yorum. \u0130nsanlar\u0131n de\u011fi\u015febilece\u011fine, d\u00fcnyan\u0131n de\u011fi\u015ftirilebilece\u011fine inand\u0131\u011f\u0131m i\u00e7in.\u201d   \u201cC.H. F\u0131rkas\u0131\u2019ndan\u0131m, \u00e7\u00fcnk\u00fc bu f\u0131rka bug\u00fcne kadar yapt\u0131klar\u0131 ile esasen efendi olan T\u00fcrk milletine mevkiini iade etti. Benim fikrim, kanaatim \u015fudur ki, dost da d\u00fc\u015fman da bilsin ki bu memleketin efendisi T\u00fcrkt\u00fcr. \u00d6z T\u00fcrk olmayanlar\u0131n T\u00fcrk vatan\u0131nda bir hakk\u0131 vard\u0131r, o da hizmet\u00e7i olmakt\u0131r, k\u00f6le olmakt\u0131r.\u201d Adalet Bakan\u0131 Mahmut Esat Bozkurt 18 Eyl\u00fcl 1930 <\/p>\n","protected":false},"excerpt":{"rendered":"<p>Roni Margulies hayat\u0131 boyunca i\u011fneyi de \u00e7uvald\u0131z\u0131 da kendine bat\u0131rm\u0131\u015f, bir \u015feyleri izah etmeye \u00e7abalam\u0131\u015f, \u00e7ok\u00e7a sinirlenmi\u015f, ama \u0131srarla yazmay\u0131 ve anlatmay\u0131 s\u00fcrd\u00fcrm\u00fc\u015f bir \u201c\u00f6teki\u201d. T\u00fcrk\u2019\u00fcn<span class=\"excerpt-hellip\"> [\u2026]<\/span><\/p>\n","protected":false},"featured_media":0,"template":"","meta":{"_monsterinsights_skip_tracking":false,"_monsterinsights_sitenote_active":false,"_monsterinsights_sitenote_note":"","_monsterinsights_sitenote_category":0},"product_brand":[],"product_cat":[31194,12337],"product_tag":[],"class_list":{"0":"post-727256","1":"product","2":"type-product","3":"status-publish","5":"product_cat-guncel-siyaset","6":"product_cat-politika-siyaset","7":"pa_cilt-ciltsiz","8":"pa_tur-kitap","9":"pa_yayinevi-everest-yayinlari","10":"pa_yazar-roni-margulies","12":"first","13":"instock","14":"sale","15":"shipping-taxable","16":"purchasable","17":"product-type-simple"},"_links":{"self":[{"href":"https:\/\/roveyayinevi.com.tr\/index.php\/wp-json\/wp\/v2\/product\/727256","targetHints":{"allow":["GET"]}}],"collection":[{"href":"https:\/\/roveyayinevi.com.tr\/index.php\/wp-json\/wp\/v2\/product"}],"about":[{"href":"https:\/\/roveyayinevi.com.tr\/index.php\/wp-json\/wp\/v2\/types\/product"}],"wp:attachment":[{"href":"https:\/\/roveyayinevi.com.tr\/index.php\/wp-json\/wp\/v2\/media?parent=727256"}],"wp:term":[{"taxonomy":"product_brand","embeddable":true,"href":"https:\/\/roveyayinevi.com.tr\/index.php\/wp-json\/wp\/v2\/product_brand?post=727256"},{"taxonomy":"product_cat","embeddable":true,"href":"https:\/\/roveyayinevi.com.tr\/index.php\/wp-json\/wp\/v2\/product_cat?post=727256"},{"taxonomy":"product_tag","embeddable":true,"href":"https:\/\/roveyayinevi.com.tr\/index.php\/wp-json\/wp\/v2\/product_tag?post=727256"}],"curies":[{"name":"wp","href":"https:\/\/api.w.org\/{rel}","templated":true}]}}