{"id":727250,"date":"2025-08-27T20:19:13","date_gmt":"2025-08-27T17:19:13","guid":{"rendered":"https:\/\/roveyayinevi.com.tr\/index.php\/urun\/bal-kiz\/"},"modified":"2026-04-16T02:35:14","modified_gmt":"2026-04-15T23:35:14","slug":"bal-kiz","status":"publish","type":"product","link":"https:\/\/roveyayinevi.com.tr\/index.php\/urun\/bal-kiz\/","title":{"rendered":"Bal K\u0131z"},"content":{"rendered":"<p>Nazl\u0131 Anne, Bal K\u0131z\u2019\u0131 kuca\u011f\u0131na oturtup sevdi, sevdi\u2026 Sonra dedi ki: \u201cBal K\u0131z bu k\u0131rm\u0131z\u0131 elbise ne kadar da yak\u0131\u015fm\u0131\u015f sana. \u0130nsan \u00e7ok sevinince sevindirirse ba\u015fkalar\u0131n\u0131, mutluluk b\u00fcy\u00fcr de b\u00fcy\u00fcr, biliyor musun! Doktorun bir \u015feyi eksik s\u00f6ylemi\u015f, bol bol kahkaha at, g\u00fcl\u00fcmse derken \u00e7evrendekileri de g\u00fcl\u00fcmset demeyi unutmu\u015f.\u201d Nazl\u0131 Anne\u2019nin dediklerini d\u00fc\u015f\u00fcnen Bal K\u0131z, g\u00fcl\u00fcmsetmeye karar verdi kendisi kadar ihtiyac\u0131 olan birini. \u0130yi de nas\u0131l yapacakt\u0131 bunu?\u201cCem\u00e2lnur Sargut\u2019un ger\u00e7ek \u00e7ocukluk an\u0131lar\u0131ndan derlenmi\u015f Bal K\u0131z \u2018K\u0131rm\u0131z\u0131 Elbise\u2019de \u00f6zveri, sab\u0131r ve mutlulu\u011fu en i\u00e7ten haliyle ke\u015ffedeceksiniz.\u201d<\/p>\n","protected":false},"excerpt":{"rendered":"<p>Nazl\u0131 Anne, Bal K\u0131z\u2019\u0131 kuca\u011f\u0131na oturtup sevdi, sevdi\u2026 Sonra dedi ki: \u201cBal K\u0131z bu k\u0131rm\u0131z\u0131 elbise ne kadar da yak\u0131\u015fm\u0131\u015f sana. \u0130nsan \u00e7ok sevinince sevindirirse ba\u015fkalar\u0131n\u0131,<span class=\"excerpt-hellip\"> [\u2026]<\/span><\/p>\n","protected":false},"featured_media":0,"template":"","meta":{"_monsterinsights_skip_tracking":false,"_monsterinsights_sitenote_active":false,"_monsterinsights_sitenote_note":"","_monsterinsights_sitenote_category":0},"product_brand":[],"product_cat":[12274,12518],"product_tag":[],"class_list":{"0":"post-727250","1":"product","2":"type-product","3":"status-publish","5":"product_cat-cocuk-ve-genclik-kitaplari","6":"product_cat-okul-oncesi-kitaplar","7":"pa_cilt-ciltsiz","8":"pa_tur-kitap","9":"pa_yayinevi-tuti-kitap","10":"pa_yazar-derya-edis","12":"first","13":"instock","14":"sale","15":"shipping-taxable","16":"purchasable","17":"product-type-simple"},"_links":{"self":[{"href":"https:\/\/roveyayinevi.com.tr\/index.php\/wp-json\/wp\/v2\/product\/727250","targetHints":{"allow":["GET"]}}],"collection":[{"href":"https:\/\/roveyayinevi.com.tr\/index.php\/wp-json\/wp\/v2\/product"}],"about":[{"href":"https:\/\/roveyayinevi.com.tr\/index.php\/wp-json\/wp\/v2\/types\/product"}],"wp:attachment":[{"href":"https:\/\/roveyayinevi.com.tr\/index.php\/wp-json\/wp\/v2\/media?parent=727250"}],"wp:term":[{"taxonomy":"product_brand","embeddable":true,"href":"https:\/\/roveyayinevi.com.tr\/index.php\/wp-json\/wp\/v2\/product_brand?post=727250"},{"taxonomy":"product_cat","embeddable":true,"href":"https:\/\/roveyayinevi.com.tr\/index.php\/wp-json\/wp\/v2\/product_cat?post=727250"},{"taxonomy":"product_tag","embeddable":true,"href":"https:\/\/roveyayinevi.com.tr\/index.php\/wp-json\/wp\/v2\/product_tag?post=727250"}],"curies":[{"name":"wp","href":"https:\/\/api.w.org\/{rel}","templated":true}]}}