{"id":727249,"date":"2025-08-27T20:19:12","date_gmt":"2025-08-27T17:19:12","guid":{"rendered":"https:\/\/roveyayinevi.com.tr\/index.php\/urun\/0303-dolunayda-acan-cicek\/"},"modified":"2026-04-16T02:35:14","modified_gmt":"2026-04-15T23:35:14","slug":"0303-dolunayda-acan-cicek","status":"publish","type":"product","link":"https:\/\/roveyayinevi.com.tr\/index.php\/urun\/0303-dolunayda-acan-cicek\/","title":{"rendered":"03:03 Dolunayda A\u00e7an \u00c7i\u00e7ek"},"content":{"rendered":"<p>\u00c7i\u00e7ek, bu d\u00fcnyadaki grili\u011fi temsil etti\u011fine inan\u0131yordu. Hi\u00e7likten ibaret oldu\u011funu&#8230; \u0130nsanlar\u0131n g\u00f6rmemek i\u00e7in ba\u015f\u0131n\u0131 \u00e7evirdi\u011fi ama hep orada olduklar\u0131n\u0131 bildi\u011fi ki\u015fiydi. Bu y\u00fczden insanlardan, \u00f6zellikle varl\u0131kl\u0131 olanlardan nefret etti ama kendisi gibi yoksul ve kimsesiz olanlarla da hi\u00e7 yak\u0131nl\u0131k kurmad\u0131.   En sevdi\u011fi yemek, en sevdi\u011fi renk&#8230; Bir hayali veya bu d\u00fcnyadan istedi\u011fi hi\u00e7bir \u015fey yoktu.   Ama hayat\u0131n kendisi i\u00e7in bir plan\u0131 daha vard\u0131.   Bir anla\u015fma yapt\u0131\u011f\u0131 m\u00fccevher tasar\u0131mc\u0131s\u0131 Ayza, hayat\u0131 \u00c7i\u00e7ek\u2019e sevdirebilece\u011fine inan\u0131yordu ama zamanla \u00c7i\u00e7ek\u2019le hayattan nefret etmeyi \u00f6\u011frenmeye ba\u015flayacakt\u0131.   \u0130kisi de bu anla\u015fmada kendi oyununu oynuyor ama hi\u00e7 kimse kimin kazanaca\u011f\u0131n\u0131 bilmiyordu.   \u201c\u0130tiraf edilen her g\u00fcnah,bir kereli\u011fine ba\u011f\u0131\u015flanmay\u0131 hak eder.\u201d <\/p>\n","protected":false},"excerpt":{"rendered":"<p>\u00c7i\u00e7ek, bu d\u00fcnyadaki grili\u011fi temsil etti\u011fine inan\u0131yordu. Hi\u00e7likten ibaret oldu\u011funu&#8230; \u0130nsanlar\u0131n g\u00f6rmemek i\u00e7in ba\u015f\u0131n\u0131 \u00e7evirdi\u011fi ama hep orada olduklar\u0131n\u0131 bildi\u011fi ki\u015fiydi. Bu y\u00fczden insanlardan, \u00f6zellikle varl\u0131kl\u0131<span class=\"excerpt-hellip\"> [\u2026]<\/span><\/p>\n","protected":false},"featured_media":0,"template":"","meta":{"_monsterinsights_skip_tracking":false,"_monsterinsights_sitenote_active":false,"_monsterinsights_sitenote_note":"","_monsterinsights_sitenote_category":0},"product_brand":[],"product_cat":[12291,12711],"product_tag":[],"class_list":{"0":"post-727249","1":"product","2":"type-product","3":"status-publish","5":"product_cat-edebiyat","6":"product_cat-roman-oyku","7":"pa_cilt-ciltsiz","8":"pa_tur-kitap","9":"pa_yayinevi-ephesus-yayinlari","10":"pa_yazar-n-g-kabal","12":"first","13":"instock","14":"sale","15":"shipping-taxable","16":"purchasable","17":"product-type-simple"},"_links":{"self":[{"href":"https:\/\/roveyayinevi.com.tr\/index.php\/wp-json\/wp\/v2\/product\/727249","targetHints":{"allow":["GET"]}}],"collection":[{"href":"https:\/\/roveyayinevi.com.tr\/index.php\/wp-json\/wp\/v2\/product"}],"about":[{"href":"https:\/\/roveyayinevi.com.tr\/index.php\/wp-json\/wp\/v2\/types\/product"}],"wp:attachment":[{"href":"https:\/\/roveyayinevi.com.tr\/index.php\/wp-json\/wp\/v2\/media?parent=727249"}],"wp:term":[{"taxonomy":"product_brand","embeddable":true,"href":"https:\/\/roveyayinevi.com.tr\/index.php\/wp-json\/wp\/v2\/product_brand?post=727249"},{"taxonomy":"product_cat","embeddable":true,"href":"https:\/\/roveyayinevi.com.tr\/index.php\/wp-json\/wp\/v2\/product_cat?post=727249"},{"taxonomy":"product_tag","embeddable":true,"href":"https:\/\/roveyayinevi.com.tr\/index.php\/wp-json\/wp\/v2\/product_tag?post=727249"}],"curies":[{"name":"wp","href":"https:\/\/api.w.org\/{rel}","templated":true}]}}