{"id":727245,"date":"2025-08-27T20:19:08","date_gmt":"2025-08-27T17:19:08","guid":{"rendered":"https:\/\/roveyayinevi.com.tr\/index.php\/urun\/hastalik-hastasi-5\/"},"modified":"2026-04-16T02:35:14","modified_gmt":"2026-04-15T23:35:14","slug":"hastalik-hastasi-5","status":"publish","type":"product","link":"https:\/\/roveyayinevi.com.tr\/index.php\/urun\/hastalik-hastasi-5\/","title":{"rendered":"Hastal\u0131k Hastas\u0131"},"content":{"rendered":"<p>UYKUSUZLUKTAN MI MUZDAR\u0130PS\u0130N\u0130Z? Bu iyi de\u011fil\u2026 Yak\u0131nda t\u00fcm v\u00fccudunuz beyninize sald\u0131rabilir.   \u0130NAT\u00c7I B\u0130R ATE\u015e VE \u00d6DEMDEM M\u0130 \u015e\u0130KAYET\u00c7\u0130S\u0130N\u0130Z? Dikkatli olun\u2026 Cildinizin alt\u0131nda b\u00fcy\u00fck ihtimalle kurt\u00e7uklar dola\u015f\u0131yor.   C\u0130LD\u0130N\u0130ZDE HASSAS\u0130YET VE RENK DE\u011e\u0130\u015e\u0130KL\u0130\u011e\u0130 M\u0130 FARK ETT\u0130N\u0130Z? Eyvah\u2026 Muhtemelen kafan\u0131zdan bir boynuz \u00e7\u0131kacak.   Hastal\u0131k hastalar\u0131 art\u0131k, bu k\u0131rk be\u015f adet i\u011fren\u00e7 ve korkun\u00e7 hastal\u0131\u011f\u0131 i\u00e7eren el kitab\u0131 ile ger\u00e7eklere dayanarak ve uygun bir \u015fekilde kayg\u0131lanabilir. T\u00fcm b\u00f6l\u00fcmlerde semptomlar, bir tan\u0131 rehberi, tedavi se\u00e7enekleri, hastal\u0131k seyri ve \u2013hen\u00fcz enfekte olmad\u0131ysan\u0131z\u2013 korunma \u00f6nerileri k\u0131sm\u0131 bulunmaktad\u0131r. Kitap \u00e7ok portatif oldu\u011fundan, onu her zaman yan\u0131n\u0131zda bulundurabilirsiniz (ve muhtemelen bulundurmal\u0131s\u0131n\u0131z), b\u00f6ylece \u015f\u00fcphe g\u00f6t\u00fcrmez bir \u015fekilde \u00f6l\u00fcmc\u00fcl oldu\u011funu hissetti\u011finiz en ufak ka\u015f\u0131nt\u0131l\u0131 bir d\u00f6k\u00fcnt\u00fcde hemen g\u00fcvenilir rehberinizi a\u00e7\u0131p kendinize uygun bir tan\u0131 koyabilir ve endi\u015felenmeye ba\u015flayabilirsiniz. <\/p>\n","protected":false},"excerpt":{"rendered":"<p>UYKUSUZLUKTAN MI MUZDAR\u0130PS\u0130N\u0130Z? Bu iyi de\u011fil\u2026 Yak\u0131nda t\u00fcm v\u00fccudunuz beyninize sald\u0131rabilir. \u0130NAT\u00c7I B\u0130R ATE\u015e VE \u00d6DEMDEM M\u0130 \u015e\u0130KAYET\u00c7\u0130S\u0130N\u0130Z? Dikkatli olun\u2026 Cildinizin alt\u0131nda b\u00fcy\u00fck ihtimalle kurt\u00e7uklar dola\u015f\u0131yor.<span class=\"excerpt-hellip\"> [\u2026]<\/span><\/p>\n","protected":false},"featured_media":0,"template":"","meta":{"_monsterinsights_skip_tracking":false,"_monsterinsights_sitenote_active":false,"_monsterinsights_sitenote_note":"","_monsterinsights_sitenote_category":0},"product_brand":[],"product_cat":[20313,13365],"product_tag":[],"class_list":{"0":"post-727245","1":"product","2":"type-product","3":"status-publish","5":"product_cat-basvuru-kitaplari-saglik","6":"product_cat-saglik","7":"pa_cilt-ciltsiz","8":"pa_tur-kitap","9":"pa_yayinevi-inkilap-kitabevi","10":"pa_yazar-dennis-diclaudio","12":"first","13":"instock","14":"sale","15":"shipping-taxable","16":"purchasable","17":"product-type-simple"},"_links":{"self":[{"href":"https:\/\/roveyayinevi.com.tr\/index.php\/wp-json\/wp\/v2\/product\/727245","targetHints":{"allow":["GET"]}}],"collection":[{"href":"https:\/\/roveyayinevi.com.tr\/index.php\/wp-json\/wp\/v2\/product"}],"about":[{"href":"https:\/\/roveyayinevi.com.tr\/index.php\/wp-json\/wp\/v2\/types\/product"}],"wp:attachment":[{"href":"https:\/\/roveyayinevi.com.tr\/index.php\/wp-json\/wp\/v2\/media?parent=727245"}],"wp:term":[{"taxonomy":"product_brand","embeddable":true,"href":"https:\/\/roveyayinevi.com.tr\/index.php\/wp-json\/wp\/v2\/product_brand?post=727245"},{"taxonomy":"product_cat","embeddable":true,"href":"https:\/\/roveyayinevi.com.tr\/index.php\/wp-json\/wp\/v2\/product_cat?post=727245"},{"taxonomy":"product_tag","embeddable":true,"href":"https:\/\/roveyayinevi.com.tr\/index.php\/wp-json\/wp\/v2\/product_tag?post=727245"}],"curies":[{"name":"wp","href":"https:\/\/api.w.org\/{rel}","templated":true}]}}