{"id":727242,"date":"2025-08-27T20:19:05","date_gmt":"2025-08-27T17:19:05","guid":{"rendered":"https:\/\/roveyayinevi.com.tr\/index.php\/urun\/manas-mahac-ozbekce-ciltli\/"},"modified":"2026-04-16T02:35:14","modified_gmt":"2026-04-15T23:35:14","slug":"manas-mahac-ozbekce-ciltli","status":"publish","type":"product","link":"https:\/\/roveyayinevi.com.tr\/index.php\/urun\/manas-mahac-ozbekce-ciltli\/","title":{"rendered":"Manas-Mahac (\u00d6zbek\u00e7e-Ciltli )"},"content":{"rendered":"<p>Ortaya \u00e7\u0131k\u0131\u015f\u0131n\u0131n 1000 y\u0131llar\u0131n \u00f6tesine vard\u0131\u011f\u0131 kabul edilen, G\u00f6k tanr\u0131 inanc\u0131 ile \u015eamanist izleri ta\u015f\u0131yan, bir\u00e7ok mitolojik unsuru b\u00fcnyesinde bar\u0131nd\u0131ran Manas destan\u0131, sadece K\u0131rg\u0131zlar\u0131n de\u011fil, t\u00fcm T\u00fcrk halklar\u0131n\u0131n en b\u00fcy\u00fck destan\u0131d\u0131r.  Varyantlar\u0131yla birlikte bir milyon m\u0131sral\u0131k geni\u015flikte bulunan bu destan; gelenek-g\u00f6renekleri ve binlerce folklorik unsuru da yans\u0131tmaktad\u0131r.  Mitolojik destan roman haline getirilen bu kitap, Edebiyat\u00e7\u0131-Yazar Hayrettin \u0130vgin taraf\u0131ndan kaleme al\u0131nm\u0131\u015ft\u0131r. Shermurod Subkhon taraf\u0131ndan Kril harfleriyle \u00d6zbek\u00e7e\u2019ye T\u00fcrk\u00e7esinden \u00e7evrilmi\u015ftir. Bu mitolojik destan roman, Hayrettin \u0130vgin\u2019e 2009 y\u0131l\u0131nda Moskova\u2019da Pu\u015fkin Edebiyat \u00d6d\u00fcl\u00fcn\u00fc kazand\u0131rm\u0131\u015ft\u0131r. <\/p>\n","protected":false},"excerpt":{"rendered":"<p>Ortaya \u00e7\u0131k\u0131\u015f\u0131n\u0131n 1000 y\u0131llar\u0131n \u00f6tesine vard\u0131\u011f\u0131 kabul edilen, G\u00f6k tanr\u0131 inanc\u0131 ile \u015eamanist izleri ta\u015f\u0131yan, bir\u00e7ok mitolojik unsuru b\u00fcnyesinde bar\u0131nd\u0131ran Manas destan\u0131, sadece K\u0131rg\u0131zlar\u0131n de\u011fil, t\u00fcm<span class=\"excerpt-hellip\"> [\u2026]<\/span><\/p>\n","protected":false},"featured_media":0,"template":"","meta":{"_monsterinsights_skip_tracking":false,"_monsterinsights_sitenote_active":false,"_monsterinsights_sitenote_note":"","_monsterinsights_sitenote_category":0},"product_brand":[],"product_cat":[12291,13706],"product_tag":[],"class_list":{"0":"post-727242","1":"product","2":"type-product","3":"status-publish","5":"product_cat-edebiyat","6":"product_cat-efsane-destan-masal","7":"pa_cilt-ciltli","8":"pa_tur-kitap","9":"pa_yayinevi-kultur-ajans-yayinlari","10":"pa_yazar-hayrettin-ivgin","12":"first","13":"instock","14":"sale","15":"shipping-taxable","16":"purchasable","17":"product-type-simple"},"_links":{"self":[{"href":"https:\/\/roveyayinevi.com.tr\/index.php\/wp-json\/wp\/v2\/product\/727242","targetHints":{"allow":["GET"]}}],"collection":[{"href":"https:\/\/roveyayinevi.com.tr\/index.php\/wp-json\/wp\/v2\/product"}],"about":[{"href":"https:\/\/roveyayinevi.com.tr\/index.php\/wp-json\/wp\/v2\/types\/product"}],"wp:attachment":[{"href":"https:\/\/roveyayinevi.com.tr\/index.php\/wp-json\/wp\/v2\/media?parent=727242"}],"wp:term":[{"taxonomy":"product_brand","embeddable":true,"href":"https:\/\/roveyayinevi.com.tr\/index.php\/wp-json\/wp\/v2\/product_brand?post=727242"},{"taxonomy":"product_cat","embeddable":true,"href":"https:\/\/roveyayinevi.com.tr\/index.php\/wp-json\/wp\/v2\/product_cat?post=727242"},{"taxonomy":"product_tag","embeddable":true,"href":"https:\/\/roveyayinevi.com.tr\/index.php\/wp-json\/wp\/v2\/product_tag?post=727242"}],"curies":[{"name":"wp","href":"https:\/\/api.w.org\/{rel}","templated":true}]}}