{"id":727240,"date":"2025-08-27T20:19:03","date_gmt":"2025-08-27T17:19:03","guid":{"rendered":"https:\/\/roveyayinevi.com.tr\/index.php\/urun\/turkluk-bilimi-yazilari\/"},"modified":"2026-04-16T02:34:56","modified_gmt":"2026-04-15T23:34:56","slug":"turkluk-bilimi-yazilari","status":"publish","type":"product","link":"https:\/\/roveyayinevi.com.tr\/index.php\/urun\/turkluk-bilimi-yazilari\/","title":{"rendered":"T\u00fcrkl\u00fck Bilimi Yaz\u0131lar\u0131"},"content":{"rendered":"<p>Ahmet B. Ercilasun, g\u00fcnl\u00fck yaz\u0131lar\u0131ndan T\u00fcrkoloji ile ilgili olanlar\u0131 T\u00fcrkl\u00fck Bilimi Yaz\u0131lar\u0131 ad\u0131 alt\u0131nda bir araya getirdi. G\u00fcn\u00fcm\u00fczde \u00e7ok tart\u0131\u015f\u0131lan ve bilen bilmeyen herkesin \u00fczerinde konu\u015ftu\u011fu T\u00fcrk ve T\u00fcrk\u00e7e kavramlar\u0131ndan ne anla\u015f\u0131lmas\u0131 gerekti\u011fi bu eserde a\u00e7\u0131k se\u00e7ik olarak anlat\u0131lmakta; kavramlar\u0131n tarih\u00ee, sosyolojik ve siyasi \/ hukuki y\u00f6nleri ayr\u0131 ayr\u0131 belirtilmektedir. T\u00fcrk\u00e7ecilik hareketi ile mill\u00ee birlik aras\u0131ndaki ba\u011f da T\u00fcrk\u00e7e kavram\u0131n\u0131n bir uzant\u0131s\u0131 olarak ele al\u0131nmaktad\u0131r. Eserin \u201cT\u00fcrk Tarihinden Yans\u0131malar\u201d b\u00f6l\u00fcm\u00fcnde tarihimizin ilgi \u00e7ekici baz\u0131 sayfalar\u0131 yer almaktad\u0131r. K\u00f6kt\u00fcrk olmak isteyen \u00c7in \u015fehzadesi, T\u00fcrk\u00e7e bilen \u00c7in imparatori\u00e7esi, 300 k\u00fcsur y\u0131l \u0130stanbul\u2019da bulunan K\u00f6kt\u00fcrk harfli ta\u015f, Uygurlar\u0131n eski tarihi ve yak\u0131n tarihe ait baz\u0131 olaylar ve eserler\u2026 Kitab\u0131n \u201cEfsane &#8211; Destan\u201d b\u00f6l\u00fcm\u00fcnde T\u00fcrklerin yarat\u0131l\u0131\u015f ve t\u00fcreyi\u015f efsaneleriyle ilgili en eski kay\u0131tlar, O\u011fuznameler ve Dede Korkut hik\u00e2yeleri \u00fczerinde en derli toplu bilgiler ve yeni baz\u0131 yorumlar yer almaktad\u0131r. Kitab\u0131n son b\u00f6l\u00fcm\u00fc \u201cT\u00fcrkl\u00fck Bilimi \u00c7al\u0131\u015fmalar\u0131\u201dd\u0131r. T\u00fcrkoloji alan\u0131ndaki ba\u015f d\u00f6nd\u00fcr\u00fcc\u00fc trafi\u011fi okuyucular bu b\u00f6l\u00fcmde izleyeceklerdir. Kurultaylar, sempozyumlar, \u00e7al\u0131\u015ftaylar, yeni yay\u0131nlar\u2026 Ercilasun\u2019la birlikte okuyucular da b\u00fct\u00fcn bu faaliyetlerin i\u00e7inde olacaklard\u0131r. Bilim ger\u00e7eklerinden ayr\u0131lmadan kaleme al\u0131nm\u0131\u015f temiz ve anla\u015f\u0131l\u0131r bir T\u00fcrk\u00e7e. Zaman zaman heyecanl\u0131 bir \u00fcslup. Ercilasun\u2019un yaz\u0131lar\u0131 herkese hitap etmektedir. <\/p>\n","protected":false},"excerpt":{"rendered":"<p>Ahmet B. Ercilasun, g\u00fcnl\u00fck yaz\u0131lar\u0131ndan T\u00fcrkoloji ile ilgili olanlar\u0131 T\u00fcrkl\u00fck Bilimi Yaz\u0131lar\u0131 ad\u0131 alt\u0131nda bir araya getirdi. G\u00fcn\u00fcm\u00fczde \u00e7ok tart\u0131\u015f\u0131lan ve bilen bilmeyen herkesin \u00fczerinde konu\u015ftu\u011fu<span class=\"excerpt-hellip\"> [\u2026]<\/span><\/p>\n","protected":false},"featured_media":0,"template":"","meta":{"_monsterinsights_skip_tracking":false,"_monsterinsights_sitenote_active":false,"_monsterinsights_sitenote_note":"","_monsterinsights_sitenote_category":0},"product_brand":[],"product_cat":[13072,12291],"product_tag":[],"class_list":{"0":"post-727240","1":"product","2":"type-product","3":"status-publish","5":"product_cat-arastirma-inceleme-referans","6":"product_cat-edebiyat","7":"pa_cilt-ciltsiz","8":"pa_tur-kitap","9":"pa_yayinevi-bilge-kultur-sanat","10":"pa_yazar-ahmet-bican-ercilasun","12":"first","13":"instock","14":"sale","15":"shipping-taxable","16":"purchasable","17":"product-type-simple"},"_links":{"self":[{"href":"https:\/\/roveyayinevi.com.tr\/index.php\/wp-json\/wp\/v2\/product\/727240","targetHints":{"allow":["GET"]}}],"collection":[{"href":"https:\/\/roveyayinevi.com.tr\/index.php\/wp-json\/wp\/v2\/product"}],"about":[{"href":"https:\/\/roveyayinevi.com.tr\/index.php\/wp-json\/wp\/v2\/types\/product"}],"wp:attachment":[{"href":"https:\/\/roveyayinevi.com.tr\/index.php\/wp-json\/wp\/v2\/media?parent=727240"}],"wp:term":[{"taxonomy":"product_brand","embeddable":true,"href":"https:\/\/roveyayinevi.com.tr\/index.php\/wp-json\/wp\/v2\/product_brand?post=727240"},{"taxonomy":"product_cat","embeddable":true,"href":"https:\/\/roveyayinevi.com.tr\/index.php\/wp-json\/wp\/v2\/product_cat?post=727240"},{"taxonomy":"product_tag","embeddable":true,"href":"https:\/\/roveyayinevi.com.tr\/index.php\/wp-json\/wp\/v2\/product_tag?post=727240"}],"curies":[{"name":"wp","href":"https:\/\/api.w.org\/{rel}","templated":true}]}}