{"id":727239,"date":"2025-08-27T20:19:02","date_gmt":"2025-08-27T17:19:02","guid":{"rendered":"https:\/\/roveyayinevi.com.tr\/index.php\/urun\/efsane-futbol-takimi\/"},"modified":"2026-04-13T02:43:14","modified_gmt":"2026-04-12T23:43:14","slug":"efsane-futbol-takimi","status":"publish","type":"product","link":"https:\/\/roveyayinevi.com.tr\/index.php\/urun\/efsane-futbol-takimi\/","title":{"rendered":"Efsane Futbol Tak\u0131m\u0131"},"content":{"rendered":"<p>Buras\u0131 &#8220;Efsane Futbol Okulu.&#8221;D\u00fcnyan\u0131n d\u00f6rt bir yan\u0131ndan gelen yetenekli \u00e7ocuklar, bu okulda bulu\u015fuyor: Messi, Ronaldo, Neymar, Virgil Van Dijk, Cengiz, Kevin De Bruyne, Eden Hazard, Ag\u00fcero, Neuer ve daha nicesi&#8230;Sen de bu okula kat\u0131lmaya haz\u0131r m\u0131s\u0131n?&#8221;Bence futbolun %98&#8217;i, ba\u015far\u0131s\u0131zl\u0131kla ba\u015f etmek ve ertesi g\u00fcn oyundan zevk al\u0131p h\u00e2l\u00e2 g\u00fcl\u00fcmseyebilmek ile ilgili.&#8221; J\u00fcrgen Klopp<\/p>\n","protected":false},"excerpt":{"rendered":"<p>Buras\u0131 &#8220;Efsane Futbol Okulu.&#8221;D\u00fcnyan\u0131n d\u00f6rt bir yan\u0131ndan gelen yetenekli \u00e7ocuklar, bu okulda bulu\u015fuyor: Messi, Ronaldo, Neymar, Virgil Van Dijk, Cengiz, Kevin De Bruyne, Eden Hazard, Ag\u00fcero,<span class=\"excerpt-hellip\"> [\u2026]<\/span><\/p>\n","protected":false},"featured_media":0,"template":"","meta":{"_monsterinsights_skip_tracking":false,"_monsterinsights_sitenote_active":false,"_monsterinsights_sitenote_note":"","_monsterinsights_sitenote_category":0},"product_brand":[],"product_cat":[12291,12711],"product_tag":[],"class_list":{"0":"post-727239","1":"product","2":"type-product","3":"status-publish","5":"product_cat-edebiyat","6":"product_cat-roman-oyku","7":"pa_cilt-ciltsiz","8":"pa_tur-kitap","9":"pa_yayinevi-bilgi-yayinevi","10":"pa_yazar-fatih-tuncay","12":"first","13":"instock","14":"sale","15":"shipping-taxable","16":"purchasable","17":"product-type-simple"},"_links":{"self":[{"href":"https:\/\/roveyayinevi.com.tr\/index.php\/wp-json\/wp\/v2\/product\/727239","targetHints":{"allow":["GET"]}}],"collection":[{"href":"https:\/\/roveyayinevi.com.tr\/index.php\/wp-json\/wp\/v2\/product"}],"about":[{"href":"https:\/\/roveyayinevi.com.tr\/index.php\/wp-json\/wp\/v2\/types\/product"}],"wp:attachment":[{"href":"https:\/\/roveyayinevi.com.tr\/index.php\/wp-json\/wp\/v2\/media?parent=727239"}],"wp:term":[{"taxonomy":"product_brand","embeddable":true,"href":"https:\/\/roveyayinevi.com.tr\/index.php\/wp-json\/wp\/v2\/product_brand?post=727239"},{"taxonomy":"product_cat","embeddable":true,"href":"https:\/\/roveyayinevi.com.tr\/index.php\/wp-json\/wp\/v2\/product_cat?post=727239"},{"taxonomy":"product_tag","embeddable":true,"href":"https:\/\/roveyayinevi.com.tr\/index.php\/wp-json\/wp\/v2\/product_tag?post=727239"}],"curies":[{"name":"wp","href":"https:\/\/api.w.org\/{rel}","templated":true}]}}