{"id":727238,"date":"2025-08-27T20:19:01","date_gmt":"2025-08-27T17:19:01","guid":{"rendered":"https:\/\/roveyayinevi.com.tr\/index.php\/urun\/incir-agaci-golgesinde-zaman-sokak-hikayeleri\/"},"modified":"2026-04-16T02:34:56","modified_gmt":"2026-04-15T23:34:56","slug":"incir-agaci-golgesinde-zaman-sokak-hikayeleri","status":"publish","type":"product","link":"https:\/\/roveyayinevi.com.tr\/index.php\/urun\/incir-agaci-golgesinde-zaman-sokak-hikayeleri\/","title":{"rendered":"\u0130ncir A\u011fac\u0131 G\u00f6lgesinde Zaman &#8211; Sokak Hikayeleri"},"content":{"rendered":"<p>\u201c\u0130ncir A\u011fac\u0131n\u0131n G\u00f6lgesinde Zaman\u201d i\u00e7ten d\u0131\u015fa, d\u0131\u015ftan i\u00e7e \u00e7ok zengin g\u00f6zlemlerin, ya\u015fanm\u0131\u015fl\u0131klar\u0131n, mahpusluklar\u0131n, sevdalar\u0131n, arkada\u015f \u0131sl\u0131klar\u0131n\u0131n, \u00f6zlemlerin, \u00e7okca sevmelerin; insan\u0131n, a\u011fac\u0131n, soka\u011f\u0131n, ezilmi\u015flerin, hor g\u00f6r\u00fclenlerin, g\u00f6r\u00fclmek istenmeyenlerin; ama ayn\u0131 zamanda direnenlerin, a\u015fka inananlar\u0131n ve umudunu yitirmeyenlerin ak\u0131c\u0131 bir dille insan\u0131n i\u00e7ini yar\u0131p ge\u00e7erken iz b\u0131rakan bir \u0131rmak gibi co\u015fkuyla anlat\u0131ld\u0131\u011f\u0131, okuyucuyu nefessiz b\u0131rakan bir hik\u00e2yeler b\u00fct\u00fcn\u00fc. Yazar, Trabzon-\u0130stanbul ekseni a\u011f\u0131rl\u0131kl\u0131 olmak \u00fczere okuru semt semt, sokak sokak b\u00fcy\u00fcl\u00fc bir ge\u00e7mi\u015fin g\u00f6lgesinden al\u0131p, bir dalga gibi bug\u00fcn\u00fcn k\u0131y\u0131s\u0131na savuruyor.     \u201cAltm\u0131\u015fl\u0131 y\u0131llar\u0131n sonuydu. Belgin Doruk\u2019un, T\u00fcrkan \u015eoray\u2019\u0131n, H\u00fclya Ko\u00e7yi\u011fit&#8217;in kimi filmlerde giydikleri k\u0131sa, a\u00e7\u0131k renk bir pard\u00f6s\u00fc vard\u0131 \u00fczerinde, aya\u011f\u0131nda y\u00fcksek topuklu ayakkab\u0131lar ve ba\u015f\u0131nda t\u0131pk\u0131 onlar\u0131nki gibi bir e\u015farp. E\u011fildi\u011fim yerden yava\u015f\u00e7a do\u011fruldum. Aram\u0131zda bir ad\u0131m mesafe vard\u0131. Bu kez o e\u011fildi, kucaklad\u0131. Ya\u015fl\u0131 g\u00f6zleriyle \u00f6pt\u00fc beni, sanki yanaklar\u0131m g\u00f6zya\u015flar\u0131yla y\u0131kand\u0131. Usulca uzakla\u015ft\u0131. Yolun kar\u015f\u0131s\u0131na ge\u00e7ip o kocaman Tekel binas\u0131n\u0131n g\u00f6lgesinde Za\u011fanos\u2019a do\u011fru y\u00fcr\u00fcd\u00fc. Uzun uzun bakt\u0131m ard\u0131ndan. Yol boyu s\u0131ralanm\u0131\u015f Tekel i\u015f\u00e7ileri aras\u0131nda g\u00f6zden kayboldu. Tekel\u2019in mavi \u00f6nl\u00fckl\u00fc kad\u0131n i\u015f\u00e7ileri aras\u0131ndan y\u00fcr\u00fcy\u00fcp gitmi\u015f, ben \u00f6yle kalakalm\u0131\u015ft\u0131m. Genzimi yakan t\u00fc*t\u00fcn kokusu ve bo\u011faz\u0131ma d\u00fc\u011f\u00fcmlenen h\u0131\u00e7k\u0131r\u0131\u011f\u0131mla ne oldu\u011funa hi\u00e7bir anlam veremeden \u00e7ocuk y\u00fcre\u011fime derin bir \u00e7izik att\u0131m. Sanki Boncuk\u2019un haval\u0131 kornas\u0131n\u0131 duydum bir an, s\u0131yr\u0131ld\u0131m. Kendime geldim. Topal Mevl\u00fct\u2019\u00fcn at arabas\u0131 t\u0131ng\u0131r m\u0131ng\u0131r yan\u0131mdan ge\u00e7ti. Topal, uzun k\u0131rbac\u0131 \u015faklatt\u0131. Hayvan can havliyle bir hamle daha yap\u0131p yoku\u015fu d\u00fczledi. Bakkal malzemesi y\u00fckl\u00fc araba, k\u0131rat\u0131 epey zorlam\u0131\u015f olmal\u0131yd\u0131. Sa\u011fr\u0131s\u0131ndan s\u0131zan ter neredeyse yolda \u0131slak bir iz b\u0131rak\u0131yordu.\u201d <\/p>\n","protected":false},"excerpt":{"rendered":"<p>\u201c\u0130ncir A\u011fac\u0131n\u0131n G\u00f6lgesinde Zaman\u201d i\u00e7ten d\u0131\u015fa, d\u0131\u015ftan i\u00e7e \u00e7ok zengin g\u00f6zlemlerin, ya\u015fanm\u0131\u015fl\u0131klar\u0131n, mahpusluklar\u0131n, sevdalar\u0131n, arkada\u015f \u0131sl\u0131klar\u0131n\u0131n, \u00f6zlemlerin, \u00e7okca sevmelerin; insan\u0131n, a\u011fac\u0131n, soka\u011f\u0131n, ezilmi\u015flerin, hor g\u00f6r\u00fclenlerin, g\u00f6r\u00fclmek<span class=\"excerpt-hellip\"> [\u2026]<\/span><\/p>\n","protected":false},"featured_media":0,"template":"","meta":{"_monsterinsights_skip_tracking":false,"_monsterinsights_sitenote_active":false,"_monsterinsights_sitenote_note":"","_monsterinsights_sitenote_category":0},"product_brand":[],"product_cat":[12291,12711],"product_tag":[],"class_list":{"0":"post-727238","1":"product","2":"type-product","3":"status-publish","5":"product_cat-edebiyat","6":"product_cat-roman-oyku","7":"pa_cilt-ciltsiz","8":"pa_tur-kitap","9":"pa_yayinevi-kalkedon-yayincilik","10":"pa_yazar-burhan-ozturk","12":"first","13":"instock","14":"sale","15":"shipping-taxable","16":"purchasable","17":"product-type-simple"},"_links":{"self":[{"href":"https:\/\/roveyayinevi.com.tr\/index.php\/wp-json\/wp\/v2\/product\/727238","targetHints":{"allow":["GET"]}}],"collection":[{"href":"https:\/\/roveyayinevi.com.tr\/index.php\/wp-json\/wp\/v2\/product"}],"about":[{"href":"https:\/\/roveyayinevi.com.tr\/index.php\/wp-json\/wp\/v2\/types\/product"}],"wp:attachment":[{"href":"https:\/\/roveyayinevi.com.tr\/index.php\/wp-json\/wp\/v2\/media?parent=727238"}],"wp:term":[{"taxonomy":"product_brand","embeddable":true,"href":"https:\/\/roveyayinevi.com.tr\/index.php\/wp-json\/wp\/v2\/product_brand?post=727238"},{"taxonomy":"product_cat","embeddable":true,"href":"https:\/\/roveyayinevi.com.tr\/index.php\/wp-json\/wp\/v2\/product_cat?post=727238"},{"taxonomy":"product_tag","embeddable":true,"href":"https:\/\/roveyayinevi.com.tr\/index.php\/wp-json\/wp\/v2\/product_tag?post=727238"}],"curies":[{"name":"wp","href":"https:\/\/api.w.org\/{rel}","templated":true}]}}