{"id":727236,"date":"2025-08-27T20:18:59","date_gmt":"2025-08-27T17:18:59","guid":{"rendered":"https:\/\/roveyayinevi.com.tr\/index.php\/urun\/bir-noel-sarkisi-3\/"},"modified":"2026-04-16T02:34:56","modified_gmt":"2026-04-15T23:34:56","slug":"bir-noel-sarkisi-3","status":"publish","type":"product","link":"https:\/\/roveyayinevi.com.tr\/index.php\/urun\/bir-noel-sarkisi-3\/","title":{"rendered":"Bir Noel \u015eark\u0131s\u0131"},"content":{"rendered":"<p>Orta\u011f\u0131n\u0131 uzun y\u0131llar \u00f6nce kaybetmi\u015f olan cimri, aksi ve her zaman as\u0131k suratl\u0131 Scrooge&#8217;un ta\u015fla\u015fm\u0131\u015f kalbi, Noel gecesinde odas\u0131n\u0131 ziyaret eden \u00fc\u00e7 hayalet sayesinde yeniden yumu\u015far. Scrooge, odas\u0131na gelen ge\u00e7mi\u015fin, \u015fimdinin ve gelece\u011fin hayaletleriyle birlikte hayat\u0131n\u0131 sonsuza kadar de\u011fi\u015ftirecek ve onu d\u00fcnyan\u0131n en mutlu insan\u0131 haline getirecek bir yolculu\u011fa \u00e7\u0131kacakt\u0131r.<\/p>\n","protected":false},"excerpt":{"rendered":"<p>Orta\u011f\u0131n\u0131 uzun y\u0131llar \u00f6nce kaybetmi\u015f olan cimri, aksi ve her zaman as\u0131k suratl\u0131 Scrooge&#8217;un ta\u015fla\u015fm\u0131\u015f kalbi, Noel gecesinde odas\u0131n\u0131 ziyaret eden \u00fc\u00e7 hayalet sayesinde yeniden yumu\u015far.<span class=\"excerpt-hellip\"> [\u2026]<\/span><\/p>\n","protected":false},"featured_media":0,"template":"","meta":{"_monsterinsights_skip_tracking":false,"_monsterinsights_sitenote_active":false,"_monsterinsights_sitenote_note":"","_monsterinsights_sitenote_category":0},"product_brand":[],"product_cat":[12291,26797],"product_tag":[],"class_list":{"0":"post-727236","1":"product","2":"type-product","3":"status-publish","5":"product_cat-edebiyat","6":"product_cat-modern-klasikler","7":"pa_cilt-ciltsiz","8":"pa_tur-kitap","9":"pa_yayinevi-bilgi-yayinevi","10":"pa_yazar-charles-dickens","12":"first","13":"instock","14":"sale","15":"shipping-taxable","16":"purchasable","17":"product-type-simple"},"_links":{"self":[{"href":"https:\/\/roveyayinevi.com.tr\/index.php\/wp-json\/wp\/v2\/product\/727236","targetHints":{"allow":["GET"]}}],"collection":[{"href":"https:\/\/roveyayinevi.com.tr\/index.php\/wp-json\/wp\/v2\/product"}],"about":[{"href":"https:\/\/roveyayinevi.com.tr\/index.php\/wp-json\/wp\/v2\/types\/product"}],"wp:attachment":[{"href":"https:\/\/roveyayinevi.com.tr\/index.php\/wp-json\/wp\/v2\/media?parent=727236"}],"wp:term":[{"taxonomy":"product_brand","embeddable":true,"href":"https:\/\/roveyayinevi.com.tr\/index.php\/wp-json\/wp\/v2\/product_brand?post=727236"},{"taxonomy":"product_cat","embeddable":true,"href":"https:\/\/roveyayinevi.com.tr\/index.php\/wp-json\/wp\/v2\/product_cat?post=727236"},{"taxonomy":"product_tag","embeddable":true,"href":"https:\/\/roveyayinevi.com.tr\/index.php\/wp-json\/wp\/v2\/product_tag?post=727236"}],"curies":[{"name":"wp","href":"https:\/\/api.w.org\/{rel}","templated":true}]}}