{"id":727234,"date":"2025-08-27T20:18:58","date_gmt":"2025-08-27T17:18:58","guid":{"rendered":"https:\/\/roveyayinevi.com.tr\/index.php\/urun\/nazi-diktatorlugu-yorum-sorunlari-ve-perspektifleri\/"},"modified":"2026-04-16T02:34:56","modified_gmt":"2026-04-15T23:34:56","slug":"nazi-diktatorlugu-yorum-sorunlari-ve-perspektifleri","status":"publish","type":"product","link":"https:\/\/roveyayinevi.com.tr\/index.php\/urun\/nazi-diktatorlugu-yorum-sorunlari-ve-perspektifleri\/","title":{"rendered":"Nazi Diktat\u00f6rl\u00fc\u011f\u00fc Yorum Sorunlar\u0131 ve Perspektifleri"},"content":{"rendered":"<p>\u201cNazizm \u00fczerine yaz\u0131lm\u0131\u015f literat\u00fcr\u00fcn kapsam\u0131 o kadar geni\u015ftir ki uzmanlar bile ba\u015fa\u00e7\u0131kmakta zorlan\u0131rlar. Modern Alman tarihinde uzmanla\u015fm\u0131\u015f \u00f6\u011frencilerin s\u0131kl\u0131kla Nazizm\u2019in karma\u015f\u0131k tarih\u00e7ili\u011fini \u00f6z\u00fcmseyemedikleri ve akademik Alman dergilerindeki sayfalarda veya akademik monografilerde \u00e7o\u011fu kez y\u00fcr\u00fct\u00fclen yorumlama tart\u0131\u015fmalar\u0131n\u0131 takip edemedikleri a\u00e7\u0131kt\u0131r. Kitab\u0131m\u0131 yazarken bu fikirden yola \u00e7\u0131kt\u0131m. Bu nedenle, tarihyaz\u0131m\u0131n\u0131n geli\u015fimi hakk\u0131nda bir a\u00e7\u0131klama yapmamakta ve tabiri caizse Nazizm tarihi hakk\u0131nda hi\u00e7bir tarih sunmamaktad\u0131r. Aksine, kitab\u0131m Diktat\u00f6rl\u00fck d\u00f6nemiyle ilgili olarak, g\u00fcn\u00fcm\u00fczde Nazi Almanya\u2019s\u0131 tarih\u00e7ilerinin kar\u015f\u0131 kar\u015f\u0131ya kald\u0131\u011f\u0131 bir dizi merkezi yorum probleminin do\u011fas\u0131n\u0131 inceleme \u00e7abas\u0131d\u0131r.\u201d Ian Kershaw Elinizdeki bu kitap, \u015fimdiye dek Nazizm \u00fczerine yaz\u0131lm\u0131\u015f olgu tarih\u00e7ili\u011finin \u00f6tesine ge\u00e7en bir \u00e7al\u0131\u015fma; kitap olgu tarih\u00e7ili\u011fini ihmal etmeden Almanya\u2019n\u0131n II. D\u00fcnya Sava\u015f\u0131\u2019n\u0131 kaybetmesinden g\u00fcn\u00fcm\u00fcze kadarki Nazizm\u2019in  tarihyaz\u0131m\u0131 alan\u0131ndaki tart\u0131\u015fmalar\u0131na odaklanmakta. Liderlik k\u00fclt\u00fc \u00fczerine e\u011filip Hitler biyografileri ele alan klasik tarih\u00e7ilikten s\u0131n\u0131f eksenli okumaya odaklanan Do\u011fu Alman tarih\u00e7ili\u011fine; iki Almanya\u2019n\u0131n birle\u015fmesinden sonra tarihyaz\u0131m\u0131n\u0131n geldi\u011fi noktaya kadar \u00f6zelde Alman tarih\u00e7ilerin genelde ise Nazizm \u00fczerine yazan t\u00fcm tarih\u00e7ilerin yazd\u0131klar\u0131ndan m\u00fcte\u015fekkil derin bir anlat\u0131 sunulmakta&#8230; <\/p>\n","protected":false},"excerpt":{"rendered":"<p>\u201cNazizm \u00fczerine yaz\u0131lm\u0131\u015f literat\u00fcr\u00fcn kapsam\u0131 o kadar geni\u015ftir ki uzmanlar bile ba\u015fa\u00e7\u0131kmakta zorlan\u0131rlar. Modern Alman tarihinde uzmanla\u015fm\u0131\u015f \u00f6\u011frencilerin s\u0131kl\u0131kla Nazizm\u2019in karma\u015f\u0131k tarih\u00e7ili\u011fini \u00f6z\u00fcmseyemedikleri ve akademik Alman<span class=\"excerpt-hellip\"> [\u2026]<\/span><\/p>\n","protected":false},"featured_media":0,"template":"","meta":{"_monsterinsights_skip_tracking":false,"_monsterinsights_sitenote_active":false,"_monsterinsights_sitenote_note":"","_monsterinsights_sitenote_category":0},"product_brand":[],"product_cat":[12370,12304],"product_tag":[],"class_list":{"0":"post-727234","1":"product","2":"type-product","3":"status-publish","5":"product_cat-arastirma-inceleme","6":"product_cat-tarih","7":"pa_cilt-ciltsiz","8":"pa_tur-kitap","9":"pa_yayinevi-ayrinti-yayinlari","10":"pa_yazar-ian-kershaw","12":"first","13":"instock","14":"sale","15":"shipping-taxable","16":"purchasable","17":"product-type-simple"},"_links":{"self":[{"href":"https:\/\/roveyayinevi.com.tr\/index.php\/wp-json\/wp\/v2\/product\/727234","targetHints":{"allow":["GET"]}}],"collection":[{"href":"https:\/\/roveyayinevi.com.tr\/index.php\/wp-json\/wp\/v2\/product"}],"about":[{"href":"https:\/\/roveyayinevi.com.tr\/index.php\/wp-json\/wp\/v2\/types\/product"}],"wp:attachment":[{"href":"https:\/\/roveyayinevi.com.tr\/index.php\/wp-json\/wp\/v2\/media?parent=727234"}],"wp:term":[{"taxonomy":"product_brand","embeddable":true,"href":"https:\/\/roveyayinevi.com.tr\/index.php\/wp-json\/wp\/v2\/product_brand?post=727234"},{"taxonomy":"product_cat","embeddable":true,"href":"https:\/\/roveyayinevi.com.tr\/index.php\/wp-json\/wp\/v2\/product_cat?post=727234"},{"taxonomy":"product_tag","embeddable":true,"href":"https:\/\/roveyayinevi.com.tr\/index.php\/wp-json\/wp\/v2\/product_tag?post=727234"}],"curies":[{"name":"wp","href":"https:\/\/api.w.org\/{rel}","templated":true}]}}