{"id":727233,"date":"2025-08-27T20:18:57","date_gmt":"2025-08-27T17:18:57","guid":{"rendered":"https:\/\/roveyayinevi.com.tr\/index.php\/urun\/kim-korkar-schrodingerin-kedisinden-adan-zye-yeni-bilimin-rehberi\/"},"modified":"2026-04-16T02:34:56","modified_gmt":"2026-04-15T23:34:56","slug":"kim-korkar-schrodingerin-kedisinden-adan-zye-yeni-bilimin-rehberi","status":"publish","type":"product","link":"https:\/\/roveyayinevi.com.tr\/index.php\/urun\/kim-korkar-schrodingerin-kedisinden-adan-zye-yeni-bilimin-rehberi\/","title":{"rendered":"Kim Korkar Schr\u00f6dinger&#8217;in Kedisinden? A&#8217;dan Z&#8217;ye Yeni Bilimin Rehberi"},"content":{"rendered":"<p>Schr\u00f6dinger\u2019in kedisi yeni fizi\u011fin maskotudur. Kuantum teorisyeni Erwin Schr\u00f6dinger taraf\u0131ndan kuantum ger\u00e7ekli\u011fiyle ba\u011flant\u0131l\u0131 imk\u00e2ns\u0131z g\u00f6r\u00fcnen baz\u0131 bilmeceleri a\u00e7\u0131klamak i\u00e7in ortaya at\u0131l\u0131nca, 20. y\u00fczy\u0131l biliminin \u201chayrete d\u00fc\u015f\u00fcren\u201d bir sembol\u00fc oldu. Sa\u011fduyunun g\u00fcnl\u00fck d\u00fcnyas\u0131nda ve eski fizikte bu ya da \u015fu d\u00fc\u011fme \u00e7al\u0131\u015f\u0131r ve kedi ya yiyecek ya da zehir yer; sonu\u00e7ta ya \u00f6l\u00fcr ya da canl\u0131 kal\u0131r. Fakat Schr\u00f6dinger\u2019in kedisi kuantum kedisidir; bu y\u00fczden i\u015fler onun i\u00e7in b\u00f6yle y\u00fcr\u00fcmez. Kuantum d\u00fcnyas\u0131nda, t\u00fcm ihtimaller \u2013hatta do\u011fal olarak \u00e7eli\u015fenler bile\u2013 bir arada var olur ve kendine \u00f6zg\u00fc bir ger\u00e7ekli\u011fe sahiptir. Bu bir arada olabilen kuantum ihtimalleri Schr\u00f6dinger\u2019in kedisinin ayn\u0131 anda hem zehirle hem de yiyecekle beslenmesini m\u00fcmk\u00fcn k\u0131lmaktad\u0131r. Sonu\u00e7ta o, ayn\u0131 anda hem \u00f6l\u00fc hem de canl\u0131d\u0131r. Her iki ihtimal de birlikte var olur. Kim Korkar Schr\u00f6dinger\u2019in Kedisinden? kuantum mekani\u011finin kaos ve karma\u015fa teorisini, g\u00f6relilik, yeni zihin teorileri ve kozmoloji gibi temel meselelerini herkesin anlayaca\u011f\u0131 bir dille anlatan nefis bir kitap\u2026 Kendimizi, zihinlerimizi ve daha geni\u015f bir d\u00fczlemde \u015feyler aras\u0131ndaki yerimizi kavramaya davet eden bu \u00e7al\u0131\u015fma sa\u011fduyunun \u00f6tesine uzanan d\u00fcnyalara i\u015faret ederken yeni d\u00fc\u015f\u00fcnme bi\u00e7imleri \u00fczerinde \u0131srar ediyor\u2026 <\/p>\n","protected":false},"excerpt":{"rendered":"<p>Schr\u00f6dinger\u2019in kedisi yeni fizi\u011fin maskotudur. Kuantum teorisyeni Erwin Schr\u00f6dinger taraf\u0131ndan kuantum ger\u00e7ekli\u011fiyle ba\u011flant\u0131l\u0131 imk\u00e2ns\u0131z g\u00f6r\u00fcnen baz\u0131 bilmeceleri a\u00e7\u0131klamak i\u00e7in ortaya at\u0131l\u0131nca, 20. y\u00fczy\u0131l biliminin \u201chayrete d\u00fc\u015f\u00fcren\u201d<span class=\"excerpt-hellip\"> [\u2026]<\/span><\/p>\n","protected":false},"featured_media":0,"template":"","meta":{"_monsterinsights_skip_tracking":false,"_monsterinsights_sitenote_active":false,"_monsterinsights_sitenote_note":"","_monsterinsights_sitenote_category":0},"product_brand":[],"product_cat":[22249,13527],"product_tag":[],"class_list":{"0":"post-727233","1":"product","2":"type-product","3":"status-publish","5":"product_cat-bilim","6":"product_cat-sureli-yayinlar","7":"pa_cilt-ciltsiz","8":"pa_tur-kitap","9":"pa_yayinevi-ayrinti-yayinlari","10":"pa_yazar-ian-marshall-danah-zohar","12":"first","13":"instock","14":"sale","15":"shipping-taxable","16":"purchasable","17":"product-type-simple"},"_links":{"self":[{"href":"https:\/\/roveyayinevi.com.tr\/index.php\/wp-json\/wp\/v2\/product\/727233","targetHints":{"allow":["GET"]}}],"collection":[{"href":"https:\/\/roveyayinevi.com.tr\/index.php\/wp-json\/wp\/v2\/product"}],"about":[{"href":"https:\/\/roveyayinevi.com.tr\/index.php\/wp-json\/wp\/v2\/types\/product"}],"wp:attachment":[{"href":"https:\/\/roveyayinevi.com.tr\/index.php\/wp-json\/wp\/v2\/media?parent=727233"}],"wp:term":[{"taxonomy":"product_brand","embeddable":true,"href":"https:\/\/roveyayinevi.com.tr\/index.php\/wp-json\/wp\/v2\/product_brand?post=727233"},{"taxonomy":"product_cat","embeddable":true,"href":"https:\/\/roveyayinevi.com.tr\/index.php\/wp-json\/wp\/v2\/product_cat?post=727233"},{"taxonomy":"product_tag","embeddable":true,"href":"https:\/\/roveyayinevi.com.tr\/index.php\/wp-json\/wp\/v2\/product_tag?post=727233"}],"curies":[{"name":"wp","href":"https:\/\/api.w.org\/{rel}","templated":true}]}}