{"id":727230,"date":"2025-08-27T20:18:55","date_gmt":"2025-08-27T17:18:55","guid":{"rendered":"https:\/\/roveyayinevi.com.tr\/index.php\/urun\/siyer-1-kavram-atlasi\/"},"modified":"2026-04-16T02:34:56","modified_gmt":"2026-04-15T23:34:56","slug":"siyer-1-kavram-atlasi","status":"publish","type":"product","link":"https:\/\/roveyayinevi.com.tr\/index.php\/urun\/siyer-1-kavram-atlasi\/","title":{"rendered":"Siyer 1 &#8211; Kavram Atlas\u0131"},"content":{"rendered":"<p>Elinizdeki eser, 17 farkl\u0131 alanda iki\u015fer cilt halinde, toplam 34 kitaptan m\u00fcte\u015fekk\u00fcli yakla\u015f\u0131k 9000 maddelik Kavram Atlas\u0131 K\u00fclliyat\u0131n\u0131n bir par\u00e7as\u0131d\u0131r.Eser Yoluyla, da\u011f\u0131n\u0131k halde bulunan ilmi birikimi toparlayarak sistematik hale getirmek ve okuyucunun zihninde bir kavram birli\u011fi olu\u015fturmak hedeflenmi\u015ftir.Kavram Atlas\u0131 K\u00fclliyat\u0131 ile, par\u00e7ac\u0131 yakla\u015f\u0131mdan ziyade b\u00fct\u00fcnc\u00fcl anlay\u0131\u015f ama\u00e7lanm\u0131\u015ft\u0131r.<\/p>\n","protected":false},"excerpt":{"rendered":"<p>Elinizdeki eser, 17 farkl\u0131 alanda iki\u015fer cilt halinde, toplam 34 kitaptan m\u00fcte\u015fekk\u00fcli yakla\u015f\u0131k 9000 maddelik Kavram Atlas\u0131 K\u00fclliyat\u0131n\u0131n bir par\u00e7as\u0131d\u0131r.Eser Yoluyla, da\u011f\u0131n\u0131k halde bulunan ilmi birikimi<span class=\"excerpt-hellip\"> [\u2026]<\/span><\/p>\n","protected":false},"featured_media":0,"template":"","meta":{"_monsterinsights_skip_tracking":false,"_monsterinsights_sitenote_active":false,"_monsterinsights_sitenote_note":"","_monsterinsights_sitenote_category":0},"product_brand":[],"product_cat":[16789,12718,12719],"product_tag":[],"class_list":{"0":"post-727230","1":"product","2":"type-product","3":"status-publish","5":"product_cat-diger-islam","6":"product_cat-din","7":"product_cat-islam","8":"pa_cilt-ciltsiz","9":"pa_tur-kitap","10":"pa_yayinevi-gazi-kitabevi-sinav-kitaplari","11":"pa_yazar-abdurrahman-demirci","13":"first","14":"instock","15":"sale","16":"shipping-taxable","17":"purchasable","18":"product-type-simple"},"_links":{"self":[{"href":"https:\/\/roveyayinevi.com.tr\/index.php\/wp-json\/wp\/v2\/product\/727230","targetHints":{"allow":["GET"]}}],"collection":[{"href":"https:\/\/roveyayinevi.com.tr\/index.php\/wp-json\/wp\/v2\/product"}],"about":[{"href":"https:\/\/roveyayinevi.com.tr\/index.php\/wp-json\/wp\/v2\/types\/product"}],"wp:attachment":[{"href":"https:\/\/roveyayinevi.com.tr\/index.php\/wp-json\/wp\/v2\/media?parent=727230"}],"wp:term":[{"taxonomy":"product_brand","embeddable":true,"href":"https:\/\/roveyayinevi.com.tr\/index.php\/wp-json\/wp\/v2\/product_brand?post=727230"},{"taxonomy":"product_cat","embeddable":true,"href":"https:\/\/roveyayinevi.com.tr\/index.php\/wp-json\/wp\/v2\/product_cat?post=727230"},{"taxonomy":"product_tag","embeddable":true,"href":"https:\/\/roveyayinevi.com.tr\/index.php\/wp-json\/wp\/v2\/product_tag?post=727230"}],"curies":[{"name":"wp","href":"https:\/\/api.w.org\/{rel}","templated":true}]}}