{"id":727229,"date":"2025-08-27T20:18:45","date_gmt":"2025-08-27T17:18:45","guid":{"rendered":"https:\/\/roveyayinevi.com.tr\/index.php\/urun\/genel-muhasebe-4\/"},"modified":"2026-04-16T02:34:56","modified_gmt":"2026-04-15T23:34:56","slug":"genel-muhasebe-4","status":"publish","type":"product","link":"https:\/\/roveyayinevi.com.tr\/index.php\/urun\/genel-muhasebe-4\/","title":{"rendered":"Genel Muhasebe"},"content":{"rendered":"<p>Birici K\u0131s\u0131m: Muhasebeye Giri\u015f1. B\u00f6l\u00fcm Muhasebe Hakk\u0131nda Genel Bilgiler2. B\u00f6l\u00fcm Bilan\u00e7o Kavram\u01313. B\u00f6l\u00fcm Hesap Kavram\u01314. B\u00f6l\u00fcm Muhasebe Sisteminin \u0130\u015fleyi\u015fi\u0130kinci K\u0131s\u0131m: Varl\u0131k Hesaplar\u01311. B\u00f6l\u00fcm D\u00f6nen Varl\u0131klar2. B\u00f6l\u00fcm Duran Varl\u0131klar\u00dc\u00e7\u00fcnc\u00fc K\u0131s\u0131m: Kaynak Hesaplar\u01311. B\u00f6l\u00fcm Yabanc\u0131 Kaynaklar2. B\u00f6l\u00fcm \u00d6z KaynaklarD\u00f6rd\u00fcnc\u00fc K\u0131s\u0131m : Gelir Tablosu Hesaplar\u0131 \u00c7al\u0131\u015fma Problelerinin Cevap Anahtarlar\u0131.<\/p>\n","protected":false},"excerpt":{"rendered":"<p>Birici K\u0131s\u0131m: Muhasebeye Giri\u015f1. B\u00f6l\u00fcm Muhasebe Hakk\u0131nda Genel Bilgiler2. B\u00f6l\u00fcm Bilan\u00e7o Kavram\u01313. B\u00f6l\u00fcm Hesap Kavram\u01314. B\u00f6l\u00fcm Muhasebe Sisteminin \u0130\u015fleyi\u015fi\u0130kinci K\u0131s\u0131m: Varl\u0131k Hesaplar\u01311. B\u00f6l\u00fcm D\u00f6nen Varl\u0131klar2. B\u00f6l\u00fcm<span class=\"excerpt-hellip\"> [\u2026]<\/span><\/p>\n","protected":false},"featured_media":0,"template":"","meta":{"_monsterinsights_skip_tracking":false,"_monsterinsights_sitenote_active":false,"_monsterinsights_sitenote_note":"","_monsterinsights_sitenote_category":0},"product_brand":[],"product_cat":[13043,14381],"product_tag":[],"class_list":{"0":"post-727229","1":"product","2":"type-product","3":"status-publish","5":"product_cat-ekonomi","6":"product_cat-isletme-muhasebe-maliye","7":"pa_cilt-ciltsiz","8":"pa_tur-kitap","9":"pa_yayinevi-gazi-kitabevi","10":"pa_yazar-yurdakul-caldag-yildiz-ayanoglu","12":"first","13":"instock","14":"sale","15":"shipping-taxable","16":"purchasable","17":"product-type-simple"},"_links":{"self":[{"href":"https:\/\/roveyayinevi.com.tr\/index.php\/wp-json\/wp\/v2\/product\/727229","targetHints":{"allow":["GET"]}}],"collection":[{"href":"https:\/\/roveyayinevi.com.tr\/index.php\/wp-json\/wp\/v2\/product"}],"about":[{"href":"https:\/\/roveyayinevi.com.tr\/index.php\/wp-json\/wp\/v2\/types\/product"}],"wp:attachment":[{"href":"https:\/\/roveyayinevi.com.tr\/index.php\/wp-json\/wp\/v2\/media?parent=727229"}],"wp:term":[{"taxonomy":"product_brand","embeddable":true,"href":"https:\/\/roveyayinevi.com.tr\/index.php\/wp-json\/wp\/v2\/product_brand?post=727229"},{"taxonomy":"product_cat","embeddable":true,"href":"https:\/\/roveyayinevi.com.tr\/index.php\/wp-json\/wp\/v2\/product_cat?post=727229"},{"taxonomy":"product_tag","embeddable":true,"href":"https:\/\/roveyayinevi.com.tr\/index.php\/wp-json\/wp\/v2\/product_tag?post=727229"}],"curies":[{"name":"wp","href":"https:\/\/api.w.org\/{rel}","templated":true}]}}