{"id":727225,"date":"2025-08-27T20:18:42","date_gmt":"2025-08-27T17:18:42","guid":{"rendered":"https:\/\/roveyayinevi.com.tr\/index.php\/urun\/guzelim\/"},"modified":"2026-04-16T02:34:55","modified_gmt":"2026-04-15T23:34:55","slug":"guzelim","status":"publish","type":"product","link":"https:\/\/roveyayinevi.com.tr\/index.php\/urun\/guzelim\/","title":{"rendered":"G\u00fczelim"},"content":{"rendered":"<p>\u201cDans et benimle\u2026\u201d diye ba\u015flayan bir a\u015fk, m\u00fczik susmadan bitebilir mi? R\u00fcya, ge\u00e7mi\u015fin izlerini silmekte zorlan\u0131yor, korkuyordu. Kar\u015f\u0131s\u0131na \u00e7\u0131kan nefes kesici adamdan uzak durmaya \u00e7al\u0131\u015fsa da ruhu \u00e7oktan alev alm\u0131\u015ft\u0131. \u00c2\u015f\u0131k oldu\u011fu insan\u0131 hi\u00e7 tan\u0131mad\u0131\u011f\u0131n\u0131 fark etti\u011finde ise \u00f6n\u00fcnde uzanan yol ikiye ayr\u0131ld\u0131; ya gidecek ya kalacakt\u0131. Turgut, s\u0131rlar\u0131n\u0131 can\u0131 pahas\u0131na korumak zorundayd\u0131. Sevdi\u011fi kad\u0131n\u0131 kaybedece\u011fini bile bile yapabilir miydi bunu? Bir sava\u015f\u00e7\u0131 olarak bu kez d\u00f6v\u00fc\u015fmemeyi se\u00e7ebilir miydi? \u201cG\u00fczelim\u2026\u201d \u0130ki soluk aras\u0131nda f\u0131s\u0131ldanan bir kelimeden \u00e7ok daha fazlas\u0131\u2026 <\/p>\n","protected":false},"excerpt":{"rendered":"<p>\u201cDans et benimle\u2026\u201d diye ba\u015flayan bir a\u015fk, m\u00fczik susmadan bitebilir mi? R\u00fcya, ge\u00e7mi\u015fin izlerini silmekte zorlan\u0131yor, korkuyordu. Kar\u015f\u0131s\u0131na \u00e7\u0131kan nefes kesici adamdan uzak durmaya \u00e7al\u0131\u015fsa da<span class=\"excerpt-hellip\"> [\u2026]<\/span><\/p>\n","protected":false},"featured_media":0,"template":"","meta":{"_monsterinsights_skip_tracking":false,"_monsterinsights_sitenote_active":false,"_monsterinsights_sitenote_note":"","_monsterinsights_sitenote_category":0},"product_brand":[],"product_cat":[12291,50487],"product_tag":[],"class_list":{"0":"post-727225","1":"product","2":"type-product","3":"status-publish","5":"product_cat-edebiyat","6":"product_cat-kurgu","7":"pa_cilt-ciltsiz","8":"pa_tur-kitap","9":"pa_yayinevi-epsilon-yayinlari","10":"pa_yazar-derin-kadali","12":"first","13":"instock","14":"sale","15":"shipping-taxable","16":"purchasable","17":"product-type-simple"},"_links":{"self":[{"href":"https:\/\/roveyayinevi.com.tr\/index.php\/wp-json\/wp\/v2\/product\/727225","targetHints":{"allow":["GET"]}}],"collection":[{"href":"https:\/\/roveyayinevi.com.tr\/index.php\/wp-json\/wp\/v2\/product"}],"about":[{"href":"https:\/\/roveyayinevi.com.tr\/index.php\/wp-json\/wp\/v2\/types\/product"}],"wp:attachment":[{"href":"https:\/\/roveyayinevi.com.tr\/index.php\/wp-json\/wp\/v2\/media?parent=727225"}],"wp:term":[{"taxonomy":"product_brand","embeddable":true,"href":"https:\/\/roveyayinevi.com.tr\/index.php\/wp-json\/wp\/v2\/product_brand?post=727225"},{"taxonomy":"product_cat","embeddable":true,"href":"https:\/\/roveyayinevi.com.tr\/index.php\/wp-json\/wp\/v2\/product_cat?post=727225"},{"taxonomy":"product_tag","embeddable":true,"href":"https:\/\/roveyayinevi.com.tr\/index.php\/wp-json\/wp\/v2\/product_tag?post=727225"}],"curies":[{"name":"wp","href":"https:\/\/api.w.org\/{rel}","templated":true}]}}