{"id":727223,"date":"2025-08-27T20:18:40","date_gmt":"2025-08-27T17:18:40","guid":{"rendered":"https:\/\/roveyayinevi.com.tr\/index.php\/urun\/chp-parti-mufettisligi-ve-raporlarla-bursa-teskilati\/"},"modified":"2026-04-16T02:34:55","modified_gmt":"2026-04-15T23:34:55","slug":"chp-parti-mufettisligi-ve-raporlarla-bursa-teskilati","status":"publish","type":"product","link":"https:\/\/roveyayinevi.com.tr\/index.php\/urun\/chp-parti-mufettisligi-ve-raporlarla-bursa-teskilati\/","title":{"rendered":"Chp Parti M\u00fcfetti\u015fli\u011fi Ve Raporlarla Bursa Te\u015fkilat\u0131"},"content":{"rendered":"<p>Tek Parti D\u00f6nemi\u2019nde CHP\u2019nin ta\u015fra hakk\u0131nda bilgi toplama, kontrol etme ve denetleme mekanizmas\u0131 Tefti\u015f ve Rapor sistemi \u00fczerine kurulmu\u015ftur. Genel Sekreterlik, tefti\u015f mekanizmas\u0131n\u0131 Parti M\u00fcfetti\u015fleri eliyle y\u00fcr\u00fctm\u00fc\u015f, rapor sistemini ise \u00fc\u00e7 ayr\u0131 koldan elde etti\u011fi bilgilerle i\u015fletmi\u015ftir. Bunlar; partinin b\u00f6lgedeki en yetkili temsilcileri olan parti m\u00fcfetti\u015flerinin haz\u0131rlad\u0131\u011f\u0131 Tefti\u015f Raporlar\u0131, b\u00f6lge milletvekillerince haz\u0131rlanan \u0130ntihap Dairesi Raporlar\u0131 ve vilayetlerin Parti \u0130dare Heyetleri taraf\u0131ndan d\u00fczenlenen \u00c7al\u0131\u015fma Raporlar\u0131\u2019d\u0131r. Bu raporlar, CHP\u2019deki merkez-\u00e7evre(ta\u015fra) ili\u015fkisini, ta\u015fra te\u015fkilatlar\u0131n\u0131n \u00e7al\u0131\u015fmalar\u0131n\u0131, ya\u015fad\u0131klar\u0131 sorunlar\u0131 ve halkla m\u00fcnasebetlerini yans\u0131tmalar\u0131 a\u00e7\u0131s\u0131ndan b\u00fcy\u00fck \u00f6nem ta\u015f\u0131maktad\u0131r. CHP\u2019nin ta\u015fra te\u015fkilatlanmas\u0131nda en \u00e7ok \u00f6nem verdi\u011fi illerden biri de Bursa\u2019d\u0131r. Kadim tarihi, co\u011frafyas\u0131, yar\u0131m milyonluk n\u00fcfusu, geli\u015fmekte olan sanayisi ve zengin k\u00fclt\u00fcr\u00fcyle bu \u015fehir, 1930 ve 40\u2019l\u0131 y\u0131llarda \u00fclkenin dikkat \u00e7eken \u00f6nemli bir merkezidir. O y\u00fczden de Parti y\u00f6netiminin haz\u0131rlad\u0131\u011f\u0131 tefti\u015f program\u0131nda \u00f6ncelik verdi\u011fi b\u00f6lgeler aras\u0131ndad\u0131r. Kitapta, \u00f6ncelikle CHP\u2019nin kurmu\u015f oldu\u011fu sistemin ayr\u0131nt\u0131lar\u0131na yer verilmekte, ard\u0131ndan da bu sistemin i\u015fleyi\u015fi, raporlar \u00fczerinden CHP Bursa Te\u015fkilat\u0131n\u0131n on y\u0131ll\u0131k geli\u015fimi takip edilerek incelenmektedir.<\/p>\n","protected":false},"excerpt":{"rendered":"<p>Tek Parti D\u00f6nemi\u2019nde CHP\u2019nin ta\u015fra hakk\u0131nda bilgi toplama, kontrol etme ve denetleme mekanizmas\u0131 Tefti\u015f ve Rapor sistemi \u00fczerine kurulmu\u015ftur. Genel Sekreterlik, tefti\u015f mekanizmas\u0131n\u0131 Parti M\u00fcfetti\u015fleri eliyle<span class=\"excerpt-hellip\"> [\u2026]<\/span><\/p>\n","protected":false},"featured_media":0,"template":"","meta":{"_monsterinsights_skip_tracking":false,"_monsterinsights_sitenote_active":false,"_monsterinsights_sitenote_note":"","_monsterinsights_sitenote_category":0},"product_brand":[],"product_cat":[12312,12304],"product_tag":[],"class_list":{"0":"post-727223","1":"product","2":"type-product","3":"status-publish","5":"product_cat-diger","6":"product_cat-tarih","7":"pa_cilt-ciltsiz","8":"pa_tur-kitap","9":"pa_yayinevi-yeditepe-yayinevi","10":"pa_yazar-seda-bayindir-uluskan","12":"first","13":"instock","14":"sale","15":"shipping-taxable","16":"purchasable","17":"product-type-simple"},"_links":{"self":[{"href":"https:\/\/roveyayinevi.com.tr\/index.php\/wp-json\/wp\/v2\/product\/727223","targetHints":{"allow":["GET"]}}],"collection":[{"href":"https:\/\/roveyayinevi.com.tr\/index.php\/wp-json\/wp\/v2\/product"}],"about":[{"href":"https:\/\/roveyayinevi.com.tr\/index.php\/wp-json\/wp\/v2\/types\/product"}],"wp:attachment":[{"href":"https:\/\/roveyayinevi.com.tr\/index.php\/wp-json\/wp\/v2\/media?parent=727223"}],"wp:term":[{"taxonomy":"product_brand","embeddable":true,"href":"https:\/\/roveyayinevi.com.tr\/index.php\/wp-json\/wp\/v2\/product_brand?post=727223"},{"taxonomy":"product_cat","embeddable":true,"href":"https:\/\/roveyayinevi.com.tr\/index.php\/wp-json\/wp\/v2\/product_cat?post=727223"},{"taxonomy":"product_tag","embeddable":true,"href":"https:\/\/roveyayinevi.com.tr\/index.php\/wp-json\/wp\/v2\/product_tag?post=727223"}],"curies":[{"name":"wp","href":"https:\/\/api.w.org\/{rel}","templated":true}]}}