{"id":727222,"date":"2025-08-27T20:18:39","date_gmt":"2025-08-27T17:18:39","guid":{"rendered":"https:\/\/roveyayinevi.com.tr\/index.php\/urun\/stratejik-dusunce-ve-guvenlik\/"},"modified":"2026-04-16T02:34:55","modified_gmt":"2026-04-15T23:34:55","slug":"stratejik-dusunce-ve-guvenlik","status":"publish","type":"product","link":"https:\/\/roveyayinevi.com.tr\/index.php\/urun\/stratejik-dusunce-ve-guvenlik\/","title":{"rendered":"Stratejik D\u00fc\u015f\u00fcnce Ve G\u00fcvenlik"},"content":{"rendered":"<p>Uluslararas\u0131 ili\u015fkiler disiplininin alt \u00e7al\u0131\u015fma dallar\u0131ndan olan strateji ve g\u00fcvenlik konular\u0131, uluslararas\u0131 sistemin bug\u00fcn i\u00e7inde bulundu\u011fu s\u0131ra d\u0131\u015f\u0131 ko\u015fullar da g\u00f6z \u00f6n\u00fcne al\u0131nd\u0131\u011f\u0131nda, gerek akademik gerekse pop\u00fcler k\u00fclt\u00fcr \u00e7evrelerinde \u00fczerinde en \u00e7ok konu\u015fulan konular\u0131n ba\u015f\u0131nda gelmektedir. Ger\u00e7ekte her iki konunun da ge\u00e7mi\u015fi insanl\u0131k tarihi kadar eski olsa da strateji ve g\u00fcvenlik \u00e7al\u0131\u015fmalar\u0131n\u0131n \u00fclkemiz akademik \u00e7evrelerinde tart\u0131\u015f\u0131lmaya ba\u015flanmas\u0131 son birka\u00e7 y\u0131lda artm\u0131\u015ft\u0131r.Bu ba\u011flamda elinizdeki kitap \u00f6zellikle So\u011fuk Sava\u015f sonras\u0131 d\u00f6nemde konuya dahil t\u00fcm temel kavramlar\u0131, kuramsal yakla\u015f\u0131mlar\u0131, akt\u00f6rleri ve bunlar\u0131n g\u00fcn\u00fcm\u00fczde nas\u0131l bir de\u011fi\u015fim g\u00f6stererek, yeniden tan\u0131mland\u0131klar\u0131n\u0131 anlatmay\u0131 hedeflemi\u015ftir.<\/p>\n","protected":false},"excerpt":{"rendered":"<p>Uluslararas\u0131 ili\u015fkiler disiplininin alt \u00e7al\u0131\u015fma dallar\u0131ndan olan strateji ve g\u00fcvenlik konular\u0131, uluslararas\u0131 sistemin bug\u00fcn i\u00e7inde bulundu\u011fu s\u0131ra d\u0131\u015f\u0131 ko\u015fullar da g\u00f6z \u00f6n\u00fcne al\u0131nd\u0131\u011f\u0131nda, gerek akademik gerekse<span class=\"excerpt-hellip\"> [\u2026]<\/span><\/p>\n","protected":false},"featured_media":0,"template":"","meta":{"_monsterinsights_skip_tracking":false,"_monsterinsights_sitenote_active":false,"_monsterinsights_sitenote_note":"","_monsterinsights_sitenote_category":0},"product_brand":[],"product_cat":[13590,12337],"product_tag":[],"class_list":{"0":"post-727222","1":"product","2":"type-product","3":"status-publish","5":"product_cat-arastirma-inceleme-politika-siyaset","6":"product_cat-politika-siyaset","7":"pa_cilt-ciltsiz","8":"pa_tur-kitap","9":"pa_yayinevi-yeditepe-yayinevi","10":"pa_yazar-yeditepe-yayinevi-kolektif","12":"first","13":"instock","14":"sale","15":"shipping-taxable","16":"purchasable","17":"product-type-simple"},"_links":{"self":[{"href":"https:\/\/roveyayinevi.com.tr\/index.php\/wp-json\/wp\/v2\/product\/727222","targetHints":{"allow":["GET"]}}],"collection":[{"href":"https:\/\/roveyayinevi.com.tr\/index.php\/wp-json\/wp\/v2\/product"}],"about":[{"href":"https:\/\/roveyayinevi.com.tr\/index.php\/wp-json\/wp\/v2\/types\/product"}],"wp:attachment":[{"href":"https:\/\/roveyayinevi.com.tr\/index.php\/wp-json\/wp\/v2\/media?parent=727222"}],"wp:term":[{"taxonomy":"product_brand","embeddable":true,"href":"https:\/\/roveyayinevi.com.tr\/index.php\/wp-json\/wp\/v2\/product_brand?post=727222"},{"taxonomy":"product_cat","embeddable":true,"href":"https:\/\/roveyayinevi.com.tr\/index.php\/wp-json\/wp\/v2\/product_cat?post=727222"},{"taxonomy":"product_tag","embeddable":true,"href":"https:\/\/roveyayinevi.com.tr\/index.php\/wp-json\/wp\/v2\/product_tag?post=727222"}],"curies":[{"name":"wp","href":"https:\/\/api.w.org\/{rel}","templated":true}]}}