{"id":727220,"date":"2025-08-27T20:18:37","date_gmt":"2025-08-27T17:18:37","guid":{"rendered":"https:\/\/roveyayinevi.com.tr\/index.php\/urun\/gunes-anne-ve-cicek-kiz\/"},"modified":"2026-04-16T02:34:55","modified_gmt":"2026-04-15T23:34:55","slug":"gunes-anne-ve-cicek-kiz","status":"publish","type":"product","link":"https:\/\/roveyayinevi.com.tr\/index.php\/urun\/gunes-anne-ve-cicek-kiz\/","title":{"rendered":"G\u00fcne\u015f Anne ve \u00c7i\u00e7ek K\u0131z"},"content":{"rendered":"<p>G\u00fcne\u015f Anne, her sabah koca \u00e7antas\u0131yla erkenden evden \u00e7\u0131kar. Kimse bilmez ne yapar\u2026 Ne zaman, nereye gitti\u011fini sorsalar \u201cB\u00fcy\u00fck \u015feyler yapmaya,\u201d der. \u00c7i\u00e7ek K\u0131z bir t\u00fcrl\u00fc bilemez, o b\u00fcy\u00fck \u015feyler ne? Ama ne zaman \u201cBen de gelebilir miyim?\u201d dese, \u201cAlt\u0131 ya\u015f\u0131na geldi\u011finde,\u201d der anne. G\u00fcne\u015fli g\u00fczel bir g\u00fcn. \u00c7i\u00e7ek K\u0131z en mutlusu o g\u00fcn yery\u00fcz\u00fcn\u00fcn. Art\u0131k alt\u0131 ya\u015f\u0131nda ve \u201cYa\u015fas\u0131n!\u201d O da b\u00fcy\u00fck \u015feyler yapabilecek sonunda\u2026 \u201cEn b\u00fcy\u00fck ve g\u00fczel \u015feylerin, en k\u00fc\u00e7\u00fck ve de\u011fersiz g\u00f6r\u00fclen ayr\u0131nt\u0131larda gizli oldu\u011funu hat\u0131rlatan g\u00f6n\u00fclden bir hik\u00e2ye\u2026\u201d <\/p>\n","protected":false},"excerpt":{"rendered":"<p>G\u00fcne\u015f Anne, her sabah koca \u00e7antas\u0131yla erkenden evden \u00e7\u0131kar. Kimse bilmez ne yapar\u2026 Ne zaman, nereye gitti\u011fini sorsalar \u201cB\u00fcy\u00fck \u015feyler yapmaya,\u201d der. \u00c7i\u00e7ek K\u0131z bir t\u00fcrl\u00fc<span class=\"excerpt-hellip\"> [\u2026]<\/span><\/p>\n","protected":false},"featured_media":0,"template":"","meta":{"_monsterinsights_skip_tracking":false,"_monsterinsights_sitenote_active":false,"_monsterinsights_sitenote_note":"","_monsterinsights_sitenote_category":0},"product_brand":[],"product_cat":[12274,12518],"product_tag":[],"class_list":{"0":"post-727220","1":"product","2":"type-product","3":"status-publish","5":"product_cat-cocuk-ve-genclik-kitaplari","6":"product_cat-okul-oncesi-kitaplar","7":"pa_cilt-ciltsiz","8":"pa_tur-kitap","9":"pa_yayinevi-tuti-kitap","10":"pa_yazar-mumine-yildiz","12":"first","13":"instock","14":"sale","15":"shipping-taxable","16":"purchasable","17":"product-type-simple"},"_links":{"self":[{"href":"https:\/\/roveyayinevi.com.tr\/index.php\/wp-json\/wp\/v2\/product\/727220","targetHints":{"allow":["GET"]}}],"collection":[{"href":"https:\/\/roveyayinevi.com.tr\/index.php\/wp-json\/wp\/v2\/product"}],"about":[{"href":"https:\/\/roveyayinevi.com.tr\/index.php\/wp-json\/wp\/v2\/types\/product"}],"wp:attachment":[{"href":"https:\/\/roveyayinevi.com.tr\/index.php\/wp-json\/wp\/v2\/media?parent=727220"}],"wp:term":[{"taxonomy":"product_brand","embeddable":true,"href":"https:\/\/roveyayinevi.com.tr\/index.php\/wp-json\/wp\/v2\/product_brand?post=727220"},{"taxonomy":"product_cat","embeddable":true,"href":"https:\/\/roveyayinevi.com.tr\/index.php\/wp-json\/wp\/v2\/product_cat?post=727220"},{"taxonomy":"product_tag","embeddable":true,"href":"https:\/\/roveyayinevi.com.tr\/index.php\/wp-json\/wp\/v2\/product_tag?post=727220"}],"curies":[{"name":"wp","href":"https:\/\/api.w.org\/{rel}","templated":true}]}}