{"id":727218,"date":"2025-08-27T20:18:36","date_gmt":"2025-08-27T17:18:36","guid":{"rendered":"https:\/\/roveyayinevi.com.tr\/index.php\/urun\/majanda-2021-bir-yillik-eglence-defteri\/"},"modified":"2026-04-16T02:34:55","modified_gmt":"2026-04-15T23:34:55","slug":"majanda-2021-bir-yillik-eglence-defteri","status":"publish","type":"product","link":"https:\/\/roveyayinevi.com.tr\/index.php\/urun\/majanda-2021-bir-yillik-eglence-defteri\/","title":{"rendered":"Majanda 2021 Bir Y\u0131ll\u0131k E\u011flence Defteri"},"content":{"rendered":"<p>Hayat\u0131 Majandalamayan Kalmas\u0131n! Y\u0131ld\u0131ray Karakiya ve M. Banu Aksoy&#8217;un ortak imzas\u0131n\u0131 ta\u015f\u0131yan Majanda 2021; bir g\u00fcn\u00fc, bir haftay\u0131 ve b\u00fct\u00fcn bir ay\u0131 kapsayan etkile\u015fimli i\u00e7eri\u011fiyle, \u00e7ocuklara ajanda kullanma al\u0131\u015fkanl\u0131\u011f\u0131 kazand\u0131racak benzersiz bir k\u0131lavuz.Al\u0131\u015f\u0131lagelmi\u015f t\u00fcm ajandalardan farkl\u0131la\u015fan \u00f6zg\u00fcn tasar\u0131m\u0131yla dikkat \u00e7eken Majanda 2021, yemek ve i\u00e7ecek tariflerinden, ti\u015f\u00f6rtten \u00e7anta tasarlamaya; renkli oyunlardan, keyifli \u00f6yk\u00fclere uzanan dopdolu sayfalar\u0131yla y\u0131l boyunca e\u011flenceyi garantiliyor!Her ay ho\u015fg\u00f6r\u00fc, sayg\u0131, sadelik, d\u00fcr\u00fcstl\u00fck, i\u015fbirli\u011fi gibi farkl\u0131 evrensel de\u011ferlerle bulu\u015fturan Majanda 2021, zaman\u0131 do\u011fru ve verimli y\u00f6netmenin inceliklerini payla\u015fman\u0131n yan\u0131 s\u0131ra, hayat\u0131 kolayla\u015ft\u0131racak pek \u00e7ok ipucu da sunuyor. Y\u0131l geneline yayd\u0131\u011f\u0131 etkinlik se\u00e7kisiyle, \u00e7ocuklar\u0131n genel k\u00fclt\u00fcr\u00fcn\u00fc art\u0131r\u0131yor, onlar\u0131 yeni hobiler edinmeye te\u015fvik ediyor.\u015ei\u015fe kapa\u011f\u0131ndan magnetler haz\u0131rlamaya ya da aileniz i\u00e7in bir ho\u015fg\u00f6r\u00fc \u00e7emberi kurmaya dersiniz? Nas\u0131l m\u0131? Tabii ki Majanda ile! Haftal\u0131k \u00e7\u0131lg\u0131n teklifler, ayl\u0131k hedefler, e\u011flenceli tombala ya da tad\u0131 dama\u011f\u0131n\u0131zda kalacak tarifler&#8230; Hepsi ve \u00e7ok daha fazlas\u0131 Majanda 2021&#8217;de!Y\u0131l boyu elinizin, hatta yast\u0131\u011f\u0131n\u0131z\u0131n alt\u0131nda tutaca\u011f\u0131n\u0131z Majanda&#8217;yla sadece zaman\u0131 planlamakla kalmay\u0131p, evrensel de\u011ferler \u00fcst\u00fcne d\u00fc\u015f\u00fcnme ve tart\u0131\u015fma f\u0131rsat\u0131 bulacak; bu esnada bol bol e\u011flenecek ve her g\u00fcn yeni bir \u015fey ke\u015ffedeceksiniz. Majanda 2021, size do\u011fan\u0131n m\u00fczi\u011fine kulak vermenin; hem g\u00f6ze hem mideye hitap eden reng\u00e2renk bir makarna taba\u011f\u0131 haz\u0131rlaman\u0131n yollar\u0131n\u0131 \u00f6\u011fretirken, de\u011fi\u015fik etkinlikler sayesinde el becerilerinizi geli\u015ftirmenize de olanak sa\u011flayacak. Ayr\u0131ca y\u0131l boyu ger\u00e7ekle\u015fecek do\u011fa olaylar\u0131n\u0131 g\u00f6zlemleyebilece\u011finiz Majanda 2021, &#8221;Nas\u0131l hissediyorsun?&#8221; sayfalar\u0131yla duygular\u0131n\u0131z\u0131 yans\u0131tman\u0131za arac\u0131 olacak ve unutamayaca\u011f\u0131n\u0131z bir y\u0131l ge\u00e7irmeniz i\u00e7in size k\u0131lavuzluk edecek.Majanda 2021 herkesi ve \u00f6zellikle de &#8221;Ben ajanda kullanmam, \u00e2n\u0131n tad\u0131n\u0131 \u00e7\u0131kar\u0131r\u0131m!&#8221; diyenleri s\u0131ra d\u0131\u015f\u0131 bir ajanda deneyimine davet ediyor; d\u00f6n\u00fcp bak\u0131ld\u0131\u011f\u0131nda g\u00fcl\u00fcmseten an\u0131lara \u00f6nc\u00fcl\u00fck ediyor.Kendinize ve sevdiklerinize erken bir y\u0131lba\u015f\u0131 hediyesi olarak da d\u00fc\u015f\u00fcnebilece\u011finiz Majanda 2021&#8217;le dopdolu bir yeni y\u0131l sizleri bekliyor.Hadi, \u015fimdi keyfinize bak\u0131n ve hayat\u0131 Majandalay\u0131n!Hayat\u0131 Majandalamayan Kalmas\u0131n! Y\u0131ld\u0131ray Karakiya ve M. Banu Aksoy&#8217;un ortak imzas\u0131n\u0131 ta\u015f\u0131yan Majanda 2021; bir g\u00fcn\u00fc, bir haftay\u0131 ve b\u00fct\u00fcn bir ay\u0131 kapsayan etkile\u015fimli i\u00e7eri\u011fiyle, \u00e7ocuklara ajanda kullanma al\u0131\u015fkanl\u0131\u011f\u0131 kazand\u0131racak benzersiz bir k\u0131lavuz.Al\u0131\u015f\u0131lagelmi\u015f t\u00fcm ajandalardan farkl\u0131la\u015fan \u00f6zg\u00fcn tasar\u0131m\u0131yla dikkat \u00e7eken Majanda 2021, yemek ve i\u00e7ecek tariflerinden, ti\u015f\u00f6rtten \u00e7anta tasarlamaya; renkli oyunlardan, keyifli \u00f6yk\u00fclere uzanan dopdolu sayfalar\u0131yla y\u0131l boyunca e\u011flenceyi garantiliyor!Her ay ho\u015fg\u00f6r\u00fc, sayg\u0131, sadelik, d\u00fcr\u00fcstl\u00fck, i\u015fbirli\u011fi gibi farkl\u0131 evrensel de\u011ferlerle bulu\u015fturan Majanda 2021, zaman\u0131 do\u011fru ve verimli y\u00f6netmenin inceliklerini payla\u015fman\u0131n yan\u0131 s\u0131ra, hayat\u0131 kolayla\u015ft\u0131racak pek \u00e7ok ipucu da sunuyor. Y\u0131l geneline yayd\u0131\u011f\u0131 etkinlik se\u00e7kisiyle, \u00e7ocuklar\u0131n genel k\u00fclt\u00fcr\u00fcn\u00fc art\u0131r\u0131yor, onlar\u0131 yeni hobiler edinmeye te\u015fvik ediyor.\u015ei\u015fe kapa\u011f\u0131ndan magnetler haz\u0131rlamaya ya da aileniz i\u00e7in bir ho\u015fg\u00f6r\u00fc \u00e7emberi kurmaya dersiniz? Nas\u0131l m\u0131? Tabii ki Majanda ile! Haftal\u0131k \u00e7\u0131lg\u0131n teklifler, ayl\u0131k hedefler, e\u011flenceli tombala ya da tad\u0131 dama\u011f\u0131n\u0131zda kalacak tarifler&#8230; Hepsi ve \u00e7ok daha fazlas\u0131 Majanda 2021&#8217;de!Y\u0131l boyu elinizin, hatta yast\u0131\u011f\u0131n\u0131z\u0131n alt\u0131nda tutaca\u011f\u0131n\u0131z Majanda&#8217;yla sadece zaman\u0131 planlamakla kalmay\u0131p, evrensel de\u011ferler \u00fcst\u00fcne d\u00fc\u015f\u00fcnme ve tart\u0131\u015fma f\u0131rsat\u0131 bulacak; bu esnada bol bol e\u011flenecek ve her g\u00fcn yeni bir \u015fey ke\u015ffedeceksiniz. Majanda 2021, size do\u011fan\u0131n m\u00fczi\u011fine kulak vermenin; hem g\u00f6ze hem mideye hitap eden reng\u00e2renk bir makarna taba\u011f\u0131 haz\u0131rlaman\u0131n yollar\u0131n\u0131 \u00f6\u011fretirken, de\u011fi\u015fik etkinlikler sayesinde el becerilerinizi geli\u015ftirmenize de olanak sa\u011flayacak. Ayr\u0131ca y\u0131l boyu ger\u00e7ekle\u015fecek do\u011fa olaylar\u0131n\u0131 g\u00f6zlemleyebilece\u011finiz Majanda 2021, &#8221;Nas\u0131l hissediyorsun?&#8221; sayfalar\u0131yla duygular\u0131n\u0131z\u0131 yans\u0131tman\u0131za arac\u0131 olacak ve unutamayaca\u011f\u0131n\u0131z bir y\u0131l ge\u00e7irmeniz i\u00e7in size k\u0131lavuzluk edecek.Majanda 2021 herkesi ve \u00f6zellikle de &#8221;Ben ajanda kullanmam, \u00e2n\u0131n tad\u0131n\u0131 \u00e7\u0131kar\u0131r\u0131m!&#8221; diyenleri s\u0131ra d\u0131\u015f\u0131 bir ajanda deneyimine davet ediyor; d\u00f6n\u00fcp bak\u0131ld\u0131\u011f\u0131nda g\u00fcl\u00fcmseten an\u0131lara \u00f6nc\u00fcl\u00fck ediyor.Kendinize ve sevdiklerinize erken bir y\u0131lba\u015f\u0131 hediyesi olarak da d\u00fc\u015f\u00fcnebilece\u011finiz Majanda 2021&#8217;le dopdolu bir yeni y\u0131l sizleri bekliyor.Hadi, \u015fimdi keyfinize bak\u0131n ve hayat\u0131 Majandalay\u0131n!<\/p>\n","protected":false},"excerpt":{"rendered":"<p>Hayat\u0131 Majandalamayan Kalmas\u0131n! Y\u0131ld\u0131ray Karakiya ve M. Banu Aksoy&#8217;un ortak imzas\u0131n\u0131 ta\u015f\u0131yan Majanda 2021; bir g\u00fcn\u00fc, bir haftay\u0131 ve b\u00fct\u00fcn bir ay\u0131 kapsayan etkile\u015fimli i\u00e7eri\u011fiyle, \u00e7ocuklara<span class=\"excerpt-hellip\"> [\u2026]<\/span><\/p>\n","protected":false},"featured_media":0,"template":"","meta":{"_monsterinsights_skip_tracking":false,"_monsterinsights_sitenote_active":false,"_monsterinsights_sitenote_note":"","_monsterinsights_sitenote_category":0},"product_brand":[],"product_cat":[12275,12274],"product_tag":[],"class_list":{"0":"post-727218","1":"product","2":"type-product","3":"status-publish","5":"product_cat-6-12-yas-kitaplari","6":"product_cat-cocuk-ve-genclik-kitaplari","7":"pa_cilt-ciltsiz","8":"pa_tur-kitap","9":"pa_yayinevi-tudem-yayinlari","10":"pa_yazar-m-banu-aksoy-yildiray-karakiya","12":"first","13":"instock","14":"sale","15":"shipping-taxable","16":"purchasable","17":"product-type-simple"},"_links":{"self":[{"href":"https:\/\/roveyayinevi.com.tr\/index.php\/wp-json\/wp\/v2\/product\/727218","targetHints":{"allow":["GET"]}}],"collection":[{"href":"https:\/\/roveyayinevi.com.tr\/index.php\/wp-json\/wp\/v2\/product"}],"about":[{"href":"https:\/\/roveyayinevi.com.tr\/index.php\/wp-json\/wp\/v2\/types\/product"}],"wp:attachment":[{"href":"https:\/\/roveyayinevi.com.tr\/index.php\/wp-json\/wp\/v2\/media?parent=727218"}],"wp:term":[{"taxonomy":"product_brand","embeddable":true,"href":"https:\/\/roveyayinevi.com.tr\/index.php\/wp-json\/wp\/v2\/product_brand?post=727218"},{"taxonomy":"product_cat","embeddable":true,"href":"https:\/\/roveyayinevi.com.tr\/index.php\/wp-json\/wp\/v2\/product_cat?post=727218"},{"taxonomy":"product_tag","embeddable":true,"href":"https:\/\/roveyayinevi.com.tr\/index.php\/wp-json\/wp\/v2\/product_tag?post=727218"}],"curies":[{"name":"wp","href":"https:\/\/api.w.org\/{rel}","templated":true}]}}