{"id":727217,"date":"2025-08-27T20:18:35","date_gmt":"2025-08-27T17:18:35","guid":{"rendered":"https:\/\/roveyayinevi.com.tr\/index.php\/urun\/bir-sehri-okumak\/"},"modified":"2026-04-16T02:34:55","modified_gmt":"2026-04-15T23:34:55","slug":"bir-sehri-okumak","status":"publish","type":"product","link":"https:\/\/roveyayinevi.com.tr\/index.php\/urun\/bir-sehri-okumak\/","title":{"rendered":"Bir \u015eehri Okumak"},"content":{"rendered":"<p>Binlerce y\u0131ll\u0131k ge\u00e7mi\u015fiyle \u0130stanbul, \u00e7a\u011flara meydan okuyan bir \u015fehirdir. Her yerinden tarih f\u0131\u015fk\u0131ran, her ta\u015f\u0131nda ayr\u0131 bir efsane yatan \u015fehir&#8230; Fatih \u00c7avu\u015f bu kitapta \u0130stanbul\u2019un tarihi mek\u00e2nlar\u0131n\u0131, s\u00fctunlar\u0131n\u0131, \u00e7e\u015fmelerini, saraylar\u0131n\u0131, padi\u015fahlar\u0131n\u0131 ve camilerini kaleme al\u0131yor. Bunlar\u0131 anlat\u0131rken de ya\u015fanan olaylara, efsanelere yer veriyor. \u015eehirde dola\u015f\u0131rken kar\u015f\u0131m\u0131za \u00e7\u0131kan bir s\u00fctundan bir \u00e7e\u015fmenin in\u015fa edili\u015fine, Beylerbeyi\u2019ndeki heykellerden \u00c7\u0131ra\u011fan Saray\u0131\u2019nda ya\u015fanan bask\u0131n ve yang\u0131na, ku\u015f evlerinden Osmanl\u0131 sultanlar\u0131n\u0131n ihti\u015faml\u0131 camilerine dek bir\u00e7ok farkl\u0131 konu kitap boyunca kar\u015f\u0131m\u0131za \u00e7\u0131k\u0131yor. Ayr\u0131ca padi\u015fahlar\u0131n hayatlar\u0131, d\u00f6nemlerinde ya\u015fanan olaylar ve \u0130stanbul\u2019a katk\u0131lar\u0131 da merakla okunacak b\u00f6l\u00fcmler aras\u0131nda. Bir \u015eehri Okumak, \u0130stanbul\u2019un tarihi eserlerine ve mek\u00e2nlar\u0131na farkl\u0131 bir g\u00f6zle bakman\u0131z\u0131 sa\u011flayacak. <\/p>\n","protected":false},"excerpt":{"rendered":"<p>Binlerce y\u0131ll\u0131k ge\u00e7mi\u015fiyle \u0130stanbul, \u00e7a\u011flara meydan okuyan bir \u015fehirdir. Her yerinden tarih f\u0131\u015fk\u0131ran, her ta\u015f\u0131nda ayr\u0131 bir efsane yatan \u015fehir&#8230; Fatih \u00c7avu\u015f bu kitapta \u0130stanbul\u2019un tarihi<span class=\"excerpt-hellip\"> [\u2026]<\/span><\/p>\n","protected":false},"featured_media":0,"template":"","meta":{"_monsterinsights_skip_tracking":false,"_monsterinsights_sitenote_active":false,"_monsterinsights_sitenote_note":"","_monsterinsights_sitenote_category":0},"product_brand":[],"product_cat":[12370,12304],"product_tag":[],"class_list":{"0":"post-727217","1":"product","2":"type-product","3":"status-publish","5":"product_cat-arastirma-inceleme","6":"product_cat-tarih","7":"pa_cilt-ciltsiz","8":"pa_tur-kitap","9":"pa_yayinevi-nemesis-kitap","10":"pa_yazar-fatih-cavus","12":"first","13":"instock","14":"sale","15":"shipping-taxable","16":"purchasable","17":"product-type-simple"},"_links":{"self":[{"href":"https:\/\/roveyayinevi.com.tr\/index.php\/wp-json\/wp\/v2\/product\/727217","targetHints":{"allow":["GET"]}}],"collection":[{"href":"https:\/\/roveyayinevi.com.tr\/index.php\/wp-json\/wp\/v2\/product"}],"about":[{"href":"https:\/\/roveyayinevi.com.tr\/index.php\/wp-json\/wp\/v2\/types\/product"}],"wp:attachment":[{"href":"https:\/\/roveyayinevi.com.tr\/index.php\/wp-json\/wp\/v2\/media?parent=727217"}],"wp:term":[{"taxonomy":"product_brand","embeddable":true,"href":"https:\/\/roveyayinevi.com.tr\/index.php\/wp-json\/wp\/v2\/product_brand?post=727217"},{"taxonomy":"product_cat","embeddable":true,"href":"https:\/\/roveyayinevi.com.tr\/index.php\/wp-json\/wp\/v2\/product_cat?post=727217"},{"taxonomy":"product_tag","embeddable":true,"href":"https:\/\/roveyayinevi.com.tr\/index.php\/wp-json\/wp\/v2\/product_tag?post=727217"}],"curies":[{"name":"wp","href":"https:\/\/api.w.org\/{rel}","templated":true}]}}