{"id":727216,"date":"2025-08-27T20:18:34","date_gmt":"2025-08-27T17:18:34","guid":{"rendered":"https:\/\/roveyayinevi.com.tr\/index.php\/urun\/cok-uzak-bir-deniz\/"},"modified":"2026-04-16T02:34:55","modified_gmt":"2026-04-15T23:34:55","slug":"cok-uzak-bir-deniz","status":"publish","type":"product","link":"https:\/\/roveyayinevi.com.tr\/index.php\/urun\/cok-uzak-bir-deniz\/","title":{"rendered":"\u00c7ok Uzak Bir Deniz"},"content":{"rendered":"<p>Bir hayalin pe\u015finde Hali\u00e7\u2019ten Van G\u00f6l\u00fc\u2019ne&#8230; \u00c7ocuk edebiyat\u0131m\u0131z\u0131n \u00f6d\u00fcll\u00fc yazar\u0131 \u015eener \u015e\u00fckr\u00fc Yi\u011fitler, Hali\u00e7\u2019in k\u00fc\u00e7\u00fck vapurlar\u0131 Defterdar ve S\u00fctl\u00fcce\u2019nin ger\u00e7ek \u00f6yk\u00fcs\u00fcnden yola \u00e7\u0131karak yazd\u0131\u011f\u0131 roman\u0131yla G\u00fcn\u0131\u015f\u0131\u011f\u0131 Kitapl\u0131\u011f\u0131 okurlar\u0131n\u0131 selaml\u0131yor. Hali\u00e7\u2019te ve Bo\u011fazi\u00e7i\u2019nde hep ayn\u0131 seferlere \u00e7\u0131kmaktan s\u0131k\u0131lan, engin denizlerin, hatta okyanuslar\u0131n hayalini kuran Defterdar\u2019\u0131n, \u0130stanbul\u2019dan Van G\u00f6l\u00fc\u2019ne uzanan umut dolu, s\u0131cac\u0131k hik\u00e2yesini ak\u0131c\u0131 bir \u00fcslupla anlat\u0131yor. K\u00fc\u00e7\u00fck Hali\u00e7 vapurlar\u0131n\u0131n, nice mucizeyi ve efsaneyi bar\u0131nd\u0131ran e\u015fsiz Van G\u00f6l\u00fc co\u011frafyas\u0131ndaki yeni ya\u015fam\u0131n\u0131 resmediyor; k\u00fclt\u00fcrel de\u011ferlerimizin yeni ku\u015faklara aktar\u0131m\u0131n\u0131n, belle\u011fin ve vefan\u0131n \u00f6nemini her ya\u015ftan okura hat\u0131rlat\u0131yor. Hali\u00e7\u2019in sakin sular\u0131, \u0130stanbul\u2019un ne\u015feli vapurlar\u0131n\u0131n dostlu\u011fuyla hareketlidir. \u00d6zellikle de S\u00fctl\u00fcce ve Defterdar\u2019\u0131n\u2026 Engin denizlere, okyanuslara a\u00e7\u0131lma hayalleri kuran Defterdar, Hali\u00e7\u2019in k\u00fc\u00e7\u00fck karabal\u0131\u011f\u0131d\u0131r adeta. G\u00fcn\u00fcn birinde, Bo\u011fazi\u00e7i\u2019nde b\u00fcy\u00fck bir tehlike atlat\u0131nca hayat\u0131 tamamen de\u011fi\u015fir. \u00c7ok merak etti\u011fi engin sulara g\u00f6nderilece\u011fini \u00f6\u011frenir ve sevin\u00e7ten deliye d\u00f6ner. Ancak k\u00fc\u00e7\u00fck vapurlar\u0131n deniz diye g\u00f6nderildi\u011fi yer, sular\u0131nda efsaneler, hatta belki de bir canavar sakl\u0131 olan Van G\u00f6l\u00fc\u2019d\u00fcr\u2026 <\/p>\n","protected":false},"excerpt":{"rendered":"<p>Bir hayalin pe\u015finde Hali\u00e7\u2019ten Van G\u00f6l\u00fc\u2019ne&#8230; \u00c7ocuk edebiyat\u0131m\u0131z\u0131n \u00f6d\u00fcll\u00fc yazar\u0131 \u015eener \u015e\u00fckr\u00fc Yi\u011fitler, Hali\u00e7\u2019in k\u00fc\u00e7\u00fck vapurlar\u0131 Defterdar ve S\u00fctl\u00fcce\u2019nin ger\u00e7ek \u00f6yk\u00fcs\u00fcnden yola \u00e7\u0131karak yazd\u0131\u011f\u0131 roman\u0131yla G\u00fcn\u0131\u015f\u0131\u011f\u0131<span class=\"excerpt-hellip\"> [\u2026]<\/span><\/p>\n","protected":false},"featured_media":0,"template":"","meta":{"_monsterinsights_skip_tracking":false,"_monsterinsights_sitenote_active":false,"_monsterinsights_sitenote_note":"","_monsterinsights_sitenote_category":0},"product_brand":[],"product_cat":[12274,12631],"product_tag":[],"class_list":{"0":"post-727216","1":"product","2":"type-product","3":"status-publish","5":"product_cat-cocuk-ve-genclik-kitaplari","6":"product_cat-diger-cocuk-ve-genclik-kitaplari","7":"pa_cilt-ciltsiz","8":"pa_tur-kitap","9":"pa_yayinevi-gunisigi-kitapligi","10":"pa_yazar-sener-sukru-yigitler","12":"first","13":"instock","14":"sale","15":"shipping-taxable","16":"purchasable","17":"product-type-simple"},"_links":{"self":[{"href":"https:\/\/roveyayinevi.com.tr\/index.php\/wp-json\/wp\/v2\/product\/727216","targetHints":{"allow":["GET"]}}],"collection":[{"href":"https:\/\/roveyayinevi.com.tr\/index.php\/wp-json\/wp\/v2\/product"}],"about":[{"href":"https:\/\/roveyayinevi.com.tr\/index.php\/wp-json\/wp\/v2\/types\/product"}],"wp:attachment":[{"href":"https:\/\/roveyayinevi.com.tr\/index.php\/wp-json\/wp\/v2\/media?parent=727216"}],"wp:term":[{"taxonomy":"product_brand","embeddable":true,"href":"https:\/\/roveyayinevi.com.tr\/index.php\/wp-json\/wp\/v2\/product_brand?post=727216"},{"taxonomy":"product_cat","embeddable":true,"href":"https:\/\/roveyayinevi.com.tr\/index.php\/wp-json\/wp\/v2\/product_cat?post=727216"},{"taxonomy":"product_tag","embeddable":true,"href":"https:\/\/roveyayinevi.com.tr\/index.php\/wp-json\/wp\/v2\/product_tag?post=727216"}],"curies":[{"name":"wp","href":"https:\/\/api.w.org\/{rel}","templated":true}]}}