{"id":727215,"date":"2025-08-27T20:18:33","date_gmt":"2025-08-27T17:18:33","guid":{"rendered":"https:\/\/roveyayinevi.com.tr\/index.php\/urun\/ask-sen-kokuyor\/"},"modified":"2026-04-16T02:34:55","modified_gmt":"2026-04-15T23:34:55","slug":"ask-sen-kokuyor","status":"publish","type":"product","link":"https:\/\/roveyayinevi.com.tr\/index.php\/urun\/ask-sen-kokuyor\/","title":{"rendered":"A\u015fk Sen Kokuyor"},"content":{"rendered":"<p>Dejavu! K\u00f6t\u00fc bir senaryoda ba\u015frol bi\u00e7ilen iki ki\u015fi: Ak\u0131n ve Aylin! Yok olan hayatlar, y\u0131k\u0131lan hayaller ve vazge\u00e7ilen idealler&#8230; Bir kas\u0131rga gibi sahip olduklar\u0131 her \u015feyi yerle bir eden olaylar kar\u015f\u0131s\u0131nda ikisi de direnememi\u015fti. Ak\u0131n, t\u00fcm hayat\u0131n\u0131 geride b\u0131rak\u0131p giderken k\u0131rg\u0131n ve \u00f6fkeliydi. Ba\u015f\u0131na gelenler kolay hazmedilecek t\u00fcrden de\u011fildi, yine de sorumlusu olarak g\u00f6rd\u00fc\u011f\u00fc gen\u00e7 k\u0131z\u0131 di\u011ferleriyle birlikte Allah\u2019a havale etmi\u015fti. Aylin&#8230; T\u00fcm dallar\u0131 k\u0131r\u0131k ve ya\u015fama hen\u00fcz ba\u015flamadan bir s\u0131f\u0131r yenik! O, bu mizansende \u00f6l\u00fcmden de a\u011f\u0131r bir cezaya mahk\u00fbm edilmi\u015f, ailesini ve ait oldu\u011fu her \u015feyi kaybetmi\u015fti. \u015eimdi kader onlara daha da b\u00fcy\u00fck bir oyun haz\u0131rlam\u0131\u015ft\u0131. Y\u0131llar sonra tekrar ayn\u0131 rollere b\u00fcr\u00fcn\u00fcp kurban\u0131 m\u0131 oynayacaklar\u0131 yoksa finale el ele kazanan olarak m\u0131 y\u00fcr\u00fcyecekleri tek bir \u015feye ba\u011fl\u0131yd\u0131: kalplerine d\u00fc\u015fen sevginin g\u00fcc\u00fcne! Onlar\u0131n hik\u00e2yesi , \u201cTarih tekerr\u00fcrden ibarettir!\u201d s\u00f6z\u00fcn\u00fcn s\u0131nanmas\u0131yd\u0131. <\/p>\n","protected":false},"excerpt":{"rendered":"<p>Dejavu! K\u00f6t\u00fc bir senaryoda ba\u015frol bi\u00e7ilen iki ki\u015fi: Ak\u0131n ve Aylin! Yok olan hayatlar, y\u0131k\u0131lan hayaller ve vazge\u00e7ilen idealler&#8230; Bir kas\u0131rga gibi sahip olduklar\u0131 her \u015feyi<span class=\"excerpt-hellip\"> [\u2026]<\/span><\/p>\n","protected":false},"featured_media":0,"template":"","meta":{"_monsterinsights_skip_tracking":false,"_monsterinsights_sitenote_active":false,"_monsterinsights_sitenote_note":"","_monsterinsights_sitenote_category":0},"product_brand":[],"product_cat":[12291,50487],"product_tag":[],"class_list":{"0":"post-727215","1":"product","2":"type-product","3":"status-publish","5":"product_cat-edebiyat","6":"product_cat-kurgu","7":"pa_cilt-ciltsiz","8":"pa_tur-kitap","9":"pa_yayinevi-epsilon-yayinlari","10":"pa_yazar-mira-yelkenci","12":"first","13":"instock","14":"sale","15":"shipping-taxable","16":"purchasable","17":"product-type-simple"},"_links":{"self":[{"href":"https:\/\/roveyayinevi.com.tr\/index.php\/wp-json\/wp\/v2\/product\/727215","targetHints":{"allow":["GET"]}}],"collection":[{"href":"https:\/\/roveyayinevi.com.tr\/index.php\/wp-json\/wp\/v2\/product"}],"about":[{"href":"https:\/\/roveyayinevi.com.tr\/index.php\/wp-json\/wp\/v2\/types\/product"}],"wp:attachment":[{"href":"https:\/\/roveyayinevi.com.tr\/index.php\/wp-json\/wp\/v2\/media?parent=727215"}],"wp:term":[{"taxonomy":"product_brand","embeddable":true,"href":"https:\/\/roveyayinevi.com.tr\/index.php\/wp-json\/wp\/v2\/product_brand?post=727215"},{"taxonomy":"product_cat","embeddable":true,"href":"https:\/\/roveyayinevi.com.tr\/index.php\/wp-json\/wp\/v2\/product_cat?post=727215"},{"taxonomy":"product_tag","embeddable":true,"href":"https:\/\/roveyayinevi.com.tr\/index.php\/wp-json\/wp\/v2\/product_tag?post=727215"}],"curies":[{"name":"wp","href":"https:\/\/api.w.org\/{rel}","templated":true}]}}