{"id":727214,"date":"2025-08-27T20:18:32","date_gmt":"2025-08-27T17:18:32","guid":{"rendered":"https:\/\/roveyayinevi.com.tr\/index.php\/urun\/kayip-coraplar-nereye-gider\/"},"modified":"2026-04-16T02:34:55","modified_gmt":"2026-04-15T23:34:55","slug":"kayip-coraplar-nereye-gider","status":"publish","type":"product","link":"https:\/\/roveyayinevi.com.tr\/index.php\/urun\/kayip-coraplar-nereye-gider\/","title":{"rendered":"Kay\u0131p \u00c7oraplar Nereye Gider?"},"content":{"rendered":"<p>\u00c7ama\u015f\u0131r makinesinden \u00e7orab\u0131n\u0131z\u0131n teki \u00e7\u0131kmad\u0131\u011f\u0131nda \u015fa\u015f\u0131rd\u0131\u011f\u0131n\u0131z\u0131 biliyoruz. Peki o kay\u0131p \u00e7orap nereye gidiyor dersiniz? Bu gizemi beraber \u00e7\u00f6zmek ister misiniz?   Nihan Yatman\u2019\u0131n yazd\u0131\u011f\u0131 \u00fc\u00e7\u00fcnc\u00fc kitab\u0131n kahramanlar\u0131 Bidon ve \u00c7orap, Ba\u015fak Karafaki\u2019nin \u00e7izimleriyle renklendi ve bu e\u011flenceli \u00f6yk\u00fcde sizinle tan\u0131\u015fmay\u0131 bekliyorlar. <\/p>\n","protected":false},"excerpt":{"rendered":"<p>\u00c7ama\u015f\u0131r makinesinden \u00e7orab\u0131n\u0131z\u0131n teki \u00e7\u0131kmad\u0131\u011f\u0131nda \u015fa\u015f\u0131rd\u0131\u011f\u0131n\u0131z\u0131 biliyoruz. Peki o kay\u0131p \u00e7orap nereye gidiyor dersiniz? Bu gizemi beraber \u00e7\u00f6zmek ister misiniz? Nihan Yatman\u2019\u0131n yazd\u0131\u011f\u0131 \u00fc\u00e7\u00fcnc\u00fc kitab\u0131n kahramanlar\u0131<span class=\"excerpt-hellip\"> [\u2026]<\/span><\/p>\n","protected":false},"featured_media":0,"template":"","meta":{"_monsterinsights_skip_tracking":false,"_monsterinsights_sitenote_active":false,"_monsterinsights_sitenote_note":"","_monsterinsights_sitenote_category":0},"product_brand":[],"product_cat":[12274,12518],"product_tag":[],"class_list":{"0":"post-727214","1":"product","2":"type-product","3":"status-publish","5":"product_cat-cocuk-ve-genclik-kitaplari","6":"product_cat-okul-oncesi-kitaplar","7":"pa_cilt-ciltsiz","8":"pa_tur-kitap","9":"pa_yayinevi-potikare-yayincilik","10":"pa_yazar-nihan-yatman","12":"first","13":"instock","14":"sale","15":"shipping-taxable","16":"purchasable","17":"product-type-simple"},"_links":{"self":[{"href":"https:\/\/roveyayinevi.com.tr\/index.php\/wp-json\/wp\/v2\/product\/727214","targetHints":{"allow":["GET"]}}],"collection":[{"href":"https:\/\/roveyayinevi.com.tr\/index.php\/wp-json\/wp\/v2\/product"}],"about":[{"href":"https:\/\/roveyayinevi.com.tr\/index.php\/wp-json\/wp\/v2\/types\/product"}],"wp:attachment":[{"href":"https:\/\/roveyayinevi.com.tr\/index.php\/wp-json\/wp\/v2\/media?parent=727214"}],"wp:term":[{"taxonomy":"product_brand","embeddable":true,"href":"https:\/\/roveyayinevi.com.tr\/index.php\/wp-json\/wp\/v2\/product_brand?post=727214"},{"taxonomy":"product_cat","embeddable":true,"href":"https:\/\/roveyayinevi.com.tr\/index.php\/wp-json\/wp\/v2\/product_cat?post=727214"},{"taxonomy":"product_tag","embeddable":true,"href":"https:\/\/roveyayinevi.com.tr\/index.php\/wp-json\/wp\/v2\/product_tag?post=727214"}],"curies":[{"name":"wp","href":"https:\/\/api.w.org\/{rel}","templated":true}]}}